{"id":1138,"date":"2025-03-17T14:59:46","date_gmt":"2025-03-17T17:59:46","guid":{"rendered":"https:\/\/pos-graduacao.uepb.edu.br\/ppgcf\/?page_id=1138"},"modified":"2025-03-24T16:59:40","modified_gmt":"2025-03-24T19:59:40","slug":"projetos-de-pesquisa-2","status":"publish","type":"page","link":"https:\/\/pos-graduacao.uepb.edu.br\/ppgcf\/projetos-de-pesquisa-2\/","title":{"rendered":"Projetos de Pesquisa"},"content":{"rendered":"<p><strong>O Programa de P\u00f3s-Gradua\u00e7\u00e3o em Ci\u00eancias Farmac\u00eauticas (PPGCF)<\/strong>\u00a0da\u00a0<strong>Universidade Estadual da Para\u00edba (UEPB)<\/strong>\u00a0desenvolve uma variedade de projetos de pesquisa alinhados \u00e0s suas duas principais linhas de investiga\u00e7\u00e3o:<\/p>\n<ol>\n<li><strong>Desenvolvimento e Controle da Qualidade de Produtos Farmac\u00eauticos<\/strong><\/li>\n<li><strong>Obten\u00e7\u00e3o e Avalia\u00e7\u00e3o da Atividade Biol\u00f3gica de Produtos Naturais, Sint\u00e9ticos e Biotecnol\u00f3gicos de Interesse Farmac\u00eautico<\/strong><\/li>\n<\/ol>\n<p>A seguir, apresentamos os projetos em andamento, categorizados conforme suas respectivas linhas de pesquisa:<\/p>\n<hr \/>\n<h2>Linha de Pesquisa 1: Desenvolvimento e Controle da Qualidade de Produtos Farmac\u00eauticos<\/h2>\n<p>Esta linha de pesquisa concentra-se no desenvolvimento de novas formula\u00e7\u00f5es, aprimoramento de processos produtivos e garantia da qualidade de produtos farmac\u00eauticos. Atualmente, 18 projetos est\u00e3o em andamento, dos quais 12 contam com financiamento de \u00f3rg\u00e3os de fomento:<\/p>\n<ol>\n<li><strong>Fortalecimento da pesquisa, do empreendedorismo e da inova\u00e7\u00e3o na UEPB<\/strong>\n<ul>\n<li><strong>Descri\u00e7\u00e3o:<\/strong>\u00a0A ser preenchida.<\/li>\n<li><strong>Coordenador:<\/strong>\u00a0Prof. Bol\u00edvar Ponciano<\/li>\n<li><strong>Financiamento:<\/strong>\u00a0CNPq (CHAMADA N\u00ba 009\/2024 &#8211; MAI-DAI)<\/li>\n<li><strong>Valor:<\/strong>\u00a0R$ R$ 235.200,00<\/li>\n<\/ul>\n<\/li>\n<li><strong>Desenvolvimento de curativos polim\u00e9ricos com insumos da caatinga e bioma marinho<\/strong>\n<ul>\n<li><strong>Descri\u00e7\u00e3o:<\/strong>\u00a0A ser preenchida.<\/li>\n<li><strong>Coordenador:<\/strong>\u00a0Prof. Bol\u00edvar Ponciano<\/li>\n<li><strong>Financiamento:<\/strong>\u00a0Minist\u00e9rio da Sa\u00fade (Chamada iCEIS \u2013 01\/2024)<\/li>\n<li><strong>Valor:<\/strong>\u00a0R$ R$ 45.000,00<\/li>\n<\/ul>\n<\/li>\n<li><strong>Chocolate medicamentoso para f\u00e1rmacos pedi\u00e1tricos<\/strong>\n<ul>\n<li><strong>Descri\u00e7\u00e3o:<\/strong>\u00a0A ser preenchida.<\/li>\n<li><strong>Coordenador:<\/strong>\u00a0Prof. Felipe Hugo<\/li>\n<li><strong>Financiamento:<\/strong>\u00a0\u2014<\/li>\n<li><strong>Valor:<\/strong>\u00a0R$ \u2014<\/li>\n<\/ul>\n<\/li>\n<li><strong>Comprimido vaginal mucoadesivo antif\u00fangico<\/strong>\n<ul>\n<li><strong>Descri\u00e7\u00e3o:<\/strong>\u00a0A ser preenchida.<\/li>\n<li><strong>Coordenador:<\/strong>\u00a0Profa. Ana Cl\u00e1udia<\/li>\n<li><strong>Financiamento:<\/strong>\u00a0PROPESP-UEPB<\/li>\n<li><strong>Valor:<\/strong>\u00a0R$ R$ 10.000,00<\/li>\n<\/ul>\n<\/li>\n<li><strong>Filmes polim\u00e9ricos com Zanthoxylum rhoifolium<\/strong>\n<ul>\n<li><strong>Descri\u00e7\u00e3o:<\/strong>\u00a0A ser preenchida.<\/li>\n<li><strong>Coordenador:<\/strong>\u00a0Prof. Bol\u00edvar Ponciano<\/li>\n<li><strong>Financiamento:<\/strong>\u00a0FAPESQ-PB (Edital 19\/2022)<\/li>\n<li><strong>Valor:<\/strong>\u00a0R$ R$ 45.000,00<\/li>\n<\/ul>\n<\/li>\n<li><strong>Formas farmac\u00eauticas com N-acilidraz\u00f4nico<\/strong>\n<ul>\n<li><strong>Descri\u00e7\u00e3o:<\/strong>\u00a0A ser preenchida.<\/li>\n<li><strong>Coordenador:<\/strong>\u00a0Profs. Elquio, Ricardo Moura, Germano Ver\u00e1s<\/li>\n<li><strong>Financiamento:<\/strong>\u00a0FAPESQ-PB (Edital 09\/2021)<\/li>\n<li><strong>Valor:<\/strong>\u00a0R$ R$ 68.000,00<\/li>\n<\/ul>\n<\/li>\n<li><strong>Produtos nanotecnol\u00f3gicos com biomateriais do NE<\/strong>\n<ul>\n<li><strong>Descri\u00e7\u00e3o:<\/strong>\u00a0A ser preenchida.<\/li>\n<li><strong>Coordenador:<\/strong>\u00a0Prof. Elquio Eleamen<\/li>\n<li><strong>Financiamento:<\/strong>\u00a0\u2014<\/li>\n<li><strong>Valor:<\/strong>\u00a0R$ \u2014<\/li>\n<\/ul>\n<\/li>\n<li><strong>Revestimento com nanopart\u00edculas de quitosana<\/strong>\n<ul>\n<li><strong>Descri\u00e7\u00e3o:<\/strong>\u00a0A ser preenchida.<\/li>\n<li><strong>Coordenador:<\/strong>\u00a0Prof. Jo\u00e3o Oshiro<\/li>\n<li><strong>Financiamento:<\/strong>\u00a0FAPESQ-PB (Edital 010\/2021)<\/li>\n<li><strong>Valor:<\/strong> R$ R$ 60.000,00<\/li>\n<\/ul>\n<\/li>\n<li><strong>Filmes com celulose da palma forrageira<\/strong>\n<ul>\n<li><strong>Descri\u00e7\u00e3o:<\/strong>\u00a0A ser preenchida.<\/li>\n<li><strong>Coordenador:<\/strong>\u00a0Prof. Bol\u00edvar<\/li>\n<li><strong>Financiamento:<\/strong>\u00a0PROPESP-UEPB<\/li>\n<li><strong>Valor:<\/strong>\u00a0R$ R$ 10.000,00<\/li>\n<\/ul>\n<\/li>\n<li><strong>Implanta\u00e7\u00e3o de Laborat\u00f3rio de Nanotecnologia<\/strong>\n<ul>\n<li><strong>Descri\u00e7\u00e3o:<\/strong>\u00a0A ser preenchida.<\/li>\n<li><strong>Coordenador:<\/strong>\u00a0Prof. Elquio<\/li>\n<li><strong>Financiamento:<\/strong>\u00a0FAPESQ-PB (Edital 19\/2022)<\/li>\n<li><strong>Valor:<\/strong>\u00a0R$ R$ 100.000,00<\/li>\n<\/ul>\n<\/li>\n<li><strong>Nanopart\u00edculas lip\u00eddicas para c\u00e2ncer de mama<\/strong>\n<ul>\n<li><strong>Descri\u00e7\u00e3o:<\/strong>\u00a0A ser preenchida.<\/li>\n<li><strong>Coordenador:<\/strong>\u00a0Prof. Jo\u00e3o Oshiro<\/li>\n<li><strong>Financiamento:<\/strong>\u00a0\u2014<\/li>\n<li><strong>Valor:<\/strong>\u00a0R$ \u2014<\/li>\n<\/ul>\n<\/li>\n<li><strong>Revestimento antimicrobiano com nanopart\u00edculas<\/strong>\n<ul>\n<li><strong>Descri\u00e7\u00e3o:<\/strong>\u00a0A ser preenchida.<\/li>\n<li><strong>Coordenador:<\/strong>\u00a0Prof. Jo\u00e3o Oshiro<\/li>\n<li><strong>Financiamento:<\/strong>\u00a0CNPq (Processo 302255\/2023-0)<\/li>\n<li><strong>Valor:<\/strong> R$ 36.000,00<\/li>\n<\/ul>\n<\/li>\n<li><strong>Anel vaginal micelar (Centelha II)<\/strong>\n<ul>\n<li><strong>Descri\u00e7\u00e3o:<\/strong>\u00a0A ser preenchida.<\/li>\n<li><strong>Coordenador:<\/strong>\u00a0Prof. Jo\u00e3o Oshiro<\/li>\n<li><strong>Financiamento:<\/strong>\u00a0MCTI\/FINEP\/FAPESQ-PB<\/li>\n<li><strong>Valor:<\/strong>\u00a0R$ R$ 60.000,00<\/li>\n<\/ul>\n<\/li>\n<li><strong>Bentonita como excipiente farmac\u00eautico<\/strong>\n<ul>\n<li><strong>Descri\u00e7\u00e3o:<\/strong>\u00a0A ser preenchida.<\/li>\n<li><strong>Coordenador:<\/strong>\u00a0Profa. Dayanne Tomaz<\/li>\n<li><strong>Financiamento:<\/strong>\u00a0MCTI\/FINEP\/FAPESQ-PB<\/li>\n<li><strong>Valor:<\/strong>\u00a0R$ R$ 60.000,00<\/li>\n<\/ul>\n<\/li>\n<li><strong>Revestimento multifuncional com quitosana<\/strong>\n<ul>\n<li><strong>Descri\u00e7\u00e3o:<\/strong>\u00a0A ser preenchida.<\/li>\n<li><strong>Coordenador:<\/strong>\u00a0Prof. Jo\u00e3o Oshiro<\/li>\n<li><strong>Financiamento:<\/strong>\u00a0FAPESQ-PB (Edital 010\/2021)<\/li>\n<li><strong>Valor:<\/strong>\u00a0R$ R$ 40.000,00<\/li>\n<\/ul>\n<\/li>\n<li><strong>Revestimento antimicrobiano com apoio SECTIES<\/strong>\n<ul>\n<li><strong>Descri\u00e7\u00e3o:<\/strong>\u00a0A ser preenchida.<\/li>\n<li><strong>Coordenador:<\/strong>\u00a0Prof. Jo\u00e3o Oshiro<\/li>\n<li><strong>Financiamento:<\/strong>\u00a0SECTIES\/Governo PB<\/li>\n<li><strong>Valor:<\/strong>\u00a0R$ R$ 416.787,19<\/li>\n<\/ul>\n<\/li>\n<li><strong>Modelos alternativos para fotoprote\u00e7\u00e3o UV<\/strong>\n<ul>\n<li><strong>Descri\u00e7\u00e3o:<\/strong>\u00a0A ser preenchida.<\/li>\n<li><strong>Coordenador:<\/strong>\u00a0Prof. Rodrigo Molina<\/li>\n<li><strong>Financiamento:<\/strong>\u00a0\u2014<\/li>\n<li><strong>Valor:<\/strong>\u00a0R$ \u2014<\/li>\n<\/ul>\n<\/li>\n<li><strong>Mel de abelhas com antimicrobianos<\/strong>\n<ul>\n<li><strong>Descri\u00e7\u00e3o:<\/strong>\u00a0A ser preenchida.<\/li>\n<li><strong>Coordenador:<\/strong>\u00a0Prof. Felipe Hugo<\/li>\n<li><strong>Financiamento:<\/strong>\u00a0\u2014<\/li>\n<li><strong>Valor:<\/strong>\u00a0R$ \u2014<\/li>\n<\/ul>\n<\/li>\n<\/ol>\n<hr \/>\n<h2>Linha de Pesquisa 2: Obten\u00e7\u00e3o e Avalia\u00e7\u00e3o da Atividade Biol\u00f3gica de Produtos Naturais, Sint\u00e9ticos e Biotecnol\u00f3gicos de Interesse Farmac\u00eautico<\/h2>\n<p>Esta linha concentra-se na pesquisa de mol\u00e9culas bioativas de origem natural, sint\u00e9tica ou biotecnol\u00f3gica, com foco na triagem, caracteriza\u00e7\u00e3o e valida\u00e7\u00e3o de sua atividade biol\u00f3gica. Atualmente, 15 projetos est\u00e3o em andamento, dos quais 10 s\u00e3o financiados por ag\u00eancias de fomento.<\/p>\n<ol>\n<li><strong>Amplia\u00e7\u00e3o do CM-ACQuimBio<\/strong>\n<ul>\n<li><strong>Descri\u00e7\u00e3o:<\/strong>\u00a0A ser preenchida.<\/li>\n<li><strong>Coordenador:<\/strong>\u00a0Profs. Ricardo Ol\u00edmpio e Elquio<\/li>\n<li><strong>Financiamento:<\/strong>\u00a0MCTI\/FINEP\/FNDCT\/CT-INFRA-21<\/li>\n<li><strong>Valor:<\/strong>\u00a0R$ R$ 2.627.615,10<\/li>\n<\/ul>\n<\/li>\n<li><strong>Atividade antimicrobiana de \u00f3leos da Caatinga<\/strong>\n<ul>\n<li><strong>Descri\u00e7\u00e3o:<\/strong>\u00a0A ser preenchida.<\/li>\n<li><strong>Coordenador:<\/strong>\u00a0Prof. Harley Alves<\/li>\n<li><strong>Financiamento:<\/strong>\u00a0\u2014<\/li>\n<li><strong>Valor:<\/strong>\u00a0R$ \u2014<\/li>\n<\/ul>\n<\/li>\n<li><strong>Centro Integrado Multiusu\u00e1rio de Pesquisa<\/strong>\n<ul>\n<li><strong>Descri\u00e7\u00e3o:<\/strong>\u00a0A ser preenchida.<\/li>\n<li><strong>Coordenador:<\/strong>\u00a0Profa. Fl\u00e1via Carolina<\/li>\n<li><strong>Financiamento:<\/strong>\u00a0FAPESQ\/PB (Edital 004\/2018)<\/li>\n<li><strong>Valor:<\/strong>\u00a0R$ R$ 250.000,00<\/li>\n<\/ul>\n<\/li>\n<li><strong>Smoothies probi\u00f3ticos com umbu, hortel\u00e3 e coco<\/strong>\n<ul>\n<li><strong>Descri\u00e7\u00e3o:<\/strong>\u00a0A ser preenchida.<\/li>\n<li><strong>Coordenador:<\/strong>\u00a0Profa. Eliane Rolim<\/li>\n<li><strong>Financiamento:<\/strong>\u00a0\u2014<\/li>\n<li><strong>Valor:<\/strong>\u00a0R$ \u2014<\/li>\n<\/ul>\n<\/li>\n<li><strong>Atividade ansiol\u00edtica com Erythrina velutina<\/strong>\n<ul>\n<li><strong>Descri\u00e7\u00e3o:<\/strong>\u00a0A ser preenchida.<\/li>\n<li><strong>Coordenador:<\/strong>\u00a0Profa. Vanda L\u00facia<\/li>\n<li><strong>Financiamento:<\/strong>\u00a0\u2014<\/li>\n<li><strong>Valor:<\/strong>\u00a0R$ \u2014<\/li>\n<\/ul>\n<\/li>\n<li><strong>Atividade anti-inflamat\u00f3ria do composto JR04<\/strong>\n<ul>\n<li><strong>Descri\u00e7\u00e3o:<\/strong>\u00a0A ser preenchida.<\/li>\n<li><strong>Coordenador:<\/strong>\u00a0Profa. Vanda L\u00facia<\/li>\n<li><strong>Financiamento:<\/strong>\u00a0\u2014<\/li>\n<li><strong>Valor:<\/strong>\u00a0R$ \u2014<\/li>\n<\/ul>\n<\/li>\n<li><strong>Estudo de Apodanthera congestiflora<\/strong>\n<ul>\n<li><strong>Descri\u00e7\u00e3o:<\/strong>\u00a0A ser preenchida.<\/li>\n<li><strong>Coordenador:<\/strong>\u00a0Prof. Harley Alves<\/li>\n<li><strong>Financiamento:<\/strong>\u00a0FAPESQ\/PB (Edital 005\/2018)<\/li>\n<li><strong>Valor:<\/strong>\u00a0R$ R$ 40.000,00<\/li>\n<\/ul>\n<\/li>\n<li><strong>Estudo de \u00e1cidos anac\u00e1rdicos de S. mombin<\/strong>\n<ul>\n<li><strong>Descri\u00e7\u00e3o:<\/strong>\u00a0A ser preenchida.<\/li>\n<li><strong>Coordenador:<\/strong>\u00a0Prof. Harley Alves<\/li>\n<li><strong>Financiamento:<\/strong>\u00a0FAPESQ-PB<\/li>\n<li><strong>Valor:<\/strong>\u00a0R$ R$ 2.100,00<\/li>\n<\/ul>\n<\/li>\n<li><strong>Ingredientes bioativos de alimentos<\/strong>\n<ul>\n<li><strong>Descri\u00e7\u00e3o:<\/strong>\u00a0A ser preenchida.<\/li>\n<li><strong>Coordenador:<\/strong>\u00a0Profa. Fl\u00e1via Carolina e Karina M. O. dos Santos<\/li>\n<li><strong>Financiamento:<\/strong>\u00a0EMBRAPA<\/li>\n<li><strong>Valor:<\/strong>\u00a0R$ \u2014<\/li>\n<\/ul>\n<\/li>\n<li><strong>Planejamento de derivados farmacol\u00f3gicos<\/strong>\n<ul>\n<li><strong>Descri\u00e7\u00e3o:<\/strong>\u00a0A ser preenchida.<\/li>\n<li><strong>Coordenador:<\/strong>\u00a0Prof. Ricardo Ol\u00edmpio<\/li>\n<li><strong>Financiamento:<\/strong>\u00a0CNPq (Chamada 09\/2023)<\/li>\n<li><strong>Valor:<\/strong>\u00a0R$ \u2014<\/li>\n<\/ul>\n<\/li>\n<li><strong>Scaffolds para inflama\u00e7\u00e3o e asma<\/strong>\n<ul>\n<li><strong>Descri\u00e7\u00e3o:<\/strong>\u00a0A ser preenchida.<\/li>\n<li><strong>Coordenador:<\/strong>\u00a0Prof. Ricardo Ol\u00edmpio<\/li>\n<li><strong>Financiamento:<\/strong>\u00a0CNPq\/FNDCT (Chamada 18\/2021)<\/li>\n<li><strong>Valor:<\/strong>\u00a0R$ R$ 79.800,00<\/li>\n<\/ul>\n<\/li>\n<li><strong>Produtos farmac\u00eauticos e aliment\u00edcios do semi\u00e1rido<\/strong>\n<ul>\n<li><strong>Descri\u00e7\u00e3o:<\/strong>\u00a0A ser preenchida.<\/li>\n<li><strong>Coordenador:<\/strong>\u00a0Prof. Harley Alves<\/li>\n<li><strong>Financiamento:<\/strong>\u00a0FAPESQ-PB\/CAPES<\/li>\n<li><strong>Valor:<\/strong>\u00a0R$ R$ 98.000,00<\/li>\n<\/ul>\n<\/li>\n<li><strong>PRAPG \u2013 Redu\u00e7\u00e3o de assimetrias na p\u00f3s-gradua\u00e7\u00e3o<\/strong>\n<ul>\n<li><strong>Descri\u00e7\u00e3o:<\/strong>\u00a0A ser preenchida.<\/li>\n<li><strong>Coordenador:<\/strong>\u00a0Prof. Harley Alves<\/li>\n<li><strong>Financiamento:<\/strong>\u00a0CAPES<\/li>\n<li><strong>Valor:<\/strong>\u00a0R$ R$ 80.000,00<\/li>\n<\/ul>\n<\/li>\n<li><strong>INCT \u2013 Rennofito<\/strong>\n<ul>\n<li><strong>Descri\u00e7\u00e3o:<\/strong>\u00a0A ser preenchida.<\/li>\n<li><strong>Coordenador:<\/strong>\u00a0Prof. Marcelo Sobral (UFPB)<\/li>\n<li><strong>Financiamento:<\/strong>\u00a0INCT-MCTIC\/CNPq\/FAPESQ-PB<\/li>\n<li><strong>Valor:<\/strong>\u00a0R$ R$ 7.000.000,00<\/li>\n<\/ul>\n<\/li>\n<li><strong>PROEXT-PG<\/strong>\n<ul>\n<li><strong>Descri\u00e7\u00e3o:<\/strong>\u00a0A ser preenchida.<\/li>\n<li><strong>Coordenador:<\/strong>\u00a0Profs. Harley Alves e Ricardo Moura<\/li>\n<li><strong>Financiamento:<\/strong>\u00a0CAPES<\/li>\n<\/ul>\n<\/li>\n<\/ol>\n","protected":false},"excerpt":{"rendered":"<p>O Programa de P\u00f3s-Gradua\u00e7\u00e3o em Ci\u00eancias Farmac\u00eauticas (PPGCF)\u00a0da\u00a0Universidade Estadual da Para\u00edba (UEPB)\u00a0desenvolve uma variedade de projetos de pesquisa alinhados \u00e0s suas duas principais linhas de investiga\u00e7\u00e3o: Desenvolvimento e Controle da Qualidade de Produtos Farmac\u00eauticos Obten\u00e7\u00e3o e Avalia\u00e7\u00e3o da Atividade Biol\u00f3gica de Produtos Naturais, Sint\u00e9ticos e Biotecnol\u00f3gicos de Interesse Farmac\u00eautico A seguir, apresentamos os projetos em <a class=\"leiamais\" href=\"https:\/\/pos-graduacao.uepb.edu.br\/ppgcf\/projetos-de-pesquisa-2\/\">Leia Mais&#8230;<\/a><\/p>\n","protected":false},"author":51,"featured_media":0,"parent":0,"menu_order":0,"comment_status":"closed","ping_status":"closed","template":"","meta":{"footnotes":""},"class_list":["post-1138","page","type-page","status-publish","hentry"],"_links":{"self":[{"href":"https:\/\/pos-graduacao.uepb.edu.br\/ppgcf\/wp-json\/wp\/v2\/pages\/1138","targetHints":{"allow":["GET"]}}],"collection":[{"href":"https:\/\/pos-graduacao.uepb.edu.br\/ppgcf\/wp-json\/wp\/v2\/pages"}],"about":[{"href":"https:\/\/pos-graduacao.uepb.edu.br\/ppgcf\/wp-json\/wp\/v2\/types\/page"}],"author":[{"embeddable":true,"href":"https:\/\/pos-graduacao.uepb.edu.br\/ppgcf\/wp-json\/wp\/v2\/users\/51"}],"replies":[{"embeddable":true,"href":"https:\/\/pos-graduacao.uepb.edu.br\/ppgcf\/wp-json\/wp\/v2\/comments?post=1138"}],"version-history":[{"count":10,"href":"https:\/\/pos-graduacao.uepb.edu.br\/ppgcf\/wp-json\/wp\/v2\/pages\/1138\/revisions"}],"predecessor-version":[{"id":1308,"href":"https:\/\/pos-graduacao.uepb.edu.br\/ppgcf\/wp-json\/wp\/v2\/pages\/1138\/revisions\/1308"}],"wp:attachment":[{"href":"https:\/\/pos-graduacao.uepb.edu.br\/ppgcf\/wp-json\/wp\/v2\/media?parent=1138"}],"curies":[{"name":"wp","href":"https:\/\/api.w.org\/{rel}","templated":true}]}}