{"id":1124,"date":"2025-03-17T14:36:50","date_gmt":"2025-03-17T17:36:50","guid":{"rendered":"https:\/\/pos-graduacao.uepb.edu.br\/ppgcf\/?page_id=1124"},"modified":"2025-03-18T15:07:37","modified_gmt":"2025-03-18T18:07:37","slug":"objetivos","status":"publish","type":"page","link":"https:\/\/pos-graduacao.uepb.edu.br\/ppgcf\/objetivos\/","title":{"rendered":"Objetivos"},"content":{"rendered":"<div class=\"wpb-content-wrapper\"><p>[vc_section][vc_row][vc_column width=&#8221;1\/2&#8243;][vc_text_separator title=&#8221;Objetivos da Linha 01&#8243; css=&#8221;&#8221;][vc_column_text css=&#8221;&#8221;]Desenvolver novas formula\u00e7\u00f5es farmac\u00eauticas constitu\u00eddas por produtos naturais, compostos sint\u00e9ticos ou biotecnol\u00f3gicos ou mesmo melhorar a estabilidade, biodisponibilidade e efic\u00e1cia terap\u00eautica de f\u00e1rmacos j\u00e1 disponibilizados no mercado; adotar t\u00e9cnicas de controle de qualidade para garantir a seguran\u00e7a, efic\u00e1cia e reprodutibilidade de medicamentos, conforme normas regulat\u00f3rias; investigar novas tecnologias de libera\u00e7\u00e3o de f\u00e1rmacos, como sistemas nanoestruturados, lipossomas, micropart\u00edculas e hidrog\u00e9is, visando maior efic\u00e1cia terap\u00eautica; estudar intera\u00e7\u00f5es entre f\u00e1rmacos e excipientes, visando otimizar formula\u00e7\u00f5es e evitar incompatibilidades; avaliar a estabilidade f\u00edsico-qu\u00edmica de medicamentos e desenvolver estrat\u00e9gias para aumentar sua vida \u00fatil; atender a exig\u00eancias regulat\u00f3rias e normativas, colaborando com \u00f3rg\u00e3os reguladores na melhoria de padr\u00f5es de qualidade; e aplicar ferramentas de quimiometria para o planejamento e a otimiza\u00e7\u00e3o das condi\u00e7\u00f5es experimentais de trabalho.[\/vc_column_text][\/vc_column][vc_column width=&#8221;1\/2&#8243;][vc_text_separator title=&#8221;Objetivos da Linha 02&#8243; css=&#8221;&#8221;][vc_column_text css=&#8221;&#8221;]Desenvolver e otimizar m\u00e9todos de extra\u00e7\u00e3o e purifica\u00e7\u00e3o para a obten\u00e7\u00e3o de metab\u00f3litos secund\u00e1rios; isolar e caracterizar compostos bioativos de fontes naturais, como plantas, microrganismos e organismos marinhos, visando novas alternativas terap\u00eauticas; sintetizar e caracterizar a estrutura molecular de novos compostos qu\u00edmicos; identificar e sintetizar an\u00e1logos estruturais de compostos naturais\/sint\u00e9ticos para melhorar sua atividade, estabilidade ou biodisponibilidade; avaliar a atividade biol\u00f3gica de compostos naturais, sint\u00e9ticos e biotecnol\u00f3gicos, incluindo testes antimicrobianos, anti-inflamat\u00f3rios, anticancer\u00edgenos, antioxidantes, entre outros; investigar os mecanismos de a\u00e7\u00e3o de subst\u00e2ncias bioativas, empregando t\u00e9cnicas moleculares, bioqu\u00edmicas e farmacol\u00f3gicas; estabelecer a rela\u00e7\u00e3o estrutura-atividade (SAR) para entender os determinantes estruturais da bioatividade e orientar o design de novos f\u00e1rmacos; desenvolver ensaios in vitro e in vivo para a triagem e valida\u00e7\u00e3o da atividade farmacol\u00f3gica de novos compostos; avaliar a toxicidade e seguran\u00e7a de novos compostos para garantir seu potencial de desenvolvimento como f\u00e1rmacos; explorar abordagens biotecnol\u00f3gicas para a produ\u00e7\u00e3o de metab\u00f3litos de interesse, de produtos aliment\u00edcios ou nutrac\u00eauticos; integrar abordagens de Qu\u00edmica Computacional e Modelagem Molecular para a predi\u00e7\u00e3o da bioatividade de compostos.[\/vc_column_text][\/vc_column][\/vc_row][\/vc_section]<\/p>\n<\/div>","protected":false},"excerpt":{"rendered":"<p>[vc_section][vc_row][vc_column width=&#8221;1\/2&#8243;][vc_text_separator title=&#8221;Objetivos da Linha 01&#8243; css=&#8221;&#8221;][vc_column_text css=&#8221;&#8221;]Desenvolver novas formula\u00e7\u00f5es farmac\u00eauticas constitu\u00eddas por produtos naturais, compostos sint\u00e9ticos ou biotecnol\u00f3gicos ou mesmo melhorar a estabilidade, biodisponibilidade e efic\u00e1cia terap\u00eautica de f\u00e1rmacos j\u00e1 disponibilizados no mercado; adotar t\u00e9cnicas de controle de qualidade para garantir a seguran\u00e7a, efic\u00e1cia e reprodutibilidade de medicamentos, conforme normas regulat\u00f3rias; investigar novas tecnologias <a class=\"leiamais\" href=\"https:\/\/pos-graduacao.uepb.edu.br\/ppgcf\/objetivos\/\">Leia Mais&#8230;<\/a><\/p>\n","protected":false},"author":51,"featured_media":0,"parent":0,"menu_order":0,"comment_status":"closed","ping_status":"closed","template":"","meta":{"footnotes":""},"class_list":["post-1124","page","type-page","status-publish","hentry"],"_links":{"self":[{"href":"https:\/\/pos-graduacao.uepb.edu.br\/ppgcf\/wp-json\/wp\/v2\/pages\/1124","targetHints":{"allow":["GET"]}}],"collection":[{"href":"https:\/\/pos-graduacao.uepb.edu.br\/ppgcf\/wp-json\/wp\/v2\/pages"}],"about":[{"href":"https:\/\/pos-graduacao.uepb.edu.br\/ppgcf\/wp-json\/wp\/v2\/types\/page"}],"author":[{"embeddable":true,"href":"https:\/\/pos-graduacao.uepb.edu.br\/ppgcf\/wp-json\/wp\/v2\/users\/51"}],"replies":[{"embeddable":true,"href":"https:\/\/pos-graduacao.uepb.edu.br\/ppgcf\/wp-json\/wp\/v2\/comments?post=1124"}],"version-history":[{"count":3,"href":"https:\/\/pos-graduacao.uepb.edu.br\/ppgcf\/wp-json\/wp\/v2\/pages\/1124\/revisions"}],"predecessor-version":[{"id":1161,"href":"https:\/\/pos-graduacao.uepb.edu.br\/ppgcf\/wp-json\/wp\/v2\/pages\/1124\/revisions\/1161"}],"wp:attachment":[{"href":"https:\/\/pos-graduacao.uepb.edu.br\/ppgcf\/wp-json\/wp\/v2\/media?parent=1124"}],"curies":[{"name":"wp","href":"https:\/\/api.w.org\/{rel}","templated":true}]}}