{"id":1115,"date":"2025-03-17T14:24:39","date_gmt":"2025-03-17T17:24:39","guid":{"rendered":"https:\/\/pos-graduacao.uepb.edu.br\/ppgcf\/?page_id=1115"},"modified":"2025-03-17T15:33:55","modified_gmt":"2025-03-17T18:33:55","slug":"prazos","status":"publish","type":"page","link":"https:\/\/pos-graduacao.uepb.edu.br\/ppgcf\/prazos\/","title":{"rendered":"Requisitos para conclus\u00e3o"},"content":{"rendered":"<div class=\"wpb-content-wrapper\"><p>[vc_row][vc_column][vc_column_text css=&#8221;&#8221;]<\/p>\n<h6 data-start=\"70\" data-end=\"206\">Para a conclus\u00e3o do <strong data-start=\"90\" data-end=\"141\">Mestrado em Ci\u00eancias Farmac\u00eauticas (PPGCF\/UEPB)<\/strong>, o discente deve atender aos seguintes crit\u00e9rios obrigat\u00f3rios:<\/h6>\n<h4 data-start=\"208\" data-end=\"240\"><strong data-start=\"213\" data-end=\"238\">1. Prazo de Conclus\u00e3o<\/strong><\/h4>\n<ul data-start=\"241\" data-end=\"410\">\n<li data-start=\"241\" data-end=\"291\">\n<h6>O curso possui dura\u00e7\u00e3o m\u00e1xima de <strong data-start=\"276\" data-end=\"288\">24 meses<\/strong>.<\/h6>\n<\/li>\n<li data-start=\"292\" data-end=\"410\">\n<h6>Em casos excepcionais, poder\u00e1 haver <strong data-start=\"330\" data-end=\"360\">prorroga\u00e7\u00e3o de at\u00e9 6 meses<\/strong>, mediante solicita\u00e7\u00e3o e aprova\u00e7\u00e3o do colegiado.<\/h6>\n<\/li>\n<\/ul>\n<h4 data-start=\"412\" data-end=\"447\"><strong data-start=\"417\" data-end=\"445\">2. Exame de Profici\u00eancia<\/strong><\/h4>\n<ul data-start=\"448\" data-end=\"617\">\n<li data-start=\"448\" data-end=\"617\">\n<h6>Comprova\u00e7\u00e3o de <strong data-start=\"465\" data-end=\"521\">aprova\u00e7\u00e3o em Exame de Profici\u00eancia em L\u00edngua Inglesa<\/strong> de institui\u00e7\u00e3o p\u00fablica devidamente reconhecida (com apresenta\u00e7\u00e3o do documento comprobat\u00f3rio).<\/h6>\n<\/li>\n<\/ul>\n<h4 data-start=\"619\" data-end=\"652\"><strong data-start=\"624\" data-end=\"650\">3. Produ\u00e7\u00e3o Cient\u00edfica<\/strong><\/h4>\n<ul data-start=\"653\" data-end=\"1213\">\n<li data-start=\"653\" data-end=\"919\">\n<h6 data-start=\"655\" data-end=\"729\"><strong data-start=\"655\" data-end=\"679\">Discentes sem bolsa:<\/strong> m\u00ednimo de <strong data-start=\"690\" data-end=\"713\">1 produto submetido<\/strong>, podendo ser:<\/h6>\n<ul data-start=\"732\" data-end=\"919\">\n<li data-start=\"732\" data-end=\"788\">\n<h6>Artigo de pesquisa ou revis\u00e3o (Qualis refer\u00eancia A);<\/h6>\n<\/li>\n<li data-start=\"791\" data-end=\"815\">\n<h6>Dep\u00f3sito de patente;<\/h6>\n<\/li>\n<li data-start=\"818\" data-end=\"919\">\n<h6>Cap\u00edtulo de livro (editoras sugeridas: Springer, CRC, editoras universit\u00e1rias ou institucionais).<\/h6>\n<\/li>\n<\/ul>\n<\/li>\n<li data-start=\"921\" data-end=\"1213\">\n<h6 data-start=\"923\" data-end=\"1023\"><strong data-start=\"923\" data-end=\"947\">Discentes com bolsa:<\/strong> m\u00ednimo de <strong data-start=\"958\" data-end=\"983\">2 produtos submetidos<\/strong> ou <strong data-start=\"987\" data-end=\"1007\">1 produto aceito<\/strong>, podendo ser:<\/h6>\n<ul data-start=\"1026\" data-end=\"1213\">\n<li data-start=\"1026\" data-end=\"1082\">\n<h6>Artigo de pesquisa ou revis\u00e3o (Qualis refer\u00eancia A);<\/h6>\n<\/li>\n<li data-start=\"1085\" data-end=\"1109\">\n<h6>Dep\u00f3sito de patente;<\/h6>\n<\/li>\n<li data-start=\"1112\" data-end=\"1213\">\n<h6>Cap\u00edtulo de livro (editoras sugeridas: Springer, CRC, editoras universit\u00e1rias ou institucionais).<\/h6>\n<\/li>\n<\/ul>\n<\/li>\n<\/ul>\n<h6 data-start=\"1215\" data-end=\"1300\">\ud83d\udccc <strong data-start=\"1218\" data-end=\"1233\">Observa\u00e7\u00e3o:<\/strong> O discente deve ser o <strong data-start=\"1256\" data-end=\"1274\">primeiro autor<\/strong> dos artigos submetidos.<\/h6>\n<h6 data-start=\"1302\" data-end=\"1465\">\ud83d\udce9 <strong data-start=\"1305\" data-end=\"1330\">Envio de Documenta\u00e7\u00e3o<\/strong><br data-start=\"1330\" data-end=\"1333\" \/>Os documentos comprobat\u00f3rios e formul\u00e1rios necess\u00e1rios para a defesa devem ser enviados por e-mail para a coordena\u00e7\u00e3o do programa.<\/h6>\n<h6 data-start=\"1467\" data-end=\"1505\">\ud83d\udce7 <strong data-start=\"1470\" data-end=\"1482\">Contato:<\/strong> <a rel=\"noopener\" data-start=\"1483\" data-end=\"1503\">coordppgcf@gmail.com<\/a><\/h6>\n<p>[\/vc_column_text][\/vc_column][\/vc_row]<\/p>\n<\/div>","protected":false},"excerpt":{"rendered":"<p>[vc_row][vc_column][vc_column_text css=&#8221;&#8221;] Para a conclus\u00e3o do Mestrado em Ci\u00eancias Farmac\u00eauticas (PPGCF\/UEPB), o discente deve atender aos seguintes crit\u00e9rios obrigat\u00f3rios: 1. Prazo de Conclus\u00e3o O curso possui dura\u00e7\u00e3o m\u00e1xima de 24 meses. Em casos excepcionais, poder\u00e1 haver prorroga\u00e7\u00e3o de at\u00e9 6 meses, mediante solicita\u00e7\u00e3o e aprova\u00e7\u00e3o do colegiado. 2. Exame de Profici\u00eancia Comprova\u00e7\u00e3o de aprova\u00e7\u00e3o em <a class=\"leiamais\" href=\"https:\/\/pos-graduacao.uepb.edu.br\/ppgcf\/prazos\/\">Leia Mais&#8230;<\/a><\/p>\n","protected":false},"author":51,"featured_media":0,"parent":0,"menu_order":0,"comment_status":"closed","ping_status":"closed","template":"","meta":{"footnotes":""},"class_list":["post-1115","page","type-page","status-publish","hentry"],"_links":{"self":[{"href":"https:\/\/pos-graduacao.uepb.edu.br\/ppgcf\/wp-json\/wp\/v2\/pages\/1115","targetHints":{"allow":["GET"]}}],"collection":[{"href":"https:\/\/pos-graduacao.uepb.edu.br\/ppgcf\/wp-json\/wp\/v2\/pages"}],"about":[{"href":"https:\/\/pos-graduacao.uepb.edu.br\/ppgcf\/wp-json\/wp\/v2\/types\/page"}],"author":[{"embeddable":true,"href":"https:\/\/pos-graduacao.uepb.edu.br\/ppgcf\/wp-json\/wp\/v2\/users\/51"}],"replies":[{"embeddable":true,"href":"https:\/\/pos-graduacao.uepb.edu.br\/ppgcf\/wp-json\/wp\/v2\/comments?post=1115"}],"version-history":[{"count":3,"href":"https:\/\/pos-graduacao.uepb.edu.br\/ppgcf\/wp-json\/wp\/v2\/pages\/1115\/revisions"}],"predecessor-version":[{"id":1152,"href":"https:\/\/pos-graduacao.uepb.edu.br\/ppgcf\/wp-json\/wp\/v2\/pages\/1115\/revisions\/1152"}],"wp:attachment":[{"href":"https:\/\/pos-graduacao.uepb.edu.br\/ppgcf\/wp-json\/wp\/v2\/media?parent=1115"}],"curies":[{"name":"wp","href":"https:\/\/api.w.org\/{rel}","templated":true}]}}