{"id":1112,"date":"2025-03-17T14:22:01","date_gmt":"2025-03-17T17:22:01","guid":{"rendered":"https:\/\/pos-graduacao.uepb.edu.br\/ppgcf\/?page_id=1112"},"modified":"2025-04-03T09:29:44","modified_gmt":"2025-04-03T12:29:44","slug":"espaco-do-aluno","status":"publish","type":"page","link":"https:\/\/pos-graduacao.uepb.edu.br\/ppgcf\/espaco-do-aluno\/","title":{"rendered":"Espa\u00e7o do Aluno"},"content":{"rendered":"<div class=\"wpb-content-wrapper\"><p>[vc_row][vc_column][vc_tta_tabs][vc_tta_section title=&#8221;Mudan\u00e7a de Orienta\u00e7\u00e3o&#8221; tab_id=&#8221;1743679609966-be00b508-2b96&#8243;][\/vc_tta_section][vc_tta_section title=&#8221;Prorroga\u00e7\u00e3o&#8221; tab_id=&#8221;1743679609966-ed905f20-bd9a&#8221;][\/vc_tta_section][vc_tta_section title=&#8221;Trancamento de Matricula&#8221; tab_id=&#8221;1743679796421-43e72ebb-d146&#8243;][\/vc_tta_section][vc_tta_section title=&#8221;Disciplinas&#8221; tab_id=&#8221;1743679797734-9d9c5650-2b35&#8243;][\/vc_tta_section][vc_tta_section title=&#8221;Aba&#8221; tab_id=&#8221;1743679798960-b69bc8c5-5b72&#8243;][\/vc_tta_section][vc_tta_section title=&#8221;Aba&#8221; tab_id=&#8221;1743679800349-c3819138-04eb&#8221;][\/vc_tta_section][\/vc_tta_tabs][\/vc_column][\/vc_row]<\/p>\n<\/div>","protected":false},"excerpt":{"rendered":"<p>[vc_row][vc_column][vc_tta_tabs][vc_tta_section title=&#8221;Mudan\u00e7a de Orienta\u00e7\u00e3o&#8221; tab_id=&#8221;1743679609966-be00b508-2b96&#8243;][\/vc_tta_section][vc_tta_section title=&#8221;Prorroga\u00e7\u00e3o&#8221; tab_id=&#8221;1743679609966-ed905f20-bd9a&#8221;][\/vc_tta_section][vc_tta_section title=&#8221;Trancamento de Matricula&#8221; tab_id=&#8221;1743679796421-43e72ebb-d146&#8243;][\/vc_tta_section][vc_tta_section title=&#8221;Disciplinas&#8221; tab_id=&#8221;1743679797734-9d9c5650-2b35&#8243;][\/vc_tta_section][vc_tta_section title=&#8221;Aba&#8221; tab_id=&#8221;1743679798960-b69bc8c5-5b72&#8243;][\/vc_tta_section][vc_tta_section title=&#8221;Aba&#8221; tab_id=&#8221;1743679800349-c3819138-04eb&#8221;][\/vc_tta_section][\/vc_tta_tabs][\/vc_column][\/vc_row]<\/p>\n","protected":false},"author":51,"featured_media":0,"parent":0,"menu_order":0,"comment_status":"closed","ping_status":"closed","template":"","meta":{"footnotes":""},"class_list":["post-1112","page","type-page","status-publish","hentry"],"_links":{"self":[{"href":"https:\/\/pos-graduacao.uepb.edu.br\/ppgcf\/wp-json\/wp\/v2\/pages\/1112","targetHints":{"allow":["GET"]}}],"collection":[{"href":"https:\/\/pos-graduacao.uepb.edu.br\/ppgcf\/wp-json\/wp\/v2\/pages"}],"about":[{"href":"https:\/\/pos-graduacao.uepb.edu.br\/ppgcf\/wp-json\/wp\/v2\/types\/page"}],"author":[{"embeddable":true,"href":"https:\/\/pos-graduacao.uepb.edu.br\/ppgcf\/wp-json\/wp\/v2\/users\/51"}],"replies":[{"embeddable":true,"href":"https:\/\/pos-graduacao.uepb.edu.br\/ppgcf\/wp-json\/wp\/v2\/comments?post=1112"}],"version-history":[{"count":4,"href":"https:\/\/pos-graduacao.uepb.edu.br\/ppgcf\/wp-json\/wp\/v2\/pages\/1112\/revisions"}],"predecessor-version":[{"id":1323,"href":"https:\/\/pos-graduacao.uepb.edu.br\/ppgcf\/wp-json\/wp\/v2\/pages\/1112\/revisions\/1323"}],"wp:attachment":[{"href":"https:\/\/pos-graduacao.uepb.edu.br\/ppgcf\/wp-json\/wp\/v2\/media?parent=1112"}],"curies":[{"name":"wp","href":"https:\/\/api.w.org\/{rel}","templated":true}]}}