{"id":1109,"date":"2025-03-17T11:35:57","date_gmt":"2025-03-17T14:35:57","guid":{"rendered":"https:\/\/pos-graduacao.uepb.edu.br\/ppgcf\/?page_id=1109"},"modified":"2025-03-19T09:49:14","modified_gmt":"2025-03-19T12:49:14","slug":"premiacoes","status":"publish","type":"page","link":"https:\/\/pos-graduacao.uepb.edu.br\/ppgcf\/premiacoes\/","title":{"rendered":"Premia\u00e7\u00f5es"},"content":{"rendered":"<h1 data-pm-slice=\"1 1 []\"><strong>Pr\u00eamios e Reconhecimentos do PPGCF-UEPB<\/strong><\/h1>\n<h2><strong>Men\u00e7\u00e3o Honrosa \u2013 I Simp\u00f3sio Regional Nordeste de Farmacognosia (2024)<\/strong><\/h2>\n<p><strong>Professor:<\/strong> Alisson Mac\u00e1rio de Oliveira<br \/>\n<strong>Categoria:<\/strong> P\u00f4ster<br \/>\n<strong>Trabalho:<\/strong> &#8220;Avalia\u00e7\u00e3o da toxicidade aguda em camundongos submetidos ao extrato hidroetan\u00f3lico de caule de <em>Pilosocereus gounellei<\/em>&#8221;<br \/>\n<strong>Participa\u00e7\u00e3o:<\/strong> Alunas de mestrado Dara Rayanne da Silva Guedes e Joyce Almeida Lima, al\u00e9m de alunos de Inicia\u00e7\u00e3o Cient\u00edfica.<\/p>\n<div>\n<hr \/>\n<\/div>\n<h2><strong>Pr\u00eamio \u2013 XXVI Encontro de Inicia\u00e7\u00e3o Cient\u00edfica da UEPB\/CNPq (2019)<\/strong><\/h2>\n<p><strong>Professora:<\/strong> Ana Claudia<br \/>\nTrabalho premiado no evento cient\u00edfico promovido pela UEPB e CNPq.<\/p>\n<div>\n<hr \/>\n<\/div>\n<h2><strong>Men\u00e7\u00e3o Honrosa \u2013 3\u00aa EVCF do PPGCF-UFPE (2024)<\/strong><\/h2>\n<p><strong>Professores:<\/strong> Bol\u00edvar Ponciano Goulart de Lima Damasceno e Dayanne Tomaz Casimiro da Silva<br \/>\nReconhecimento por destaque na categoria.<\/p>\n<h2><strong>Pr\u00eamio \u2013 IV Workshop do PPGCF-UEPB (2023)<\/strong><\/h2>\n<p><strong>Professores:<\/strong> Bol\u00edvar Ponciano Goulart de Lima Damasceno e Dayanne Tomaz Casimiro da Silva<br \/>\n<strong>Categoria:<\/strong> Modalidade p\u00f4ster<br \/>\n<strong>Coloca\u00e7\u00f5es:<\/strong> 1\u00ba e 2\u00ba Lugar<\/p>\n<h2><strong>Pr\u00eamio de Inova\u00e7\u00e3o da UEPB (2023)<\/strong><\/h2>\n<p><strong>Professores:<\/strong> Bol\u00edvar Ponciano Goulart de Lima Damasceno e Dayanne Tomaz Casimiro da Silva<br \/>\n<strong>Categoria:<\/strong> Dep\u00f3sito de Patente<br \/>\n<strong>Coloca\u00e7\u00f5es:<\/strong> 1\u00ba e 2\u00ba lugar<\/p>\n<h2><strong>Pr\u00eamio \u2013 CONCAF 2022 (UEPB)<\/strong><\/h2>\n<p><strong>Professor:<\/strong> Bol\u00edvar Ponciano Goulart de Lima Damasceno<br \/>\n<strong>Categoria:<\/strong> Apresenta\u00e7\u00e3o Oral<br \/>\n<strong>Coloca\u00e7\u00e3o:<\/strong> 1\u00ba Lugar<\/p>\n<div>\n<hr \/>\n<\/div>\n<h2><strong>Pr\u00eamio de Disserta\u00e7\u00e3o da UEPB (2024)<\/strong><\/h2>\n<p><strong>Professor:<\/strong> Felipe Hugo Alencar Fernandes<br \/>\n<strong>\u00c1rea:<\/strong> Sa\u00fade<br \/>\n<strong>Aluno premiado:<\/strong> Niedja Eloi (PPGCF\/UEPB)<\/p>\n<div>\n<hr \/>\n<\/div>\n<h2><strong>Men\u00e7\u00e3o Honrosa \u2013 Programa de Inicia\u00e7\u00e3o Cient\u00edfica UEPB\/CNPq (2020)<\/strong><\/h2>\n<p><strong>Professora:<\/strong> Fl\u00e1via Carolina Alonso Buriti<\/p>\n<h2><strong>Pr\u00eamio de Inicia\u00e7\u00e3o Cient\u00edfica (2021)<\/strong><\/h2>\n<p><strong>Professora:<\/strong> Fl\u00e1via Carolina Alonso Buriti<br \/>\n<strong>Descri\u00e7\u00e3o:<\/strong> Resultante da colabora\u00e7\u00e3o com projetos dos alunos de mestrado do PPGCF\/UEPB.<\/p>\n<div>\n<hr \/>\n<\/div>\n<h2><strong>Premia\u00e7\u00e3o no Programa de Inicia\u00e7\u00e3o Cient\u00edfica UEPB\/CNPq (2021)<\/strong><\/h2>\n<p><strong>Professor:<\/strong> Harley Silva<\/p>\n<h2><strong>Pr\u00eamio de Disserta\u00e7\u00e3o da UEPB (2022)<\/strong><\/h2>\n<p><strong>Professor:<\/strong> Harley Silva<br \/>\n<strong>\u00c1rea:<\/strong> Sa\u00fade<\/p>\n<h2><strong>Pr\u00eamio de Inova\u00e7\u00e3o Tecnol\u00f3gica da UEPB (2023 e 2024)<\/strong><\/h2>\n<p><strong>Professor:<\/strong> Harley Silva<br \/>\n<strong>Categoria:<\/strong> P\u00f3s-gradua\u00e7\u00e3o<\/p>\n<h2><strong>Men\u00e7\u00e3o Honrosa \u2013 IX Simp\u00f3sio Plantas Medicinais do Vale do S\u00e3o Francisco e 3rd France-Brazil Meeting on Natural Products (2023)<\/strong><\/h2>\n<p><strong>Professor:<\/strong> Harley Silva<\/p>\n<h2><strong>Melhor Painel \u2013 IV Workshop do PPGCF-UEPB (2023)<\/strong><\/h2>\n<p><strong>Professor:<\/strong> Harley Silva<\/p>\n<h2><strong>Men\u00e7\u00e3o Honrosa \u2013 XXVII Simp\u00f3sio de Plantas Medicinais do Brasil (2024)<\/strong><\/h2>\n<p><strong>Professor:<\/strong> Harley Silva<\/p>\n<div>\n<hr \/>\n<\/div>\n<h2><strong>Pr\u00eamio \u2013 II Congresso Universit\u00e1rio da UEPB\/XXIX ENIC (2023)<\/strong><\/h2>\n<p><strong>Professor:<\/strong> Ricardo Olimpio<br \/>\n<strong>Coloca\u00e7\u00e3o:<\/strong> 1\u00ba lugar<\/p>\n<h2><strong>Men\u00e7\u00e3o Honrosa \u2013 2nd Brazil France Symposium on Medicinal Chemistry (2023)<\/strong><\/h2>\n<p><strong>Professor:<\/strong> Ricardo Olimpio<\/p>\n<div>\n<hr \/>\n<\/div>\n<h2><strong>Pr\u00eamio \u2013 III Congresso Brasileiro de Ci\u00eancias Farmac\u00eauticas (2024)<\/strong><\/h2>\n<p><strong>Professora:<\/strong> Vanda Lucia<br \/>\n<strong>Coloca\u00e7\u00e3o:<\/strong> 3\u00ba lugar<\/p>\n<div>\n<hr \/>\n<\/div>\n<h2><strong>Destaque na C\u00e2mara Municipal de Campina Grande (2020)<\/strong><\/h2>\n<p><strong>Professor:<\/strong> Jo\u00e3o Oshiro<br \/>\n<strong>Motivo:<\/strong> Servi\u00e7os prestados durante a pandemia<\/p>\n<h2><strong>Pr\u00eamio de Inova\u00e7\u00e3o da UEPB (2022)<\/strong><\/h2>\n<p><strong>Professor:<\/strong> Jo\u00e3o Oshiro<br \/>\n<strong>Categoria:<\/strong> Patentes<br \/>\n<strong>Coloca\u00e7\u00e3o:<\/strong> 1\u00ba Lugar<\/p>\n<h2><strong>Pr\u00eamio \u2013 II Congresso Universit\u00e1rio XXIX ENIC da UEPB (2022)<\/strong><\/h2>\n<p><strong>Professor:<\/strong> Jo\u00e3o Oshiro<br \/>\n<strong>Coloca\u00e7\u00e3o:<\/strong> 1\u00ba Lugar<\/p>\n<h2><strong>Men\u00e7\u00e3o Honrosa \u2013 III CONCAF (UNESP\/UEPB, 2022)<\/strong><\/h2>\n<p><strong>Professor:<\/strong> Jo\u00e3o Oshiro<br \/>\n<strong>Categoria:<\/strong> Apresenta\u00e7\u00e3o oral<\/p>\n<h2><strong>Pr\u00eamio \u2013 III CONCAF (UNESP\/UEPB, 2022)<\/strong><\/h2>\n<p><strong>Professor:<\/strong> Jo\u00e3o Oshiro<br \/>\n<strong>Categoria:<\/strong> Apresenta\u00e7\u00e3o oral<br \/>\n<strong>Coloca\u00e7\u00e3o:<\/strong> 1\u00ba lugar<\/p>\n<h2><strong>Pr\u00eamio \u2013 III Congresso Universit\u00e1rio XXX ENIC da UEPB (2023)<\/strong><\/h2>\n<p><strong>Professor:<\/strong> Jo\u00e3o Oshiro<br \/>\n<strong>Categoria:<\/strong> PIBIT<br \/>\n<strong>Coloca\u00e7\u00e3o:<\/strong> 2\u00ba lugar<\/p>\n<h2><strong>Pr\u00eamio \u2013 IV CONCAF (2023)<\/strong><\/h2>\n<p><strong>Professor:<\/strong> Jo\u00e3o Oshiro<br \/>\n<strong>Categoria:<\/strong> Apresenta\u00e7\u00e3o oral<br \/>\n<strong>Coloca\u00e7\u00e3o:<\/strong> 3\u00ba lugar<\/p>\n<h2><strong>Pr\u00eamio \u2013 IV CONCAF (2023)<\/strong><\/h2>\n<p><strong>Professor:<\/strong> Jo\u00e3o Oshiro<br \/>\n<strong>Categoria:<\/strong> E-p\u00f4ster<br \/>\n<strong>Coloca\u00e7\u00e3o:<\/strong> 1\u00ba lugar<\/p>\n<h2><strong>Pr\u00eamio \u2013 IV Congresso Universit\u00e1rio XXXI ENIC da UEPB<\/strong><\/h2>\n<p><strong>Professor:<\/strong> Jo\u00e3o Oshiro<br \/>\n<strong>\u00c1rea:<\/strong> Ci\u00eancias da Sa\u00fade<br \/>\n<strong>Coloca\u00e7\u00e3o:<\/strong> 2\u00ba Lugar<\/p>\n","protected":false},"excerpt":{"rendered":"<p>Pr\u00eamios e Reconhecimentos do PPGCF-UEPB Men\u00e7\u00e3o Honrosa \u2013 I Simp\u00f3sio Regional Nordeste de Farmacognosia (2024) Professor: Alisson Mac\u00e1rio de Oliveira Categoria: P\u00f4ster Trabalho: &#8220;Avalia\u00e7\u00e3o da toxicidade aguda em camundongos submetidos ao extrato hidroetan\u00f3lico de caule de Pilosocereus gounellei&#8221; Participa\u00e7\u00e3o: Alunas de mestrado Dara Rayanne da Silva Guedes e Joyce Almeida Lima, al\u00e9m de alunos de <a class=\"leiamais\" href=\"https:\/\/pos-graduacao.uepb.edu.br\/ppgcf\/premiacoes\/\">Leia Mais&#8230;<\/a><\/p>\n","protected":false},"author":51,"featured_media":0,"parent":0,"menu_order":0,"comment_status":"closed","ping_status":"closed","template":"","meta":{"footnotes":""},"class_list":["post-1109","page","type-page","status-publish","hentry"],"_links":{"self":[{"href":"https:\/\/pos-graduacao.uepb.edu.br\/ppgcf\/wp-json\/wp\/v2\/pages\/1109","targetHints":{"allow":["GET"]}}],"collection":[{"href":"https:\/\/pos-graduacao.uepb.edu.br\/ppgcf\/wp-json\/wp\/v2\/pages"}],"about":[{"href":"https:\/\/pos-graduacao.uepb.edu.br\/ppgcf\/wp-json\/wp\/v2\/types\/page"}],"author":[{"embeddable":true,"href":"https:\/\/pos-graduacao.uepb.edu.br\/ppgcf\/wp-json\/wp\/v2\/users\/51"}],"replies":[{"embeddable":true,"href":"https:\/\/pos-graduacao.uepb.edu.br\/ppgcf\/wp-json\/wp\/v2\/comments?post=1109"}],"version-history":[{"count":4,"href":"https:\/\/pos-graduacao.uepb.edu.br\/ppgcf\/wp-json\/wp\/v2\/pages\/1109\/revisions"}],"predecessor-version":[{"id":1170,"href":"https:\/\/pos-graduacao.uepb.edu.br\/ppgcf\/wp-json\/wp\/v2\/pages\/1109\/revisions\/1170"}],"wp:attachment":[{"href":"https:\/\/pos-graduacao.uepb.edu.br\/ppgcf\/wp-json\/wp\/v2\/media?parent=1109"}],"curies":[{"name":"wp","href":"https:\/\/api.w.org\/{rel}","templated":true}]}}