{"id":10,"date":"2011-10-25T14:25:53","date_gmt":"2011-10-25T14:25:53","guid":{"rendered":"http:\/\/pos-graduacao.ascom.uepb.edu.br\/ppgcf\/?page_id=10"},"modified":"2025-03-24T16:01:15","modified_gmt":"2025-03-24T19:01:15","slug":"corpo-discente","status":"publish","type":"page","link":"https:\/\/pos-graduacao.uepb.edu.br\/ppgcf\/corpo-discente\/","title":{"rendered":"Corpo Discente"},"content":{"rendered":"<div class=\"wpb-content-wrapper\"><p>[vc_row][vc_column][vc_tta_tour][vc_tta_section title=&#8221;Turma 2024&#8243; tab_id=&#8221;1742321387247-751017b4-6a94&#8243;][vc_column_text css=&#8221;&#8221;]<a href=\"http:\/\/lattes.cnpq.br\/0237219578260668\">Dara Rayanne da Silva Guedes<\/a><br \/>\n<a href=\"http:\/\/lattes.cnpq.br\/0728340039541709\">Daynara da Silva Pereira Lima<\/a><br \/>\n<a href=\"http:\/\/lattes.cnpq.br\/9669782525253337\">Edjayane Barros<\/a><br \/>\n<a href=\"http:\/\/lattes.cnpq.br\/1565500580981731\">Franciele da Costa Vital<\/a><br \/>\n<a href=\"http:\/\/lattes.cnpq.br\/6184093588078892\">Ingrid Larissa da Silva Soares<\/a><br \/>\n<a href=\"http:\/\/lattes.cnpq.br\/6917078970260161\">Izabelle Ven\u00e2ncio Ara\u00fajo<\/a><br \/>\n<a href=\"http:\/\/lattes.cnpq.br\/3608435754537132\">Thatyane Ellen Baracho de A. Farias<\/a><br \/>\n<a href=\"http:\/\/lattes.cnpq.br\/0811163160741157\">Vanderlania do Nascimento Santos<\/a><br \/>\n<a href=\"http:\/\/lattes.cnpq.br\/1205889365231041\">Viviane Rodrigues de Carvalho<\/a><br \/>\nMaria Lygia Loiola[\/vc_column_text][\/vc_tta_section][vc_tta_section title=&#8221;Turma 2023&#8243; tab_id=&#8221;1742321311484-2fda54af-7d1e&#8221;][vc_column_text]<a href=\"http:\/\/lattes.cnpq.br\/4217678147764909\">Analara Cordeiro de Mac\u00eado<\/a><br \/>\n<a href=\"http:\/\/lattes.cnpq.br\/6321840063143151\">Brenda Maria Silva Bezerra<\/a><br \/>\n<a href=\"http:\/\/lattes.cnpq.br\/0578286374307891\">D\u00e9bora Truta Duarte J\u00e1come<\/a><br \/>\n<a href=\"http:\/\/lattes.cnpq.br\/6213990707210113\">Franciely da Costa Alves<\/a><br \/>\n<a href=\"http:\/\/lattes.cnpq.br\/5463964375482123\">Geonice Rodrigues Medeiros<\/a><br \/>\n<a href=\"http:\/\/lattes.cnpq.br\/1940448520754830\">Graciele N\u00f3brega Nascimento<\/a><br \/>\n<a href=\"http:\/\/lattes.cnpq.br\/8151759048009689\">Jess\u00e9 de Oliveira da Silva<\/a><br \/>\n<a href=\"http:\/\/lattes.cnpq.br\/7246430181060033\">Jonas Lira do Nascimento<\/a><br \/>\n<a href=\"http:\/\/lattes.cnpq.br\/1489106011014088\">Joyce Almeida Lima<\/a><br \/>\n<a href=\"http:\/\/lattes.cnpq.br\/1956774345671177\">Kamilla Virg\u00ednio da Silva Nascimento<\/a><br \/>\n<a href=\"http:\/\/lattes.cnpq.br\/2602962993701677\">Luana Layse C\u00e2mara de Almeida<\/a><br \/>\n<a href=\"http:\/\/lattes.cnpq.br\/8040458702083533\">Maria Eduarda Lima Oliveira<\/a><br \/>\n<a href=\"https:\/\/lattes.cnpq.br\/965670404375772\">Maria Let\u00edcia Louren\u00e7o de Souza<\/a><br \/>\n<a href=\"http:\/\/lattes.cnpq.br\/0068977296071752\">Misael de Azevedo Teot\u00f4nio Cavalcanti<\/a><br \/>\n<a href=\"http:\/\/lattes.cnpq.br\/7199228288881018\">Samantha Mayara de Sousa Silva<\/a><br \/>\n<a href=\"http:\/\/lattes.cnpq.br\/4836310395430418\">Sara Efig\u00eania Dantas de Mendon\u00e7a y Ara\u00fajo<\/a><br \/>\n<a href=\"http:\/\/lattes.cnpq.br\/5889515668332577\">Sayoane Pessoa Fernandes<\/a><br \/>\n<a href=\"http:\/\/lattes.cnpq.br\/1435285555429394\">Yasmim Vilarim Barbosa<\/a>[\/vc_column_text][\/vc_tta_section][vc_tta_section title=&#8221;Turma 2022&#8243; tab_id=&#8221;1675864258331-0ad0f66d-c557&#8243;][vc_column_text]<a href=\"http:\/\/lattes.cnpq.br\/4215063658509071\">Adenia Mirela Alves Nunes<\/a><br \/>\n<a href=\"http:\/\/lattes.cnpq.br\/1702219694276846\">Brunna Emanuelly Guedes de Oliveira<\/a><br \/>\n<a href=\"http:\/\/lattes.cnpq.br\/5639365162650731\">Fabricia Gomes Lopes<\/a><br \/>\n<a href=\"http:\/\/lattes.cnpq.br\/2311470332079871\">Gabryella Garcia Guedes<\/a><br \/>\n<a href=\"http:\/\/lattes.cnpq.br\/1125048864256244\">Genil Dantas de Oliveira<\/a><br \/>\n<a href=\"http:\/\/lattes.cnpq.br\/1785841334567880\">Karla Joane da Silva Menezes<\/a><br \/>\n<a href=\"http:\/\/lattes.cnpq.br\/9619872958637264\">Maria Lorena de Oliveira Andrade<\/a><br \/>\n<a href=\"http:\/\/lattes.cnpq.br\/8817776485902372\">Naara Felipe da Fons\u00eaca<\/a><br \/>\n<a href=\"http:\/\/lattes.cnpq.br\/0271998845952218\">Renata dos Anjos Cunha<\/a><br \/>\n<a href=\"http:\/\/lattes.cnpq.br\/9410090376911983\">Th\u00e1ssia Borges Costa<\/a><br \/>\n<a href=\"http:\/\/lattes.cnpq.br\/4480068115760271\">Valdienia Mendes Aguiar<\/a><br \/>\n<a href=\"yvnni.maria.sales.medeiros@aluno.uepb.edu.br\">Yvnni Maria Sales de Medeiros e Silva<\/a>[\/vc_column_text][\/vc_tta_section][vc_tta_section title=&#8221;Turma 2021&#8243; tab_id=&#8221;1675864260324-a623405f-836f&#8221;][vc_column_text css_animation=&#8221;fadeIn&#8221;]<\/p>\n<ul>\n<li><a href=\"http:\/\/lattes.cnpq.br\/3176928985216175\">Ana Catarina Guimar\u00e3es Gomes<\/a><\/li>\n<li><a href=\"http:\/\/lattes.cnpq.br\/0178909926048960\" target=\"_blank\" rel=\"noopener\">Ana Clara Vieira da Cunha<\/a><\/li>\n<li><a href=\"http:\/\/lattes.cnpq.br\/2667759499109697\" target=\"_blank\" rel=\"noopener\">Angelica Pereira Ribeiro<\/a><\/li>\n<li><a href=\"http:\/\/lattes.cnpq.br\/1465393197435145\" target=\"_blank\" rel=\"noopener\">Camila Beatriz Barros Ara\u00fajo<\/a><\/li>\n<li><a href=\"http:\/\/lattes.cnpq.br\/4771752270219611\" target=\"_blank\" rel=\"noopener\">Gisele Jacinto de Ara\u00fajo<\/a><\/li>\n<li><a href=\"http:\/\/lattes.cnpq.br\/6510276136307120\" target=\"_blank\" rel=\"noopener\">Joyceana Oliveira Correia<\/a><\/li>\n<li><a href=\"http:\/\/lattes.cnpq.br\/7090506973472469\" target=\"_blank\" rel=\"noopener\">Kaline de Ara\u00fajo Medeiros<\/a><\/li>\n<li><a href=\"http:\/\/lattes.cnpq.br\/3565588684898876\" target=\"_blank\" rel=\"noopener\">Karolayne da Silva Barbosa Alves<\/a><\/li>\n<li><a href=\"http:\/\/lattes.cnpq.br\/9171010392299005\" target=\"_blank\" rel=\"noopener\">Kevin da Silva Oliveira<\/a><\/li>\n<li><a href=\"http:\/\/lattes.cnpq.br\/3488941763665387\" target=\"_blank\" rel=\"noopener\">L\u00eada Maria Marinho Santos de Figueiredo<\/a><\/li>\n<li><a href=\"http:\/\/lattes.cnpq.br\/0922721343624984\" target=\"_blank\" rel=\"noopener\">Luana Maria de Queiroz Silva<\/a><\/li>\n<li><a href=\"http:\/\/lattes.cnpq.br\/8646778112762315\" target=\"_blank\" rel=\"noopener\">Magna Maria Lima Ara\u00fajo<\/a><\/li>\n<li><a href=\"http:\/\/lattes.cnpq.br\/4120730640637731\" target=\"_blank\" rel=\"noopener\">Mirelly Barbosa Santos<\/a><\/li>\n<li><a href=\"http:\/\/lattes.cnpq.br\/3242566009615461\" target=\"_blank\" rel=\"noopener\">Niedja Eloi de Sousa Guimar\u00e3es<\/a><\/li>\n<\/ul>\n<p>[\/vc_column_text][\/vc_tta_section][vc_tta_section title=&#8221;Turma 2020&#8243; tab_id=&#8221;1671642481874-625befb3-d3c8&#8243;][vc_column_text]<\/p>\n<ul>\n<li class=\"nome\"><a href=\"http:\/\/lattes.cnpq.br\/1447025294353346\" target=\"_blank\" rel=\"noopener\">Beatriz Patr\u00edcio Rocha<\/a><\/li>\n<li class=\"nome\"><a href=\"http:\/\/lattes.cnpq.br\/5621023320419590\" target=\"_blank\" rel=\"noopener\">Edv\u00e2nia Emanuelle Pinheiro Santos<\/a><\/li>\n<li><a href=\"http:\/\/lattes.cnpq.br\/3332533182846328\" target=\"_blank\" rel=\"noopener\">Eull\u00e1llia Gon\u00e7alo das Neves e Silva<\/a><\/li>\n<li><a href=\"http:\/\/lattes.cnpq.br\/6604322850802606\" target=\"_blank\" rel=\"noopener\">Joilly Nilce Santana Gomes<\/a><\/li>\n<li><a href=\"http:\/\/lattes.cnpq.br\/0364249948806519\" target=\"_blank\" rel=\"noopener\">Kammila Martins Nicolau Costa<\/a><\/li>\n<li><a href=\"http:\/\/lattes.cnpq.br\/8259489851236903\" target=\"_blank\" rel=\"noopener\">Kilma Gabrielle Barbosa Pimentel<\/a><\/li>\n<li><a href=\"http:\/\/lattes.cnpq.br\/2774243513065483\" target=\"_blank\" rel=\"noopener\">Livia Maria Coelho de Carvalho Moreira<\/a><\/li>\n<li><a href=\"http:\/\/lattes.cnpq.br\/3694000099441658\" target=\"_blank\" rel=\"noopener\">Maria Crisl\u00e2ndia Freire de Almeida<\/a><\/li>\n<li><a href=\"http:\/\/lattes.cnpq.br\/0533312872559627\" target=\"_blank\" rel=\"noopener\">Miqueas Oliveira Morais da Silva<\/a><\/li>\n<li><a href=\"http:\/\/lattes.cnpq.br\/6430686027305725\" target=\"_blank\" rel=\"noopener\">Milena Nogueira da Silva<\/a><\/li>\n<li><a href=\"http:\/\/lattes.cnpq.br\/4721439598844514\" target=\"_blank\" rel=\"noopener\">Monalisa Ferreira de Lucena<\/a><\/li>\n<li><a href=\"http:\/\/lattes.cnpq.br\/1832064017854269\" target=\"_blank\" rel=\"noopener\">Nat\u00e1lia Lira Messias<\/a><\/li>\n<li><a href=\"http:\/\/lattes.cnpq.br\/1974564831370693\" target=\"_blank\" rel=\"noopener\">Wedja Marcelino da Silva<\/a><\/li>\n<li><a href=\"http:\/\/lattes.cnpq.br\/2421391601839049\" target=\"_blank\" rel=\"noopener\">Wesley Castro da Silva<\/a><\/li>\n<\/ul>\n<p>[\/vc_column_text][\/vc_tta_section][vc_tta_section title=&#8221;Turma 2019&#8243; tab_id=&#8221;1671642521023-29709087-b225&#8243;][vc_column_text]<\/p>\n<ul>\n<li><a href=\"http:\/\/lattes.cnpq.br\/0491820494545980\">Amanda Gabrielle Barros Dantas<\/a><\/li>\n<li><a href=\"http:\/\/lattes.cnpq.br\/0345535825082127\">Ant\u00f4nio Carlos Santos Rocha J\u00fanior<\/a><\/li>\n<li><a href=\"http:\/\/lattes.cnpq.br\/3276272696671129\">Daniella Isla Medeiros Dantas<\/a><\/li>\n<li><a href=\"http:\/\/lattes.cnpq.br\/7156684001254012\">Demis Ferreira de Melo<\/a><\/li>\n<li><a href=\"http:\/\/lattes.cnpq.br\/0103746675102606\">D\u00f4rian Cordeiro Lima J\u00fanior<\/a><\/li>\n<li><a href=\"http:\/\/lattes.cnpq.br\/7639041455199029\">Karen Loraine Macena Santos<\/a><\/li>\n<li><a href=\"http:\/\/lattes.cnpq.br\/9000335067845992\">Lucas Linhares de L\u00f3cio<\/a><\/li>\n<li><a href=\"http:\/\/lattes.cnpq.br\/7001957252327295\">Mariana Gai\u00e3o Calixto<\/a><\/li>\n<li><a href=\"http:\/\/lattes.cnpq.br\/8126420688760622\">Mariana Morais Dantas<\/a><\/li>\n<li><a href=\"http:\/\/lattes.cnpq.br\/9553487442920859\">Pedro Gomes da Silveira Neto<\/a><\/li>\n<li><a href=\"http:\/\/lattes.cnpq.br\/1969183151983321\">Priscilla de Lucena Nogueira<\/a><\/li>\n<li><a href=\"http:\/\/lattes.cnpq.br\/7174754483509057\">Rafaella Moreno Barros<\/a><\/li>\n<li><a href=\"http:\/\/lattes.cnpq.br\/0875994511218053\">R\u00f4mulo Guimar\u00e3es Nogueira<\/a><\/li>\n<li><a href=\"http:\/\/lattes.cnpq.br\/8456686424350276\">Talita Nunes Cardoso<\/a><\/li>\n<li><a href=\"http:\/\/lattes.cnpq.br\/7879263647779192\">Thamires Lacerda Dantas<\/a><\/li>\n<\/ul>\n<p>[\/vc_column_text][\/vc_tta_section][vc_tta_section title=&#8221;Turma 2018&#8243; tab_id=&#8221;1671642532796-ac3ae9ef-3092&#8243;][vc_column_text]<\/p>\n<ul>\n<li><a href=\"http:\/\/lattes.cnpq.br\/8548722575475779\">Amaro C\u00e9sar Lima de Assis<\/a><\/li>\n<li><a href=\"http:\/\/lattes.cnpq.br\/1658431925066945\">Geovana Ferreira Guedes Silvestre<\/a><\/li>\n<li><a href=\"http:\/\/lattes.cnpq.br\/0698482782823272\">Isabela Motta Fel\u00edcio<\/a><\/li>\n<li><a href=\"http:\/\/lattes.cnpq.br\/0933605619789248\">Isadora Kaline Camelo Pires De Oliveira Galdino<\/a><\/li>\n<li><a href=\"http:\/\/lattes.cnpq.br\/5375562258357467\">Joandra Ma\u00edsa Da Silva Leite<\/a><\/li>\n<li><a href=\"http:\/\/lattes.cnpq.br\/7600641239432533\">Larissa Pereira Alves<\/a><\/li>\n<li><a href=\"http:\/\/lattes.cnpq.br\/2317795666823155\">Ma\u00edsa Soares de Oliveira<\/a><\/li>\n<li><a href=\"http:\/\/lattes.cnpq.br\/2811030038408303\">Pablo Rayff da Silva<\/a><\/li>\n<li><a href=\"http:\/\/lattes.cnpq.br\/1718590327536867\">Renaly Ivyna de Ara\u00fajo R\u00eago<\/a><\/li>\n<li><a href=\"http:\/\/lattes.cnpq.br\/6970747012746862\">Sonaly Lima Albino<\/a><\/li>\n<\/ul>\n<p>[\/vc_column_text][\/vc_tta_section][vc_tta_section title=&#8221;Turma 2017&#8243; tab_id=&#8221;1671642532463-60091b67-b15a&#8221;][vc_column_text]<\/p>\n<ul>\n<li><a href=\"http:\/\/lattes.cnpq.br\/3226795056125797\">Danielle Gomes de Oliveira<\/a><\/li>\n<li><a href=\"http:\/\/lattes.cnpq.br\/4067638321690476\">Davidson Marrony Santos Wanderley<\/a><\/li>\n<li><a href=\"http:\/\/lattes.cnpq.br\/8106683485115651\">D\u00e9bora Santos Dantas<\/a><\/li>\n<li><a href=\"http:\/\/lattes.cnpq.br\/9209962671641253\">\u00cdtala Samara da Silva Dias<\/a><\/li>\n<li><a href=\"http:\/\/lattes.cnpq.br\/0392723237709291\">J\u00e9ssica Cabral de Andrade<\/a><\/li>\n<li><a href=\"http:\/\/lattes.cnpq.br\/8730241388225948\">Jocimar da Silva Santos<\/a><\/li>\n<li><a href=\"http:\/\/lattes.cnpq.br\/6946560350013730\">Layla Maria Neves Soares<\/a><\/li>\n<li><a href=\"http:\/\/lattes.cnpq.br\/1688293666801732\">Lucas Ferreira de Almeida<\/a><\/li>\n<li><a href=\"http:\/\/lattes.cnpq.br\/5311840804319544\">Sabrina La\u00eds Alves Garcia<\/a><\/li>\n<li><a href=\"http:\/\/lattes.cnpq.br\/1987367321820890\">Thayse Silva Medeiros<\/a><\/li>\n<li><a href=\"http:\/\/lattes.cnpq.br\/6391404008649185\">Widson Michael dos Santos<\/a><\/li>\n<li><a href=\"http:\/\/lattes.cnpq.br\/0980716336887518\">Willian Charles da Silva Moura<\/a><\/li>\n<li><a href=\"http:\/\/lattes.cnpq.br\/5574267966164336\">Anna Fl\u00e1via Costa Fernandes<\/a><\/li>\n<li><a href=\"http:\/\/lattes.cnpq.br\/8315806973301312\">Maria Carm\u00e9lia Almeida Neta<\/a><\/li>\n<\/ul>\n<p>[\/vc_column_text][\/vc_tta_section][vc_tta_section title=&#8221;Turma 2016&#8243; tab_id=&#8221;1671642532300-49ba0455-0b37&#8243;][vc_column_text]<\/p>\n<ul>\n<li><a href=\"http:\/\/lattes.cnpq.br\/3226795056125797\">Danielle Gomes de Oliveira<\/a><\/li>\n<li><a href=\"http:\/\/lattes.cnpq.br\/4067638321690476\">Davidson Marrony Santos Wanderley<\/a><\/li>\n<li><a href=\"http:\/\/lattes.cnpq.br\/8106683485115651\">D\u00e9bora Santos Dantas<\/a><\/li>\n<li><a href=\"http:\/\/lattes.cnpq.br\/9209962671641253\">\u00cdtala Samara da Silva Dias<\/a><\/li>\n<li><a href=\"http:\/\/lattes.cnpq.br\/0392723237709291\">J\u00e9ssica Cabral de Andrade<\/a><\/li>\n<li><a href=\"http:\/\/lattes.cnpq.br\/8730241388225948\">Jocimar da Silva Santos<\/a><\/li>\n<li><a href=\"http:\/\/lattes.cnpq.br\/6946560350013730\">Layla Maria Neves Soares<\/a><\/li>\n<li><a href=\"http:\/\/lattes.cnpq.br\/1688293666801732\">Lucas Ferreira de Almeida<\/a><\/li>\n<li><a href=\"http:\/\/lattes.cnpq.br\/5311840804319544\">Sabrina La\u00eds Alves Garcia<\/a><\/li>\n<li><a href=\"http:\/\/lattes.cnpq.br\/1987367321820890\">Thayse Silva Medeiros<\/a><\/li>\n<li><a href=\"http:\/\/lattes.cnpq.br\/6391404008649185\">Widson Michael dos Santos<\/a><\/li>\n<li><a href=\"http:\/\/lattes.cnpq.br\/0980716336887518\">Willian Charles da Silva Moura<\/a><\/li>\n<li><a href=\"http:\/\/lattes.cnpq.br\/5574267966164336\">Anna Fl\u00e1via Costa Fernandes<\/a><\/li>\n<li><a href=\"http:\/\/lattes.cnpq.br\/8315806973301312\">Maria Carm\u00e9lia Almeida Neta<\/a><\/li>\n<\/ul>\n<p>[\/vc_column_text][\/vc_tta_section][vc_tta_section title=&#8221;Turma 2015&#8243; tab_id=&#8221;1671642530336-16728dcf-fae6&#8243;][vc_column_text]<\/p>\n<ul>\n<li><a href=\"http:\/\/lattes.cnpq.br\/8113296021099287\">Adriana Emannuelly da Silva Barros<\/a><\/li>\n<li><a href=\"http:\/\/lattes.cnpq.br\/7573739495948510\">Alinne Sousa Barbosa<\/a><\/li>\n<li><a href=\"http:\/\/lattes.cnpq.br\/7530303593458629\">Allana Bruna\u00a0 Sucupira Duarte<\/a><\/li>\n<li><a href=\"http:\/\/lattes.cnpq.br\/3660509723370645\">Anna Emmanuela Medeiros de Brito<\/a><\/li>\n<li><a href=\"http:\/\/lattes.cnpq.br\/1890483778369906\">Bruna Pereira da Silva<\/a><\/li>\n<li><a href=\"http:\/\/lattes.cnpq.br\/4955012062001016\">Helimarcos Nunes Pereira<\/a><\/li>\n<li><a href=\"http:\/\/lattes.cnpq.br\/8239319154834475\">Iana Lu\u00edsa Melo de Assun\u00e7\u00e3o<\/a><\/li>\n<li><a href=\"http:\/\/lattes.cnpq.br\/7656495815773140\">Ibrahim Vieira Rocha<\/a><\/li>\n<li><a href=\"http:\/\/lattes.cnpq.br\/5091692725338239\">Isabelly da Silva Ven\u00e2ncio<\/a><\/li>\n<li><a href=\"http:\/\/lattes.cnpq.br\/6116904600206201\">Isack Fernandes Pinto<\/a><\/li>\n<li><a href=\"http:\/\/lattes.cnpq.br\/7025949972179612\">Karoll Moangela Andrade de Assis<\/a><\/li>\n<li><a href=\"http:\/\/lattes.cnpq.br\/7441078028137833\">Malu Maria Lucas dos Reis<\/a><\/li>\n<li><a href=\"http:\/\/lattes.cnpq.br\/1842979492391499\">Maria Elaine Cristina Araruna<\/a><\/li>\n<li><a href=\"http:\/\/lattes.cnpq.br\/0936771217359248\">Mysrayn Yargo de Freitas Ara\u00fajo Reis<\/a><\/li>\n<li><a href=\"http:\/\/lattes.cnpq.br\/7724097688015718\">Nadjaele de Melo Apolin\u00e1rio<\/a><\/li>\n<li><a href=\"http:\/\/lattes.cnpq.br\/2253341395198199\">Rawny Galdino Gouveia<\/a><\/li>\n<li><a href=\"http:\/\/lattes.cnpq.br\/3822476112643957\">Ren\u00e9 Monteiro Ara\u00fajo<\/a><\/li>\n<li><a href=\"http:\/\/lattes.cnpq.br\/6069952963397978\">Roxana Costa N\u00f3brega Acioli<\/a><\/li>\n<li><a href=\"http:\/\/lattes.cnpq.br\/7628053351611363\">Simone \u00c2ngela Soares da Silva<\/a><\/li>\n<li><a href=\"http:\/\/lattes.cnpq.br\/8653024890506888\">Wilma Raianny Vieira da Rocha<\/a><\/li>\n<\/ul>\n<p>[\/vc_column_text][\/vc_tta_section][vc_tta_section title=&#8221;Turma 2014&#8243; tab_id=&#8221;1671642561935-388791ec-368c&#8221;][vc_column_text]<\/p>\n<ul>\n<li><a href=\"http:\/\/lattes.cnpq.br\/5445361910957759\">Alana Rafaela Albuquerque Barros<\/a><\/li>\n<li><a href=\"http:\/\/lattes.cnpq.br\/7613706317574247\">\u00c1urea Marcela de Souza Pereira<\/a><\/li>\n<li><a href=\"http:\/\/xn--endereo%20para%20acessar%20este%20cv:%20http-v1d\/\/lattes.cnpq.br\/2449475421172404\">C\u00e9lia Maria Vargas da Costa Buzzo<\/a><\/li>\n<li><a href=\"http:\/\/lattes.cnpq.br\/5766347609409273\">Cleido Pereira de Santana<\/a><\/li>\n<li><a href=\"http:\/\/lattes.cnpq.br\/3035470083983748\">Fernanda Ilary Costa Duarte<\/a><\/li>\n<li><a href=\"http:\/\/lattes.cnpq.br\/7207604948131576\">Francisca Sabrina Vieira Lins<\/a><\/li>\n<li><a href=\"http:\/\/lattes.cnpq.br\/2396446251545248\">Gisele Lins Monteiro \u00c1lvares<\/a><\/li>\n<li><a href=\"http:\/\/lattes.cnpq.br\/2016373671925763\">Joanda Paolla Raimundo e Silva<\/a><\/li>\n<li><a href=\"http:\/\/lattes.cnpq.br\/8264525969795955\">Laianne Carla Batista Alencar<\/a><\/li>\n<li><a href=\"http:\/\/lattes.cnpq.br\/8315806973301312\">Maria Carm\u00e9lia Almeida Neta<\/a><\/li>\n<li><a href=\"http:\/\/lattes.cnpq.br\/8244077746054503\">Marina Cinthia de Sousa<\/a><\/li>\n<\/ul>\n<p>[\/vc_column_text][\/vc_tta_section][vc_tta_section title=&#8221;Turma 2013&#8243; tab_id=&#8221;1671642561363-ddd6452d-22c8&#8243;][vc_column_text]<\/p>\n<ul>\n<li><a href=\"http:\/\/lattes.cnpq.br\/7671491198447325\">Airlla Laana de Medeiros Cavalcanti<\/a><\/li>\n<li><a href=\"http:\/\/lattes.cnpq.br\/1679763472402710\">Ana Paula Barbosa Felisberto<\/a><\/li>\n<li><a href=\"http:\/\/lattes.cnpq.br\/5574267966164336\">Anna Fl\u00e1via Costa Fernandes<\/a><\/li>\n<li><a href=\"http:\/\/lattes.cnpq.br\/5861820315330252\">George Lu\u00eds Dias dos Santos<\/a><\/li>\n<li><a href=\"http:\/\/lattes.cnpq.br\/5341839677290921\">Itavielly Layany Fran\u00e7a Feitosa<\/a><\/li>\n<li><a href=\"http:\/\/lattes.cnpq.br\/2610781203300306\">J\u00f4ffyli Vandenberg Morais Rodrigues<\/a><\/li>\n<li><a href=\"http:\/\/lattes.cnpq.br\/9806813090193502\">Maria da Gl\u00f3ria Batista de Azevedo<\/a><\/li>\n<li><a href=\"http:\/\/lattes.cnpq.br\/7115870092764704\">Michelangela Suelleny de Caldas Nobre<\/a><\/li>\n<li><a href=\"http:\/\/lattes.cnpq.br\/1657762529072010\">Natan Emanuell de Sobral e Silva<\/a><\/li>\n<li><a href=\"http:\/\/lattes.cnpq.br\/5947482053301964\">Rayanne Sales de Ara\u00fajo Batista<\/a><\/li>\n<li><a href=\"http:\/\/lattes.cnpq.br\/0483184921861144\">Rosalina Coelho Jacome<\/a><\/li>\n<li><a href=\"http:\/\/lattes.cnpq.br\/1188745397501771\">Suellen Emilliany Feitosa Machado<\/a><\/li>\n<li><a href=\"http:\/\/lattes.cnpq.br\/6690673405049760\">Yuri Bas\u00edlio Gomes Patriota<\/a><\/li>\n<li><a href=\"http:\/\/lattes.cnpq.br\/2184899593362832\">Amaro da Costa<\/a><\/li>\n<\/ul>\n<p>[\/vc_column_text][\/vc_tta_section][vc_tta_section title=&#8221;Turma 2012&#8243; tab_id=&#8221;1671642560714-57484113-b1c0&#8243;][vc_column_text]<\/p>\n<ul>\n<li><a href=\"http:\/\/lattes.cnpq.br\/7715192381038032\">Alexsandra Concei\u00e7\u00e3o Apolin\u00e1rio<\/a><\/li>\n<li><a href=\"http:\/\/lattes.cnpq.br\/6709651369794664\">Anna Paula Porto Viana<\/a><\/li>\n<li><a href=\"http:\/\/lattes.cnpq.br\/5667190979753442\">Camilla Aquino Azevedo de Lucena<\/a><\/li>\n<li><a href=\"http:\/\/lattes.cnpq.br\/5247340828896961\">Davy Macgyver da Silva Messiades<\/a><\/li>\n<li><a href=\"http:\/\/lattes.cnpq.br\/0938468081530870\">Deysiane Oliveira Brand\u00e3o<\/a><\/li>\n<li><a href=\"http:\/\/lattes.cnpq.br\/4457286315796223\">Felipe Hugo Alencar Fernandes<\/a><\/li>\n<li><a href=\"http:\/\/lattes.cnpq.br\/3986983942071357\">Fernando Jos\u00e9 de Lima Ramos J\u00fanior<\/a><\/li>\n<li><a href=\"http:\/\/lattes.cnpq.br\/7639433339426749\">Jaismary Gonzaga Batista de Oliveira<\/a><\/li>\n<li><a href=\"http:\/\/lattes.cnpq.br\/2904170728132695\">Jo\u00e3o Paulo Tavares Malheiro<\/a><\/li>\n<li><a href=\"http:\/\/lattes.cnpq.br\/4742655391350578\">Juliana Patr\u00edcia de Luna Vieira<\/a><\/li>\n<li><a href=\"http:\/\/lattes.cnpq.br\/9146301553052343\">Luanne Eug\u00eania Nunes<\/a><\/li>\n<li><a href=\"http:\/\/lattes.cnpq.br\/0529807296232524\">Nath\u00e1lia Alexandra de Oliveira Cartaxo<\/a><\/li>\n<li><a href=\"http:\/\/lattes.cnpq.br\/8689363285823557\">Paulo C\u00e9sar Dantas da Silva<\/a><\/li>\n<li><a href=\"http:\/\/lattes.cnpq.br\/9984552907868215\">Renata de Alencar Falc\u00e3o<\/a><\/li>\n<li><a href=\"http:\/\/lattes.cnpq.br\/8942021313255546\">Silvana Cartaxo da Costa<\/a><\/li>\n<\/ul>\n<p>[\/vc_column_text][\/vc_tta_section][vc_tta_section title=&#8221;Turma 2011&#8243; tab_id=&#8221;1671642560051-1ce870f4-32ad&#8221;][vc_column_text]<\/p>\n<ul>\n<li><a href=\"http:\/\/lattes.cnpq.br\/1306507388867822\" target=\"_blank\" rel=\"noopener\">Carlos Alan Dias Melo<\/a><\/li>\n<li><a href=\"http:\/\/lattes.cnpq.br\/6197826121704538\" target=\"_blank\" rel=\"noopener\">Cynthia Layse Ferreira de Almeida<\/a><\/li>\n<li><a href=\"http:\/\/lattes.cnpq.br\/3249006847769696\" target=\"_blank\" rel=\"noopener\">Danielle Rocha Silva<\/a><\/li>\n<li><a href=\"http:\/\/lattes.cnpq.br\/3334106715175714\" target=\"_blank\" rel=\"noopener\">Gabriela Muniz Felix Ara\u00fajo<\/a><\/li>\n<li><a href=\"http:\/\/lattes.cnpq.br\/9377892025897596\" target=\"_blank\" rel=\"noopener\">Geovani Pereira Guimar\u00e3es<\/a><\/li>\n<li><a href=\"http:\/\/lattes.cnpq.br\/2968188352919337\" target=\"_blank\" rel=\"noopener\">Gilzie K\u00e9ssia Nascimento Cavalcante Novaes<\/a><\/li>\n<li><a href=\"http:\/\/lattes.cnpq.br\/2386907968195933\" target=\"_blank\" rel=\"noopener\">Giovanna Rodrigues de Araujo Eleamen<\/a><\/li>\n<li><a href=\"http:\/\/lattes.cnpq.br\/2320175732248169\" target=\"_blank\" rel=\"noopener\">Jamilly Kelly Oliveira Neves<\/a><\/li>\n<li><a href=\"http:\/\/lattes.cnpq.br\/8293468041028942\" target=\"_blank\" rel=\"noopener\">J\u00e9ssica Maria de melo Almeida<\/a><\/li>\n<li><a href=\"http:\/\/lattes.cnpq.br\/9912977132202260\" target=\"_blank\" rel=\"noopener\">Josenildo Segundo Chaves de Ara\u00fajo<\/a><\/li>\n<li><a href=\"http:\/\/lattes.cnpq.br\/0378101060630218\" target=\"_blank\" rel=\"noopener\">Katharina Rodrigues de Lima Porto Ramos<\/a><\/li>\n<li><a href=\"http:\/\/lattes.cnpq.br\/2142153068085805\" target=\"_blank\" rel=\"noopener\">Michelle de Oliveira Pedrosa<\/a><\/li>\n<li><a href=\"http:\/\/lattes.cnpq.br\/9610130947862394\" target=\"_blank\" rel=\"noopener\">Ravely Lucena Santos<\/a><\/li>\n<li><a href=\"http:\/\/lattes.cnpq.br\/8602528488155763\" target=\"_blank\" rel=\"noopener\">Thyago Vin\u00edcius Figueir\u00eado de Andrade<\/a><\/li>\n<\/ul>\n<p>[\/vc_column_text][\/vc_tta_section][\/vc_tta_tour][\/vc_column][\/vc_row]<\/p>\n<\/div>","protected":false},"excerpt":{"rendered":"<p>[vc_row][vc_column][vc_tta_tour][vc_tta_section title=&#8221;Turma 2024&#8243; tab_id=&#8221;1742321387247-751017b4-6a94&#8243;][vc_column_text css=&#8221;&#8221;]Dara Rayanne da Silva Guedes Daynara da Silva Pereira Lima Edjayane Barros Franciele da Costa Vital Ingrid Larissa da Silva Soares Izabelle Ven\u00e2ncio Ara\u00fajo Thatyane Ellen Baracho de A. Farias Vanderlania do Nascimento Santos Viviane Rodrigues de Carvalho Maria Lygia Loiola[\/vc_column_text][\/vc_tta_section][vc_tta_section title=&#8221;Turma 2023&#8243; tab_id=&#8221;1742321311484-2fda54af-7d1e&#8221;][vc_column_text]Analara Cordeiro de Mac\u00eado Brenda Maria Silva Bezerra <a class=\"leiamais\" href=\"https:\/\/pos-graduacao.uepb.edu.br\/ppgcf\/corpo-discente\/\">Leia Mais&#8230;<\/a><\/p>\n","protected":false},"author":3,"featured_media":0,"parent":0,"menu_order":0,"comment_status":"open","ping_status":"open","template":"","meta":{"footnotes":""},"class_list":["post-10","page","type-page","status-publish","hentry"],"_links":{"self":[{"href":"https:\/\/pos-graduacao.uepb.edu.br\/ppgcf\/wp-json\/wp\/v2\/pages\/10","targetHints":{"allow":["GET"]}}],"collection":[{"href":"https:\/\/pos-graduacao.uepb.edu.br\/ppgcf\/wp-json\/wp\/v2\/pages"}],"about":[{"href":"https:\/\/pos-graduacao.uepb.edu.br\/ppgcf\/wp-json\/wp\/v2\/types\/page"}],"author":[{"embeddable":true,"href":"https:\/\/pos-graduacao.uepb.edu.br\/ppgcf\/wp-json\/wp\/v2\/users\/3"}],"replies":[{"embeddable":true,"href":"https:\/\/pos-graduacao.uepb.edu.br\/ppgcf\/wp-json\/wp\/v2\/comments?post=10"}],"version-history":[{"count":49,"href":"https:\/\/pos-graduacao.uepb.edu.br\/ppgcf\/wp-json\/wp\/v2\/pages\/10\/revisions"}],"predecessor-version":[{"id":1300,"href":"https:\/\/pos-graduacao.uepb.edu.br\/ppgcf\/wp-json\/wp\/v2\/pages\/10\/revisions\/1300"}],"wp:attachment":[{"href":"https:\/\/pos-graduacao.uepb.edu.br\/ppgcf\/wp-json\/wp\/v2\/media?parent=10"}],"curies":[{"name":"wp","href":"https:\/\/api.w.org\/{rel}","templated":true}]}}