{"id":768,"date":"2016-12-14T13:22:17","date_gmt":"2016-12-14T13:22:17","guid":{"rendered":"https:\/\/pos-graduacao.uepb.edu.br\/ppgca\/?page_id=768"},"modified":"2025-04-14T13:07:34","modified_gmt":"2025-04-14T13:07:34","slug":"infraestrutura","status":"publish","type":"page","link":"https:\/\/pos-graduacao.uepb.edu.br\/ppgca\/infraestrutura\/","title":{"rendered":"Infraestrutura"},"content":{"rendered":"<div class=\"wpb-content-wrapper\"><p>[vc_row][vc_column][vc_column_text]As atividades de ensino e pesquisa do PPGCA realizadas em associa\u00e7\u00e3o com a Embrapa Algod\u00e3o s\u00e3o executadas em estruturas que envolvem os laborat\u00f3rios e esta\u00e7\u00f5es experimentais da UEPB e da Embrapa. O curso conta com as seguintes infraestruturas:[\/vc_column_text][vc_tta_tabs active_section=&#8221;1&#8243; css=&#8221;.vc_custom_1718732812731{margin-top: 30px !important;}&#8221;][vc_tta_section title=&#8221;UEPB&#8221; tab_id=&#8221;1718732755941-3d4cef43-e923&#8243;][vc_column_text css=&#8221;.vc_custom_1744635103655{margin-top: 20px !important;}&#8221;]Salas para coordena\u00e7\u00e3o e secretaria, salas de aula climatizadas e equipadas com multimeios, audit\u00f3rios com capacidade para 150 pessoas e um mini audit\u00f3rio com 40 assentos. Laborat\u00f3rios: \u00c1gua e Solo; Ecofisiologia Vegetal (possui os equipamentos: balan\u00e7a de precis\u00e3o, estufa de ar-for\u00e7ado, medidor de fluxo de seiva xilem\u00e1tica, fluor\u00f4metro de pulso modulado, bomba de scholander e medidor de potencial de \u00e1gua no solo e na planta WP4, medidor de trocas gasosas LCPro+, medidor de \u00e1rea foliar AREA MATER 3100, c\u00e2mara de germina\u00e7\u00e3o, espectofot\u00f4metro, centr\u00edfuga de bancada, etc); Qu\u00edmica Anal\u00edtica e Controle de Biocombust\u00edveis1 possui: Espectrofot\u00f4metro UV\/Vis\/NIR Lambda 750, da Perkin Elmer.2) Dens\u00edmetro digital Densito 30PX, da Mettler Toledo. 3) pHmetro digital mPA-210, da Tecnopon.4) Oscilosc\u00f3pio Digital MO-2100, da Minipa.5) Balan\u00e7a Digital Anal\u00edtica Ag20, da Gehaka.6) 02 Agitadores magn\u00e9ticos microprocessados com aquecimento, da Quimis. 7) Sistema extrator de Soxhlet Q388-268, da Quimis.8) Ultra purificador de \u00e1gua Master System Lab, da Gehaka.9) Osmose Reversa OS 10LZ, da Gehaka.; Setor Experimental de Fruticultura; Esta\u00e7\u00e3o Agroecol\u00f3gica; Esta\u00e7\u00e3o Agrometeorol\u00f3gica Automatizada; Laborat\u00f3rio de Energia Renov\u00e1vel montado com recursos adquiridos da Eletrobr\u00e1s. Possui, ainda, quatro po\u00e7os Amazonas que d\u00e3o suportes \u00e0 irriga\u00e7\u00e3o das \u00e1reas experimentais na esta\u00e7\u00e3o seca, e 95 ha de \u00e1rea rural para experimentos, produ\u00e7\u00e3o agr\u00edcola e pastagem, sem contar com implementos agr\u00edcolas, como: tratores, atomizados tratorizados e costais, semeadora-plantadora. Em 2015, ap\u00f3s aprova\u00e7\u00e3o de projetos em editais espec\u00edficos, a citar: FINEP-INFRAESTRUTURA e CAPES Pr\u00f3-equipamentos, viabilizando a aquisi\u00e7\u00e3o de alguns equipamentos e o desenvolvimento de pesquisas na \u00e1rea da express\u00e3o g\u00eanica. Fruto dessas aquisi\u00e7\u00f5es e com apoio da infraestrutura necess\u00e1ria pela Pr\u00f3-reitoria de P\u00f3s-gradua\u00e7\u00e3o e Pesquisa da UEPB foi criado o Laborat\u00f3rio de Biotecnologia Vegetal. O laborat\u00f3rio funciona como ferramenta de trabalho multiuso e permite o desenvolvimento de a\u00e7\u00f5es de pesquisas e aulas pr\u00e1ticas na \u00e1rea de Biologia molecular e \u00e1reas correlatas, contribuindo para fortalecimento e consolida\u00e7\u00e3o das linhas de pesquisa do PPGCA. Foram adquiridos, dentre outros, os seguintes equipamentos: uma Plataforma de express\u00e3o g\u00eanica em tempo real e um Analisador autom\u00e1tico de fotoss\u00edntese LI-6400XTR2 (LI-COR, USA), este, que pode ser utilizado tanto no campo como no laborat\u00f3rio, uma vez que possui um formato que permite comunica\u00e7\u00e3o do equipamento \u00e0 internet, funcionalidade que possibilita que o equipamento torne-se multiuso contribuindo no desenvolvimento das a\u00e7\u00f5es de pesquisas na \u00e1rea de fisiologia vegetal.[\/vc_column_text][vc_column_text css=&#8221;.vc_custom_1718734158252{margin-top: 30px !important;}&#8221;]<strong>Confira algumas fotos<\/strong>[\/vc_column_text][vc_separator][vc_row_inner gap=&#8221;30&#8243; css=&#8221;.vc_custom_1718892410265{margin-top: 30px !important;}&#8221;][vc_column_inner width=&#8221;1\/3&#8243;][vc_text_separator title=&#8221;N\u00facleo de Pesquisa em Ci\u00eancias Agr\u00e1rias da UEPB&#8221; title_align=&#8221;separator_align_left&#8221;][vc_gallery interval=&#8221;0&#8243; images=&#8221;2344,2345,2346&#8243; img_size=&#8221;300&#215;160&#8243; css=&#8221;.vc_custom_1718733941230{margin-top: 30px !important;}&#8221;][\/vc_column_inner][vc_column_inner width=&#8221;1\/3&#8243;][vc_text_separator title=&#8221;Laborat\u00f3rio de Ecofisiologia de Plantas Cultivadas da UEPB&#8221; title_align=&#8221;separator_align_left&#8221;][vc_gallery interval=&#8221;0&#8243; images=&#8221;2347,2348,2349,2350,2351,2352,2353,2354&#8243; img_size=&#8221;300&#215;160&#8243; css=&#8221;.vc_custom_1718733945993{margin-top: 30px !important;}&#8221;][\/vc_column_inner][vc_column_inner width=&#8221;1\/3&#8243;][vc_text_separator title=&#8221;Laborat\u00f3rio de Biotecnologia Vegetal da UEPB&#8221; title_align=&#8221;separator_align_left&#8221;][vc_gallery interval=&#8221;0&#8243; images=&#8221;2355,2356,2357,2358&#8243; img_size=&#8221;300&#215;160&#8243; css=&#8221;.vc_custom_1718734032742{margin-top: 30px !important;}&#8221;][\/vc_column_inner][\/vc_row_inner][vc_row_inner gap=&#8221;30&#8243; css=&#8221;.vc_custom_1718892410265{margin-top: 30px !important;}&#8221;][vc_column_inner width=&#8221;1\/3&#8243;][vc_text_separator title=&#8221;Laborat\u00f3rio de Fitopatologia UEPB&#8221; title_align=&#8221;separator_align_left&#8221; css=&#8221;&#8221;][vc_gallery interval=&#8221;0&#8243; images=&#8221;2398,2399,2400,2401,2402,2403,2404&#8243; img_size=&#8221;300&#215;160&#8243; css=&#8221;.vc_custom_1720012266916{margin-top: 30px !important;}&#8221;][\/vc_column_inner][vc_column_inner width=&#8221;1\/3&#8243;][vc_text_separator title=&#8221;Coordena\u00e7\u00e3o e Secretaria do PPGCA&#8221; title_align=&#8221;separator_align_left&#8221; css=&#8221;&#8221;][vc_gallery interval=&#8221;0&#8243; images=&#8221;2418,2419&#8243; img_size=&#8221;300&#215;160&#8243; css=&#8221;.vc_custom_1720790760750{margin-top: 30px !important;}&#8221;][\/vc_column_inner][vc_column_inner width=&#8221;1\/3&#8243;][\/vc_column_inner][\/vc_row_inner][\/vc_tta_section][vc_tta_section title=&#8221;Embrapa Algod\u00e3o&#8221; tab_id=&#8221;1718732755953-262313f7-8cd7&#8243;][vc_column_text css=&#8221;.vc_custom_1744635560317{margin-top: 20px !important;}&#8221;]Disp\u00f5e de sala para coordena\u00e7\u00e3o acad\u00eamica, um audit\u00f3rio com capacidade para 118 pessoas e laborat\u00f3rios de Biotecnologia, Cultura de tecidos, Entomologia, Fibras e Fios, Fitopatologia (infraestrutura f\u00edsica seguindo normas mais recentes de BPL, com salas de cultivo, incuba\u00e7\u00e3o e descarte fisicamente separadas), Solos e Nutri\u00e7\u00e3o de Plantas, Qu\u00edmica Anal\u00edtica e Fisiologia Vegetal e nove campos experimentais distribu\u00eddos pelos estados da Para\u00edba, Cear\u00e1, Mato Grosso, Bahia e Goi\u00e1s. Essas infraestruturas t\u00eam sido ampliadas anualmente por meio recursos provenientes de editais espec\u00edficos, como Embrapa, CNPq, CAPES, FINEP e Banco do Nordeste. Deve-se destacar que os recursos obtidos via CAPES\/PROAP t\u00eam dado suporte as atividades de pesquisas dos laborat\u00f3rios por meio de aquisi\u00e7\u00e3o de reagentes e manuten\u00e7\u00e3o de equipamentos.Laborat\u00f3rio de Biotecnologia:<br \/>\nO Laborat\u00f3rio de Biotecnologia possui 11 ambientes de trabalho climatizados destinados a atividades relacionadas \u00e0 biologia avan\u00e7ada envolvendo plantas, microrganismos e insetos. O Laborat\u00f3rio \u00e9 equipado com geladeiras, freezers, cubas de eletroforese para DNA para diferentes dimens\u00f5es de g\u00e9is, cubas de eletroforese para prote\u00ednas, fontes de eletroforese, microondas, capelas de exaust\u00e3o, pipetadores e micropipetas, agitadores de mesa, leitor de ELISA, forno UV, concentrador de amostras, agitador de tubos, aparelho de real time, deep freezer, transiluminador de luz branca, fotodocumentador, centrifugas, liofilizador, minibeater (aparelho para macera\u00e7\u00e3o de 45 amostras simultaneamente), pHmetros, banhos-maria, biofot\u00f4metro, espectrofot\u00f4metro, balan\u00e7as anal\u00edticas e eletr\u00f4nicas, estufas, autoclaves, agitador tipo shaker, estufas, BODs, eletroporador, c\u00e2mara de fluxo laminar, pias, bancadas, arm\u00e1rios, destiladores e ultrapurificadores de \u00e1gua, m\u00e1quinas para fabrica\u00e7\u00e3o de gelo em escama.<br \/>\nDispomos ainda de uma c\u00e2mara fria para a manuten\u00e7\u00e3o das cole\u00e7\u00f5es ativas de germoplasma da Embrapa Algod\u00e3o.Laborat\u00f3rio de Entomologia:<br \/>\nO laborat\u00f3rio de Entomologia \u00e9 utilizado normalmente para realiza\u00e7\u00e3o de pesquisas em entomologia agr\u00edcola, patologia de insetos, controle biol\u00f3gico, bioecologia e biologia molecular de insetos com insetos-praga que atacam as culturas trabalhadas pela unidade, especialmente algod\u00e3o. Possu\u00ed c\u00e2maras de incuba\u00e7\u00e3o tipo BOD, microsc\u00f3pios de luz e lupas, autoclave, balan\u00e7as anal\u00edtica e comum, espectrofot\u00f4metro e vidrarias.[\/vc_column_text][vc_column_text css=&#8221;.vc_custom_1718734158252{margin-top: 30px !important;}&#8221;]<strong>Confira algumas fotos<\/strong>[\/vc_column_text][vc_row_inner gap=&#8221;30&#8243; css=&#8221;.vc_custom_1718892324667{margin-top: 30px !important;}&#8221;][vc_column_inner width=&#8221;1\/3&#8243;][vc_text_separator title=&#8221;Laborat\u00f3rio de Biotecnologia da Embrapa Algod\u00e3o&#8221; title_align=&#8221;separator_align_left&#8221;][vc_gallery interval=&#8221;0&#8243; images=&#8221;2360,2361,2362,2363,2364,2365&#8243; img_size=&#8221;&#8221; css=&#8221;.vc_custom_1718892250937{margin-top: 30px !important;}&#8221;][\/vc_column_inner][vc_column_inner width=&#8221;1\/3&#8243;][vc_text_separator title=&#8221;Laborat\u00f3rio de Entomologia da Embrapa Algod\u00e3o&#8221; title_align=&#8221;separator_align_left&#8221;][vc_gallery interval=&#8221;0&#8243; images=&#8221;2366,2367,2368,2369,2370,2371,2379,2380,2381,2382&#8243; img_size=&#8221;&#8221; css=&#8221;.vc_custom_1718892256861{margin-top: 30px !important;}&#8221;][\/vc_column_inner][vc_column_inner width=&#8221;1\/3&#8243;][vc_text_separator title=&#8221;Em constru\u00e7\u00e3o&#8221; title_align=&#8221;separator_align_left&#8221;][vc_gallery interval=&#8221;0&#8243; img_size=&#8221;&#8221; css=&#8221;.vc_custom_1720018067216{margin-top: 30px !important;}&#8221;][\/vc_column_inner][\/vc_row_inner][vc_row_inner gap=&#8221;30&#8243; css=&#8221;.vc_custom_1718892332580{margin-top: 30px !important;}&#8221;][vc_column_inner width=&#8221;1\/3&#8243;][vc_text_separator title=&#8221;Em constru\u00e7\u00e3o&#8221; title_align=&#8221;separator_align_left&#8221; css=&#8221;&#8221;][vc_gallery interval=&#8221;0&#8243; img_size=&#8221;&#8221; css=&#8221;.vc_custom_1720018102381{margin-top: 30px !important;}&#8221;][\/vc_column_inner][vc_column_inner width=&#8221;1\/3&#8243;][vc_text_separator title=&#8221;Em constru\u00e7\u00e3o&#8221; title_align=&#8221;separator_align_left&#8221; css=&#8221;&#8221;][vc_gallery interval=&#8221;0&#8243; img_size=&#8221;&#8221; css=&#8221;.vc_custom_1720018011102{margin-top: 30px !important;}&#8221;][\/vc_column_inner][vc_column_inner width=&#8221;1\/3&#8243;][vc_text_separator title=&#8221;Em constru\u00e7\u00e3o&#8221; title_align=&#8221;separator_align_left&#8221;][vc_gallery interval=&#8221;0&#8243; img_size=&#8221;&#8221; css=&#8221;.vc_custom_1720018034219{margin-top: 30px !important;}&#8221;][\/vc_column_inner][\/vc_row_inner][\/vc_tta_section][\/vc_tta_tabs][\/vc_column][\/vc_row]<\/p>\n<\/div>","protected":false},"excerpt":{"rendered":"<p>[vc_row][vc_column][vc_column_text]As atividades de ensino e pesquisa do PPGCA realizadas em associa\u00e7\u00e3o com a Embrapa Algod\u00e3o s\u00e3o executadas em estruturas que envolvem os laborat\u00f3rios e esta\u00e7\u00f5es experimentais da UEPB e da Embrapa. O curso conta com as seguintes infraestruturas:[\/vc_column_text][vc_tta_tabs active_section=&#8221;1&#8243; css=&#8221;.vc_custom_1718732812731{margin-top: 30px !important;}&#8221;][vc_tta_section title=&#8221;UEPB&#8221; tab_id=&#8221;1718732755941-3d4cef43-e923&#8243;][vc_column_text css=&#8221;.vc_custom_1744635103655{margin-top: 20px !important;}&#8221;]Salas para coordena\u00e7\u00e3o e secretaria, salas de aula climatizadas <a class=\"leiamais\" href=\"https:\/\/pos-graduacao.uepb.edu.br\/ppgca\/infraestrutura\/\">Leia Mais&#8230;<\/a><\/p>\n","protected":false},"author":19,"featured_media":0,"parent":0,"menu_order":0,"comment_status":"closed","ping_status":"closed","template":"","meta":{"footnotes":""},"class_list":["post-768","page","type-page","status-publish","hentry"],"_links":{"self":[{"href":"https:\/\/pos-graduacao.uepb.edu.br\/ppgca\/wp-json\/wp\/v2\/pages\/768","targetHints":{"allow":["GET"]}}],"collection":[{"href":"https:\/\/pos-graduacao.uepb.edu.br\/ppgca\/wp-json\/wp\/v2\/pages"}],"about":[{"href":"https:\/\/pos-graduacao.uepb.edu.br\/ppgca\/wp-json\/wp\/v2\/types\/page"}],"author":[{"embeddable":true,"href":"https:\/\/pos-graduacao.uepb.edu.br\/ppgca\/wp-json\/wp\/v2\/users\/19"}],"replies":[{"embeddable":true,"href":"https:\/\/pos-graduacao.uepb.edu.br\/ppgca\/wp-json\/wp\/v2\/comments?post=768"}],"version-history":[{"count":33,"href":"https:\/\/pos-graduacao.uepb.edu.br\/ppgca\/wp-json\/wp\/v2\/pages\/768\/revisions"}],"predecessor-version":[{"id":2397,"href":"https:\/\/pos-graduacao.uepb.edu.br\/ppgca\/wp-json\/wp\/v2\/pages\/768\/revisions\/2397"}],"wp:attachment":[{"href":"https:\/\/pos-graduacao.uepb.edu.br\/ppgca\/wp-json\/wp\/v2\/media?parent=768"}],"curies":[{"name":"wp","href":"https:\/\/api.w.org\/{rel}","templated":true}]}}