{"id":31,"date":"2013-08-19T18:34:42","date_gmt":"2013-08-19T18:34:42","guid":{"rendered":"\/ppgca\/?page_id=31"},"modified":"2025-03-27T17:49:49","modified_gmt":"2025-03-27T17:49:49","slug":"selecao","status":"publish","type":"page","link":"https:\/\/pos-graduacao.uepb.edu.br\/ppgca\/selecao\/","title":{"rendered":"Sele\u00e7\u00f5es (confira fotos)"},"content":{"rendered":"<div class=\"wpb-content-wrapper\"><p>[vc_row][vc_column][vc_column_text css=&#8221;&#8221;]O Programa de P\u00f3s-Gradua\u00e7\u00e3o em Ci\u00eancias Agr\u00e1rias (PPGCA) inicia os processos de sele\u00e7\u00f5es das novas turmas, anualmente, em meados de Outubro e\/ou Novembro de cada ano. Os candidatos interessados devem ficar atentos \u00e0s publica\u00e7\u00f5es na p\u00e1gina do programa para n\u00e3o perder os prazos do Edital.<\/p>\n<p>O PPGCA tamb\u00e9m oferta vagas para ALUNOS ESPECIAIS nas disciplinas eletivas, geralmente, no segundo semestre de cada ano.<\/p>\n<p>Os candidatos podem acompanhar todos os editais anteriores no menu \u201cdocumentos\u201d.[\/vc_column_text][\/vc_column][\/vc_row][vc_row][vc_column][vc_gallery interval=&#8221;3&#8243; img_size=&#8221;&#8221; css=&#8221;&#8221; title=&#8221;Fotos dos processos seletivos&#8221;][\/vc_column][\/vc_row]<\/p>\n<\/div>","protected":false},"excerpt":{"rendered":"<p>[vc_row][vc_column][vc_column_text css=&#8221;&#8221;]O Programa de P\u00f3s-Gradua\u00e7\u00e3o em Ci\u00eancias Agr\u00e1rias (PPGCA) inicia os processos de sele\u00e7\u00f5es das novas turmas, anualmente, em meados de Outubro e\/ou Novembro de cada ano. Os candidatos interessados devem ficar atentos \u00e0s publica\u00e7\u00f5es na p\u00e1gina do programa para n\u00e3o perder os prazos do Edital. O PPGCA tamb\u00e9m oferta vagas para ALUNOS ESPECIAIS nas <a class=\"leiamais\" href=\"https:\/\/pos-graduacao.uepb.edu.br\/ppgca\/selecao\/\">Leia Mais&#8230;<\/a><\/p>\n","protected":false},"author":5,"featured_media":0,"parent":0,"menu_order":0,"comment_status":"open","ping_status":"open","template":"","meta":{"footnotes":""},"class_list":["post-31","page","type-page","status-publish","hentry"],"_links":{"self":[{"href":"https:\/\/pos-graduacao.uepb.edu.br\/ppgca\/wp-json\/wp\/v2\/pages\/31","targetHints":{"allow":["GET"]}}],"collection":[{"href":"https:\/\/pos-graduacao.uepb.edu.br\/ppgca\/wp-json\/wp\/v2\/pages"}],"about":[{"href":"https:\/\/pos-graduacao.uepb.edu.br\/ppgca\/wp-json\/wp\/v2\/types\/page"}],"author":[{"embeddable":true,"href":"https:\/\/pos-graduacao.uepb.edu.br\/ppgca\/wp-json\/wp\/v2\/users\/5"}],"replies":[{"embeddable":true,"href":"https:\/\/pos-graduacao.uepb.edu.br\/ppgca\/wp-json\/wp\/v2\/comments?post=31"}],"version-history":[{"count":16,"href":"https:\/\/pos-graduacao.uepb.edu.br\/ppgca\/wp-json\/wp\/v2\/pages\/31\/revisions"}],"predecessor-version":[{"id":808,"href":"https:\/\/pos-graduacao.uepb.edu.br\/ppgca\/wp-json\/wp\/v2\/pages\/31\/revisions\/808"}],"wp:attachment":[{"href":"https:\/\/pos-graduacao.uepb.edu.br\/ppgca\/wp-json\/wp\/v2\/media?parent=31"}],"curies":[{"name":"wp","href":"https:\/\/api.w.org\/{rel}","templated":true}]}}