{"id":29,"date":"2013-08-19T18:34:21","date_gmt":"2013-08-19T18:34:21","guid":{"rendered":"\/ppgca\/?page_id=29"},"modified":"2013-08-19T18:34:21","modified_gmt":"2013-08-19T18:34:21","slug":"nucleos-de-pesquisa","status":"publish","type":"page","link":"https:\/\/pos-graduacao.uepb.edu.br\/ppgca\/nucleos-de-pesquisa\/","title":{"rendered":"N\u00facleos de Pesquisa"},"content":{"rendered":"<p>N\u00facleo de Pesquisa em Ci\u00eancias Agr\u00e1rias.<\/p>\n<p>O Nordeste brasileiro \u00e9 a macrorregi\u00e3o geogr\u00e1fica com os mais fortes contrastes sociais, econ\u00f4micos, culturais e ecol\u00f3gicos, em n\u00edvel nacional. Na verdade, s\u00e3o diferentes nordestes, com destaque para a vasta \u00e1rea semi\u00e1rida (1 milh\u00e3o de km2, aproximadamente), caracterizando-se por secas c\u00edclicas e pelo rigor das prolongadas estiagens, mesmo em anos de maior pluviosidade. A solu\u00e7\u00e3o para tais problemas, certamente, passa pelo rompimento do paradigma das adversidades, historicamente associado \u00e0 regi\u00e3o, e constru\u00e7\u00e3o do PARADIGMA DAS POTENCIALIDADES do Semi\u00e1rido brasileiro, um dos mais privilegiados em biodiversidade, em todo o mundo; passa por gera\u00e7\u00e3o de tecnologia para condi\u00e7\u00f5es de sequeiro, com forte \u00eanfase em pr\u00e1ticas de capta\u00e7\u00e3o e conserva\u00e7\u00e3o de \u00e1gua e em cultivos adaptados \u00e0 regi\u00e3o. S\u00e3o muitas as potencialidades existentes no Semi\u00e1rido, e muito pouco se conhece das esp\u00e9cies nativas, como fonte de alimento, plantas medicinais e produtoras de princ\u00edpios ativos; poss\u00edveis fontes de corantes, fibras, \u00f3leos, ceras, taninos l\u00e1tex e gomas; forrageiras, mel\u00edferas e ornamentais. Os estudos devem focar na multiplicidade e sustentabilidade de uso de tais recursos. \u00c9 esse o foco deste Grupo de Pesquisa, com intensifica\u00e7\u00e3o dos esfor\u00e7os em pesquisa a partir de 1998, embora s\u00f3 agora registrado no CNPq, aglutinando Pesquisadores compromissados em gerar conhecimento e desenvolver tecnologia para o desenvolvimento do Semi\u00e1rido brasileiro, utilizando-se de plantas e pr\u00e1ticas culturais adaptadas \u00e0 regi\u00e3o. Teses e disserta\u00e7\u00f5es j\u00e1 foram defendidas e papers publicados em revistas cient\u00edficas, com destaques para: estudos de estresse salino\/h\u00eddrico\/anox\u00edtico em cereais, oler\u00edcolas e frut\u00edferas, fibrosas e oleaginosas; capta\u00e7\u00e3o d&#8217;\u00e1gua in situ em cultivos de sorgo, girassol, fava manteiga e pinh\u00e3o-manso, em \u00e1reas diferentes do semi\u00e1rido paraibano; estudos de manejo e produ\u00e7\u00e3o de forrageiras, destaques para a palma forrageira.<\/p>\n","protected":false},"excerpt":{"rendered":"<p>N\u00facleo de Pesquisa em Ci\u00eancias Agr\u00e1rias. O Nordeste brasileiro \u00e9 a macrorregi\u00e3o geogr\u00e1fica com os mais fortes contrastes sociais, econ\u00f4micos, culturais e ecol\u00f3gicos, em n\u00edvel nacional. Na verdade, s\u00e3o diferentes nordestes, com destaque para a vasta \u00e1rea semi\u00e1rida (1 milh\u00e3o de km2, aproximadamente), caracterizando-se por secas c\u00edclicas e pelo rigor das prolongadas estiagens, mesmo em <a class=\"leiamais\" href=\"https:\/\/pos-graduacao.uepb.edu.br\/ppgca\/nucleos-de-pesquisa\/\">Leia Mais&#8230;<\/a><\/p>\n","protected":false},"author":5,"featured_media":0,"parent":0,"menu_order":0,"comment_status":"open","ping_status":"open","template":"","meta":{"footnotes":""},"class_list":["post-29","page","type-page","status-publish","hentry"],"_links":{"self":[{"href":"https:\/\/pos-graduacao.uepb.edu.br\/ppgca\/wp-json\/wp\/v2\/pages\/29","targetHints":{"allow":["GET"]}}],"collection":[{"href":"https:\/\/pos-graduacao.uepb.edu.br\/ppgca\/wp-json\/wp\/v2\/pages"}],"about":[{"href":"https:\/\/pos-graduacao.uepb.edu.br\/ppgca\/wp-json\/wp\/v2\/types\/page"}],"author":[{"embeddable":true,"href":"https:\/\/pos-graduacao.uepb.edu.br\/ppgca\/wp-json\/wp\/v2\/users\/5"}],"replies":[{"embeddable":true,"href":"https:\/\/pos-graduacao.uepb.edu.br\/ppgca\/wp-json\/wp\/v2\/comments?post=29"}],"version-history":[{"count":1,"href":"https:\/\/pos-graduacao.uepb.edu.br\/ppgca\/wp-json\/wp\/v2\/pages\/29\/revisions"}],"predecessor-version":[{"id":30,"href":"https:\/\/pos-graduacao.uepb.edu.br\/ppgca\/wp-json\/wp\/v2\/pages\/29\/revisions\/30"}],"wp:attachment":[{"href":"https:\/\/pos-graduacao.uepb.edu.br\/ppgca\/wp-json\/wp\/v2\/media?parent=29"}],"curies":[{"name":"wp","href":"https:\/\/api.w.org\/{rel}","templated":true}]}}