{"id":18,"date":"2013-08-19T17:55:53","date_gmt":"2013-08-19T17:55:53","guid":{"rendered":"\/ppgca\/?page_id=18"},"modified":"2020-08-11T10:33:04","modified_gmt":"2020-08-11T10:33:04","slug":"objetivos","status":"publish","type":"page","link":"https:\/\/pos-graduacao.uepb.edu.br\/ppgca\/objetivos\/","title":{"rendered":"Objetivos"},"content":{"rendered":"<p><strong>Objetivo geral:<\/strong><\/p>\n<p>O programa tem mantido o foco de sua proposta inicial que \u00e9 oferecer qualifica\u00e7\u00e3o t\u00e9cnico-cient\u00edfica em n\u00edvel de p\u00f3s-gradua\u00e7\u00e3o para agr\u00f4nomos, engenheiros agr\u00edcolas, agroec\u00f3logos, licenciados em Ci\u00eancias Agr\u00e1rias, bi\u00f3logos e outros profissionais graduados em \u00e1reas correlatas, com a finalidade de formar recursos humanos habilitados para desenvolver, aprimorar e difundir conhecimentos de pesquisa b\u00e1sica e desenvolvimento tecnol\u00f3gico, ensino e extens\u00e3o na \u00e1rea de Ci\u00eancias Agr\u00e1rias, com base no sistema de produ\u00e7\u00e3o de agrobioenerg\u00e9ticas e na sustentabilidade da agricultura familiar no Nordeste brasileiro, haja vista a crescente demanda de profissionais qualificados nos pr\u00f3ximos anos.<\/p>\n<p><strong>Objetivos espec\u00edficos:<\/strong><\/p>\n<ul>\n<li>formar pessoal qualificado na \u00e1rea de ci\u00eancias agr\u00e1rias para o exerc\u00edcio de pesquisa, ensino e extens\u00e3o;<\/li>\n<li>despertar a import\u00e2ncia da multi e interdisciplinaridade entre profissionais das \u00e1reas objeto da sele\u00e7\u00e3o;<\/li>\n<li>formar profissionais com capacidade de desenvolver novos processos tecnol\u00f3gicos para a produ\u00e7\u00e3o de biocombust\u00edveis;<\/li>\n<li>contribuir para o aperfei\u00e7oamento dos m\u00e9todos agron\u00f4micos relacionados \u00e0s pr\u00e1ticas agr\u00edcolas em sistema de produ\u00e7\u00e3o familiar;<\/li>\n<li>promover conhecimentos no campo de melhoramento vegetal, visando obter cultivares com potencial em ecossistemas do semi\u00e1rido brasileiro.<\/li>\n<\/ul>\n","protected":false},"excerpt":{"rendered":"<p>Objetivo geral: O programa tem mantido o foco de sua proposta inicial que \u00e9 oferecer qualifica\u00e7\u00e3o t\u00e9cnico-cient\u00edfica em n\u00edvel de p\u00f3s-gradua\u00e7\u00e3o para agr\u00f4nomos, engenheiros agr\u00edcolas, agroec\u00f3logos, licenciados em Ci\u00eancias Agr\u00e1rias, bi\u00f3logos e outros profissionais graduados em \u00e1reas correlatas, com a finalidade de formar recursos humanos habilitados para desenvolver, aprimorar e difundir conhecimentos de pesquisa b\u00e1sica <a class=\"leiamais\" href=\"https:\/\/pos-graduacao.uepb.edu.br\/ppgca\/objetivos\/\">Leia Mais&#8230;<\/a><\/p>\n","protected":false},"author":5,"featured_media":0,"parent":0,"menu_order":0,"comment_status":"open","ping_status":"open","template":"","meta":{"footnotes":""},"class_list":["post-18","page","type-page","status-publish","hentry"],"_links":{"self":[{"href":"https:\/\/pos-graduacao.uepb.edu.br\/ppgca\/wp-json\/wp\/v2\/pages\/18","targetHints":{"allow":["GET"]}}],"collection":[{"href":"https:\/\/pos-graduacao.uepb.edu.br\/ppgca\/wp-json\/wp\/v2\/pages"}],"about":[{"href":"https:\/\/pos-graduacao.uepb.edu.br\/ppgca\/wp-json\/wp\/v2\/types\/page"}],"author":[{"embeddable":true,"href":"https:\/\/pos-graduacao.uepb.edu.br\/ppgca\/wp-json\/wp\/v2\/users\/5"}],"replies":[{"embeddable":true,"href":"https:\/\/pos-graduacao.uepb.edu.br\/ppgca\/wp-json\/wp\/v2\/comments?post=18"}],"version-history":[{"count":5,"href":"https:\/\/pos-graduacao.uepb.edu.br\/ppgca\/wp-json\/wp\/v2\/pages\/18\/revisions"}],"predecessor-version":[{"id":1184,"href":"https:\/\/pos-graduacao.uepb.edu.br\/ppgca\/wp-json\/wp\/v2\/pages\/18\/revisions\/1184"}],"wp:attachment":[{"href":"https:\/\/pos-graduacao.uepb.edu.br\/ppgca\/wp-json\/wp\/v2\/media?parent=18"}],"curies":[{"name":"wp","href":"https:\/\/api.w.org\/{rel}","templated":true}]}}