{"id":1399,"date":"2021-09-17T18:23:05","date_gmt":"2021-09-17T18:23:05","guid":{"rendered":"https:\/\/pos-graduacao.uepb.edu.br\/ppgca\/?page_id=1399"},"modified":"2025-12-19T12:44:47","modified_gmt":"2025-12-19T12:44:47","slug":"eleicoes-coordenacao-novo","status":"publish","type":"page","link":"https:\/\/pos-graduacao.uepb.edu.br\/ppgca\/eleicoes-coordenacao-novo\/","title":{"rendered":"Elei\u00e7\u00f5es Coordena\u00e7\u00e3o (bi\u00eanio 2026-2027)"},"content":{"rendered":"<div class=\"wpb-content-wrapper\"><p>[vc_row][vc_column][vc_column_text css=&#8221;&#8221;]Bi\u00eanio 2026\/2027:<\/p>\n<p><a href=\"https:\/\/pos-graduacao.uepb.edu.br\/ppgca\/download\/edital-eleicoes-do-ppgca-2026-2027\/\">Edital das elei\u00e7\u00f5es<\/a> (28-11-2025);<\/p>\n<p><a href=\"https:\/\/pos-graduacao.uepb.edu.br\/ppgca\/download\/lista-preliminar-de-votantes-eleicoes-ppgca-2025\/\">Lista preliminar de votantes<\/a> (10\/12\/2025);<\/p>\n<p><a href=\"https:\/\/pos-graduacao.uepb.edu.br\/ppgca\/download\/lista-geral-final-de-votantes-eleicoes-ppgca-2025\/\">Listagem final de votantes<\/a> (15\/12\/2025;<\/p>\n<p><a href=\"https:\/\/pos-graduacao.uepb.edu.br\/ppgca\/download\/homologacao_das_chapas-2025\/\">Chapas homologadas<\/a> (15\/12\/2025);<\/p>\n<p><a href=\"https:\/\/pos-graduacao.uepb.edu.br\/ppgca\/download\/apuracao-das-urnas-eleicoes-ppgca-2025\/\">Resultado da vota\u00e7\u00e3o<\/a> (18\/12\/2025).[\/vc_column_text][\/vc_column][\/vc_row]<\/p>\n<\/div>","protected":false},"excerpt":{"rendered":"<p>[vc_row][vc_column][vc_column_text css=&#8221;&#8221;]Bi\u00eanio 2026\/2027: Edital das elei\u00e7\u00f5es (28-11-2025); Lista preliminar de votantes (10\/12\/2025); Listagem final de votantes (15\/12\/2025; Chapas homologadas (15\/12\/2025); Resultado da vota\u00e7\u00e3o (18\/12\/2025).[\/vc_column_text][\/vc_column][\/vc_row]<\/p>\n","protected":false},"author":19,"featured_media":0,"parent":0,"menu_order":0,"comment_status":"closed","ping_status":"closed","template":"","meta":{"footnotes":""},"class_list":["post-1399","page","type-page","status-publish","hentry"],"_links":{"self":[{"href":"https:\/\/pos-graduacao.uepb.edu.br\/ppgca\/wp-json\/wp\/v2\/pages\/1399","targetHints":{"allow":["GET"]}}],"collection":[{"href":"https:\/\/pos-graduacao.uepb.edu.br\/ppgca\/wp-json\/wp\/v2\/pages"}],"about":[{"href":"https:\/\/pos-graduacao.uepb.edu.br\/ppgca\/wp-json\/wp\/v2\/types\/page"}],"author":[{"embeddable":true,"href":"https:\/\/pos-graduacao.uepb.edu.br\/ppgca\/wp-json\/wp\/v2\/users\/19"}],"replies":[{"embeddable":true,"href":"https:\/\/pos-graduacao.uepb.edu.br\/ppgca\/wp-json\/wp\/v2\/comments?post=1399"}],"version-history":[{"count":23,"href":"https:\/\/pos-graduacao.uepb.edu.br\/ppgca\/wp-json\/wp\/v2\/pages\/1399\/revisions"}],"predecessor-version":[{"id":2745,"href":"https:\/\/pos-graduacao.uepb.edu.br\/ppgca\/wp-json\/wp\/v2\/pages\/1399\/revisions\/2745"}],"wp:attachment":[{"href":"https:\/\/pos-graduacao.uepb.edu.br\/ppgca\/wp-json\/wp\/v2\/media?parent=1399"}],"curies":[{"name":"wp","href":"https:\/\/api.w.org\/{rel}","templated":true}]}}