{"id":1314,"date":"2021-03-09T18:10:52","date_gmt":"2021-03-09T18:10:52","guid":{"rendered":"https:\/\/pos-graduacao.uepb.edu.br\/ppgca\/?page_id=1314"},"modified":"2024-07-08T14:25:33","modified_gmt":"2024-07-08T14:25:33","slug":"acoes-covid-19","status":"publish","type":"page","link":"https:\/\/pos-graduacao.uepb.edu.br\/ppgca\/acoes-covid-19\/","title":{"rendered":"A\u00e7\u00f5es COVID-19"},"content":{"rendered":"<p class=\"Normal tm6 tm7\"><span class=\"tm8\">Visando minimizar os efeitos gerados pela pandemia do COVID-19, o PPGCA ampliou seus canais de atendimento por meio dos seus endere\u00e7os de e-mails <\/span><u><a href=\"mailto:(mestradoagr\u00e1rias@uepb.edu.br\/\"><span class=\"tm8\">(ppgca@setor.uepb.edu.br<\/span><\/a><\/u><span class=\"tm8\">), como tamb\u00e9m atrav\u00e9s do atendimento por meio do aplicativo Whatsapp. <\/span><\/p>\n<p class=\"Normal tm6 tm7\"><span class=\"tm8\">A UEPB por meio da RESOLU\u00c7\u00c3O\/UEPB\/CONSEPE n\u00ba 229\/2020 estabeleceu normas para realiza\u00e7\u00e3o de componentes curriculares, bem como outras atividades de ensino e aprendizagem, orienta\u00e7\u00e3o, pesquisa e extens\u00e3o, por meio de atua\u00e7\u00e3o n\u00e3o presencial tanto na p\u00f3s- gradua\u00e7\u00e3o, excepcionalmente, durante o per\u00edodo de suspens\u00e3o das atividades acad\u00eamicas presenciais.<\/span><\/p>\n<p class=\"Normal tm6 tm7\"><span class=\"tm8\">As reuni\u00f5es, aulas e defesas come\u00e7aram a ser realizadas por meio dos aplicativos do google (sala de aula, meet e etc.). Os Laborat\u00f3rios vinculados ao Programa adaptaram suas infraestruras com o intuito de realizar o reversamento e agendamento das atividades de pesquisa.<\/span><\/p>\n<p class=\"Normal tm6 tm7\"><span class=\"tm8\">O processo seletivo para alunos regulares para a turma 2021.1 ocorreu totalmente de forma remota, o que s\u00f3 foi poss\u00edvel ap\u00f3s o rearranjo das etapas e requisitos estabelecidos no edital de sele\u00e7\u00e3o.<\/span><\/p>\n<p class=\"Normal tm6 tm7\"><span class=\"tm8\">Conforme regulamenta\u00e7\u00f5es da CAPES por meio das Portarias n\u00ba 55 e n\u00ba 121\/2020, os discentes bolsistas foram contemplados com as prorroga\u00e7\u00f5es das suas bolsas conforme a necessidade individual.<\/span><\/p>\n","protected":false},"excerpt":{"rendered":"<p>Visando minimizar os efeitos gerados pela pandemia do COVID-19, o PPGCA ampliou seus canais de atendimento por meio dos seus endere\u00e7os de e-mails (ppgca@setor.uepb.edu.br), como tamb\u00e9m atrav\u00e9s do atendimento por meio do aplicativo Whatsapp. A UEPB por meio da RESOLU\u00c7\u00c3O\/UEPB\/CONSEPE n\u00ba 229\/2020 estabeleceu normas para realiza\u00e7\u00e3o de componentes curriculares, bem como outras atividades de ensino <a class=\"leiamais\" href=\"https:\/\/pos-graduacao.uepb.edu.br\/ppgca\/acoes-covid-19\/\">Leia Mais&#8230;<\/a><\/p>\n","protected":false},"author":19,"featured_media":0,"parent":0,"menu_order":0,"comment_status":"closed","ping_status":"closed","template":"","meta":{"footnotes":""},"class_list":["post-1314","page","type-page","status-publish","hentry"],"_links":{"self":[{"href":"https:\/\/pos-graduacao.uepb.edu.br\/ppgca\/wp-json\/wp\/v2\/pages\/1314","targetHints":{"allow":["GET"]}}],"collection":[{"href":"https:\/\/pos-graduacao.uepb.edu.br\/ppgca\/wp-json\/wp\/v2\/pages"}],"about":[{"href":"https:\/\/pos-graduacao.uepb.edu.br\/ppgca\/wp-json\/wp\/v2\/types\/page"}],"author":[{"embeddable":true,"href":"https:\/\/pos-graduacao.uepb.edu.br\/ppgca\/wp-json\/wp\/v2\/users\/19"}],"replies":[{"embeddable":true,"href":"https:\/\/pos-graduacao.uepb.edu.br\/ppgca\/wp-json\/wp\/v2\/comments?post=1314"}],"version-history":[{"count":5,"href":"https:\/\/pos-graduacao.uepb.edu.br\/ppgca\/wp-json\/wp\/v2\/pages\/1314\/revisions"}],"predecessor-version":[{"id":2410,"href":"https:\/\/pos-graduacao.uepb.edu.br\/ppgca\/wp-json\/wp\/v2\/pages\/1314\/revisions\/2410"}],"wp:attachment":[{"href":"https:\/\/pos-graduacao.uepb.edu.br\/ppgca\/wp-json\/wp\/v2\/media?parent=1314"}],"curies":[{"name":"wp","href":"https:\/\/api.w.org\/{rel}","templated":true}]}}