{"id":1305,"date":"2021-03-09T17:47:47","date_gmt":"2021-03-09T17:47:47","guid":{"rendered":"https:\/\/pos-graduacao.uepb.edu.br\/ppgca\/?page_id=1305"},"modified":"2024-06-20T13:42:16","modified_gmt":"2024-06-20T13:42:16","slug":"bolsas-de-estudo","status":"publish","type":"page","link":"https:\/\/pos-graduacao.uepb.edu.br\/ppgca\/bolsas-de-estudo\/","title":{"rendered":"Bolsas de estudo"},"content":{"rendered":"<p>Em conformidade com normas das ag\u00eancias de fomento e legisla\u00e7\u00f5es espec\u00edficas da UEPB, a distribui\u00e7\u00e3o de bolsa e o acompanhamento dos bolsistas estar\u00e3o a cargo da\u00a0Comiss\u00e3o de Bolsa, indicada pelo Colegiado.<\/p>\n<p>Para concess\u00e3o de bolsa, exigir-se-\u00e3o do p\u00f3s-graduando, dentre outros crit\u00e9rios:<\/p>\n<ol>\n<li>Ser classificado no processo seletivo do PPGCA.<\/li>\n<li>Dedica\u00e7\u00e3o integral \u00e0s atividades do curso.<\/li>\n<li>Quando possuir v\u00ednculo empregat\u00edcio, estar liberado das atividades profissionais e sem percep\u00e7\u00e3o de vencimentos, salvo exce\u00e7\u00f5es estabelecidas pela ag\u00eancia de fomento.<\/li>\n<li>Realizar\u00a0Est\u00e1gio Doc\u00eancia\u00a0de acordo com o estabelecido em legisla\u00e7\u00e3o espec\u00edfica da UEPB.<\/li>\n<li>N\u00e3o acumular a bolsa com qualquer modalidade de aux\u00edlio ou bolsa de outros programas de ag\u00eancias p\u00fablicas de fomento, nacional ou internacional, ou empresa p\u00fablica ou privada, excetuando-se as condi\u00e7\u00f5es previstas pela respectiva ag\u00eancia;<\/li>\n<li>O aluno bolsista fica sujeito, tamb\u00e9m, \u00e0s normas da institui\u00e7\u00e3o financeira que lhe outorga a bolsa;<\/li>\n<li>Rendimento acad\u00eamico satisfat\u00f3rio, em conformidade com o regimento do PPGCA.<\/li>\n<\/ol>\n<p>DOCUMENTOS NECESS\u00c1RIOS PARA IMPLANTA\u00c7\u00c3O DE BOLSA DE ESTUDOS DA CAPES:<\/p>\n<div class='w3eden'>\n    <div class=''>\n\n        \n        <div id=\"content_wpdm_package_1\">\n            <div class='row'><div class='col-lg-12 col-md-6 col-12'><!-- WPDM Link Template: Default Template -->\n\n<div class=\"link-template-default card mb-2\">\n    <div class=\"card-body\">\n        <div class=\"media\">\n            <div class=\"mr-3 img-48\"><img decoding=\"async\" class=\"wpdm_icon\" alt=\"\u00edcone\" src=\"https:\/\/pos-graduacao.uepb.edu.br\/ppgca\/wp-content\/plugins\/download-manager\/assets\/file-type-icons\/docx.svg\" \/><\/div>\n            <div class=\"media-body\">\n                <h3 class=\"package-title\"><a href='https:\/\/pos-graduacao.uepb.edu.br\/ppgca\/download\/termo-de-compromisso\/'>Termo de compromisso do bolsista<\/a><\/h3>\n                <div class=\"text-muted text-small\"><i class=\"fas fa-copy\"><\/i> 1  arquivo(s) <i class=\"fas fa-hdd ml-3\"><\/i> 14.00 KB<\/div>\n            <\/div>\n            <div class=\"ml-3\">\n                <a class='wpdm-download-link download-on-click btn btn-primary ' rel='nofollow' href='#' data-downloadurl=\"https:\/\/pos-graduacao.uepb.edu.br\/ppgca\/download\/termo-de-compromisso\/?wpdmdl=2043&refresh=69e7636a1c5b31776771946\">Download<\/a>\n            <\/div>\n        <\/div>\n    <\/div>\n<\/div>\n\n<\/div><div class='col-lg-12 col-md-6 col-12'><!-- WPDM Link Template: Default Template -->\n\n<div class=\"link-template-default card mb-2\">\n    <div class=\"card-body\">\n        <div class=\"media\">\n            <div class=\"mr-3 img-48\"><img decoding=\"async\" class=\"wpdm_icon\" alt=\"\u00edcone\" src=\"https:\/\/pos-graduacao.uepb.edu.br\/ppgca\/wp-content\/plugins\/download-manager\/assets\/file-type-icons\/xlsx.svg\" \/><\/div>\n            <div class=\"media-body\">\n                <h3 class=\"package-title\"><a href='https:\/\/pos-graduacao.uepb.edu.br\/ppgca\/download\/formulario-geral-de-castramento-de-bolsistas-da-capes\/'>Formul\u00e1rio Geral De Castramento De Bolsistas Da CAPES<\/a><\/h3>\n                <div class=\"text-muted text-small\"><i class=\"fas fa-copy\"><\/i> 1  arquivo(s) <i class=\"fas fa-hdd ml-3\"><\/i> 43.35 KB<\/div>\n            <\/div>\n            <div class=\"ml-3\">\n                <a class='wpdm-download-link download-on-click btn btn-primary ' rel='nofollow' href='#' data-downloadurl=\"https:\/\/pos-graduacao.uepb.edu.br\/ppgca\/download\/formulario-geral-de-castramento-de-bolsistas-da-capes\/?wpdmdl=2042&refresh=69e7636a231931776771946\">Download<\/a>\n            <\/div>\n        <\/div>\n    <\/div>\n<\/div>\n\n<\/div><div class='col-lg-12 col-md-6 col-12'><!-- WPDM Link Template: Default Template -->\n\n<div class=\"link-template-default card mb-2\">\n    <div class=\"card-body\">\n        <div class=\"media\">\n            <div class=\"mr-3 img-48\"><img decoding=\"async\" class=\"wpdm_icon\" alt=\"\u00edcone\" src=\"https:\/\/pos-graduacao.uepb.edu.br\/ppgca\/wp-content\/plugins\/download-manager\/assets\/file-type-icons\/docx.svg\" \/><\/div>\n            <div class=\"media-body\">\n                <h3 class=\"package-title\"><a href='https:\/\/pos-graduacao.uepb.edu.br\/ppgca\/download\/declaracao\/'>Declara\u00e7\u00e3o de n\u00e3o v\u00ednculo empregat\u00edcio<\/a><\/h3>\n                <div class=\"text-muted text-small\"><i class=\"fas fa-copy\"><\/i> 1  arquivo(s) <i class=\"fas fa-hdd ml-3\"><\/i> 13.72 KB<\/div>\n            <\/div>\n            <div class=\"ml-3\">\n                <a class='wpdm-download-link download-on-click btn btn-primary ' rel='nofollow' href='#' data-downloadurl=\"https:\/\/pos-graduacao.uepb.edu.br\/ppgca\/download\/declaracao\/?wpdmdl=2022&refresh=69e7636a23e411776771946\">Download<\/a>\n            <\/div>\n        <\/div>\n    <\/div>\n<\/div>\n\n<\/div><\/div>            <div style='clear:both'><\/div><div class='text-center'><ul class='pagination wpdm-pagination pagination-centered text-center'><\/ul><\/div><div style='clear:both'><\/div>        <\/div>\n\n        <div style='clear:both'><\/div>\n    <\/div>\n<\/div>\n\n","protected":false},"excerpt":{"rendered":"<p>Em conformidade com normas das ag\u00eancias de fomento e legisla\u00e7\u00f5es espec\u00edficas da UEPB, a distribui\u00e7\u00e3o de bolsa e o acompanhamento dos bolsistas estar\u00e3o a cargo da\u00a0Comiss\u00e3o de Bolsa, indicada pelo Colegiado. Para concess\u00e3o de bolsa, exigir-se-\u00e3o do p\u00f3s-graduando, dentre outros crit\u00e9rios: Ser classificado no processo seletivo do PPGCA. Dedica\u00e7\u00e3o integral \u00e0s atividades do curso. Quando <a class=\"leiamais\" href=\"https:\/\/pos-graduacao.uepb.edu.br\/ppgca\/bolsas-de-estudo\/\">Leia Mais&#8230;<\/a><\/p>\n","protected":false},"author":19,"featured_media":0,"parent":0,"menu_order":0,"comment_status":"closed","ping_status":"closed","template":"","meta":{"footnotes":""},"class_list":["post-1305","page","type-page","status-publish","hentry"],"_links":{"self":[{"href":"https:\/\/pos-graduacao.uepb.edu.br\/ppgca\/wp-json\/wp\/v2\/pages\/1305","targetHints":{"allow":["GET"]}}],"collection":[{"href":"https:\/\/pos-graduacao.uepb.edu.br\/ppgca\/wp-json\/wp\/v2\/pages"}],"about":[{"href":"https:\/\/pos-graduacao.uepb.edu.br\/ppgca\/wp-json\/wp\/v2\/types\/page"}],"author":[{"embeddable":true,"href":"https:\/\/pos-graduacao.uepb.edu.br\/ppgca\/wp-json\/wp\/v2\/users\/19"}],"replies":[{"embeddable":true,"href":"https:\/\/pos-graduacao.uepb.edu.br\/ppgca\/wp-json\/wp\/v2\/comments?post=1305"}],"version-history":[{"count":7,"href":"https:\/\/pos-graduacao.uepb.edu.br\/ppgca\/wp-json\/wp\/v2\/pages\/1305\/revisions"}],"predecessor-version":[{"id":2261,"href":"https:\/\/pos-graduacao.uepb.edu.br\/ppgca\/wp-json\/wp\/v2\/pages\/1305\/revisions\/2261"}],"wp:attachment":[{"href":"https:\/\/pos-graduacao.uepb.edu.br\/ppgca\/wp-json\/wp\/v2\/media?parent=1305"}],"curies":[{"name":"wp","href":"https:\/\/api.w.org\/{rel}","templated":true}]}}