{"id":1295,"date":"2021-03-09T17:15:46","date_gmt":"2021-03-09T17:15:46","guid":{"rendered":"https:\/\/pos-graduacao.uepb.edu.br\/ppgca\/?page_id=1295"},"modified":"2025-07-22T15:00:48","modified_gmt":"2025-07-22T15:00:48","slug":"autoavaliacao-ppgca","status":"publish","type":"page","link":"https:\/\/pos-graduacao.uepb.edu.br\/ppgca\/autoavaliacao-ppgca\/","title":{"rendered":"Autoavalia\u00e7\u00e3o e planejamento estrat\u00e9gico do PPGCA"},"content":{"rendered":"<div class=\"wpb-content-wrapper\"><p>[vc_row][vc_column][vc_tta_accordion][vc_tta_section title=&#8221;Ciclo avaliativo 2017-2020&#8243; tab_id=&#8221;1752852313439-463c71c6-0312&#8243;][vc_column_text css=&#8221;&#8221;]A\u00c7\u00d5ES DESENVOLVIDAS:<\/p>\n<ul>\n<li style=\"list-style-type: none\">\n<ul>\n<li><a href=\"https:\/\/pos-graduacao.uepb.edu.br\/ppgca\/download\/matriz-swot-ppgca\/?wpdmdl=2039&amp;masterkey=9m1J04kam-d5OC4i-QZrXXHollARpXHIjT-FTifU-AHnyAxXewC4QRQGNIyDPCRof17PCaXFxU2DclFgt62jOXg8ri9oos6nAi4RsQr-_L8\">Planejamento estrat\u00e9gico Matriz Swot<\/a><\/li>\n<li><a href=\"https:\/\/pos-graduacao.uepb.edu.br\/ppgca\/download\/planejamentoestrategico-canvas\/?wpdmdl=2040&amp;masterkey=T2X3DGepQtc76087-h8ywcfNu_wvpxClmQVq1tkEn6ejUrLCFLmf5VtefZYjis24oOc6hmCvk8RXN9rvbucAg2OSzSzBKqSb_2JHpjUb84c\">Planejamento estrat\u00e9gico CANVAS<\/a><\/li>\n<li>Question\u00e1rio de autoavalia\u00e7\u00e3o aplicado a docentes, discentes e egressos do PPGCA (2021-2024).\n<ul>\n<li>Docentes: <a href=\"https:\/\/forms.gle\/ZoXd2nwuNXyvAbhb7\">https:\/\/forms.gle\/ZoXd2nwuNXyvAbhb7<\/a><\/li>\n<li>Discentes e egressos: <a href=\"https:\/\/forms.gle\/tzLWs1Yxp3Smc7TVA\">https:\/\/forms.gle\/tzLWs1Yxp3Smc7TVA<\/a><\/li>\n<\/ul>\n<\/li>\n<li><a href=\"https:\/\/pos-graduacao.uepb.edu.br\/ppgca\/download\/acompanhamento-dos-egressos-atualizacao-continua\/\">Acompanhamento dos egressos do PPGCA (atualiza\u00e7\u00e3o cont\u00ednua)<\/a><\/li>\n<\/ul>\n<\/li>\n<\/ul>\n<p>[\/vc_column_text][\/vc_tta_section][vc_tta_section title=&#8221;Ciclo avaliativo 2021-2024&#8243; tab_id=&#8221;1752852313444-81d30bb9-0fa8&#8243;][vc_column_text css=&#8221;&#8221;]A\u00c7\u00d5ES DESENVOLVIDAS:<\/p>\n<ul>\n<li style=\"list-style-type: none\">\n<ul>\n<li><a href=\"https:\/\/pos-graduacao.uepb.edu.br\/ppgca\/download\/matriz-swot-2025\/\">Planejamento estrat\u00e9gico Matriz SWOT;<\/a><\/li>\n<li>Planejamento estrat\u00e9gico CANVAS<\/li>\n<li><a href=\"https:\/\/pos-graduacao.uepb.edu.br\/ppgca\/download\/relatorio-de-autoavaliacao-docente-2025\/\">Relat\u00f3rio de autoavalia\u00e7\u00e3o docente (2025);<\/a><\/li>\n<li><a href=\"https:\/\/pos-graduacao.uepb.edu.br\/ppgca\/download\/relatorio-de-autoavaliacao-discentes-e-egressos-2025\/\">Relat\u00f3rio de autoavalia\u00e7\u00e3o discente\/egressos (2025).<\/a><\/li>\n<\/ul>\n<\/li>\n<\/ul>\n<p>[\/vc_column_text][\/vc_tta_section][\/vc_tta_accordion][\/vc_column][\/vc_row][vc_row][vc_column width=&#8221;1\/2&#8243;][vc_gallery interval=&#8221;3&#8243; images=&#8221;2653,2650,2651&#8243; img_size=&#8221;&#8221; css=&#8221;&#8221; title=&#8221;Reuni\u00f5es de planejamento 2017-2020&#8243;][\/vc_column][vc_column width=&#8221;1\/2&#8243;][vc_gallery interval=&#8221;5&#8243; images=&#8221;2647,2648&#8243; img_size=&#8221;&#8221; css=&#8221;&#8221; title=&#8221;Reuni\u00f5es de planejamento 2021-2024&#8243;][\/vc_column][\/vc_row]<\/p>\n<\/div>","protected":false},"excerpt":{"rendered":"<p>[vc_row][vc_column][vc_tta_accordion][vc_tta_section title=&#8221;Ciclo avaliativo 2017-2020&#8243; tab_id=&#8221;1752852313439-463c71c6-0312&#8243;][vc_column_text css=&#8221;&#8221;]A\u00c7\u00d5ES DESENVOLVIDAS: Planejamento estrat\u00e9gico Matriz Swot Planejamento estrat\u00e9gico CANVAS Question\u00e1rio de autoavalia\u00e7\u00e3o aplicado a docentes, discentes e egressos do PPGCA (2021-2024). Docentes: https:\/\/forms.gle\/ZoXd2nwuNXyvAbhb7 Discentes e egressos: https:\/\/forms.gle\/tzLWs1Yxp3Smc7TVA Acompanhamento dos egressos do PPGCA (atualiza\u00e7\u00e3o cont\u00ednua) [\/vc_column_text][\/vc_tta_section][vc_tta_section title=&#8221;Ciclo avaliativo 2021-2024&#8243; tab_id=&#8221;1752852313444-81d30bb9-0fa8&#8243;][vc_column_text css=&#8221;&#8221;]A\u00c7\u00d5ES DESENVOLVIDAS: Planejamento estrat\u00e9gico Matriz SWOT; Planejamento estrat\u00e9gico CANVAS Relat\u00f3rio de <a class=\"leiamais\" href=\"https:\/\/pos-graduacao.uepb.edu.br\/ppgca\/autoavaliacao-ppgca\/\">Leia Mais&#8230;<\/a><\/p>\n","protected":false},"author":19,"featured_media":0,"parent":0,"menu_order":0,"comment_status":"closed","ping_status":"closed","template":"","meta":{"footnotes":""},"class_list":["post-1295","page","type-page","status-publish","hentry"],"_links":{"self":[{"href":"https:\/\/pos-graduacao.uepb.edu.br\/ppgca\/wp-json\/wp\/v2\/pages\/1295","targetHints":{"allow":["GET"]}}],"collection":[{"href":"https:\/\/pos-graduacao.uepb.edu.br\/ppgca\/wp-json\/wp\/v2\/pages"}],"about":[{"href":"https:\/\/pos-graduacao.uepb.edu.br\/ppgca\/wp-json\/wp\/v2\/types\/page"}],"author":[{"embeddable":true,"href":"https:\/\/pos-graduacao.uepb.edu.br\/ppgca\/wp-json\/wp\/v2\/users\/19"}],"replies":[{"embeddable":true,"href":"https:\/\/pos-graduacao.uepb.edu.br\/ppgca\/wp-json\/wp\/v2\/comments?post=1295"}],"version-history":[{"count":29,"href":"https:\/\/pos-graduacao.uepb.edu.br\/ppgca\/wp-json\/wp\/v2\/pages\/1295\/revisions"}],"predecessor-version":[{"id":2666,"href":"https:\/\/pos-graduacao.uepb.edu.br\/ppgca\/wp-json\/wp\/v2\/pages\/1295\/revisions\/2666"}],"wp:attachment":[{"href":"https:\/\/pos-graduacao.uepb.edu.br\/ppgca\/wp-json\/wp\/v2\/media?parent=1295"}],"curies":[{"name":"wp","href":"https:\/\/api.w.org\/{rel}","templated":true}]}}