{"id":1274,"date":"2021-03-09T12:32:44","date_gmt":"2021-03-09T12:32:44","guid":{"rendered":"https:\/\/pos-graduacao.uepb.edu.br\/ppgca\/?page_id=1274"},"modified":"2026-03-05T20:26:44","modified_gmt":"2026-03-05T20:26:44","slug":"selecoes-em-andamento","status":"publish","type":"page","link":"https:\/\/pos-graduacao.uepb.edu.br\/ppgca\/selecoes-em-andamento\/","title":{"rendered":"Sele\u00e7\u00f5es em andamento"},"content":{"rendered":"<div class=\"wpb-content-wrapper\"><p>[vc_row][vc_column][vc_tta_accordion][vc_tta_section title=&#8221;Sele\u00e7\u00e3o P\u00f3s-doutorado FAPESQ-PB 2026.1&#8243; tab_id=&#8221;1748436504123-8a0fe64c-7b7c&#8221;][vc_column_text css=&#8221;&#8221;]<a href=\"https:\/\/pos-graduacao.uepb.edu.br\/ppgca\/download\/edital-bolsista-pos-doutorado-ppgca-2026\/\">Edital de sele\u00e7\u00e3o<\/a> (13\/02\/2026);<\/p>\n<p><a href=\"https:\/\/pos-graduacao.uepb.edu.br\/ppgca\/download\/homologacao-das-inscricoes-pos-doc\/\">Inscri\u00e7\u00f5es homologadas &#8211; resultado preliminar<\/a> (27\/02\/2026);<\/p>\n<p><a href=\"https:\/\/pos-graduacao.uepb.edu.br\/ppgca\/download\/homologacao-das-inscricoes-pos-doutorado-2026-1-resultado-final\/\">Inscri\u00e7\u00f5es homologadas &#8211; resultado final<\/a> (03\/03\/2026);<\/p>\n<p><a href=\"https:\/\/pos-graduacao.uepb.edu.br\/ppgca\/download\/notas-dos-curriculos-e-projeto-da-selecao-pos-doutorado-20261-resultado-preliminar\/\">Notas dos curr\u00edculos e projetos &#8211; resultado preliminar<\/a> (03\/03\/2026);<\/p>\n<p><a href=\"https:\/\/pos-graduacao.uepb.edu.br\/ppgca\/download\/analise-do-recurso-pos-doc-2026-1\/\">An\u00e1lise do recurso<\/a> (05\/03\/2026);<\/p>\n<p><a href=\"https:\/\/pos-graduacao.uepb.edu.br\/ppgca\/download\/resultado-final-pos-doc-2026-1\/\">Resultado final<\/a> (05\/03\/2026).[\/vc_column_text][\/vc_tta_section][vc_tta_section title=&#8221;Sele\u00e7\u00e3o&#8230;&#8221; tab_id=&#8221;1763463990640-38f3c8a9-3989&#8243;][vc_column_text css=&#8221;&#8221;][\/vc_column_text][\/vc_tta_section][\/vc_tta_accordion][\/vc_column][\/vc_row]<\/p>\n<\/div>","protected":false},"excerpt":{"rendered":"<p>[vc_row][vc_column][vc_tta_accordion][vc_tta_section title=&#8221;Sele\u00e7\u00e3o P\u00f3s-doutorado FAPESQ-PB 2026.1&#8243; tab_id=&#8221;1748436504123-8a0fe64c-7b7c&#8221;][vc_column_text css=&#8221;&#8221;]Edital de sele\u00e7\u00e3o (13\/02\/2026); Inscri\u00e7\u00f5es homologadas &#8211; resultado preliminar (27\/02\/2026); Inscri\u00e7\u00f5es homologadas &#8211; resultado final (03\/03\/2026); Notas dos curr\u00edculos e projetos &#8211; resultado preliminar (03\/03\/2026); An\u00e1lise do recurso (05\/03\/2026); Resultado final (05\/03\/2026).[\/vc_column_text][\/vc_tta_section][vc_tta_section title=&#8221;Sele\u00e7\u00e3o&#8230;&#8221; tab_id=&#8221;1763463990640-38f3c8a9-3989&#8243;][vc_column_text css=&#8221;&#8221;][\/vc_column_text][\/vc_tta_section][\/vc_tta_accordion][\/vc_column][\/vc_row]<\/p>\n","protected":false},"author":19,"featured_media":0,"parent":0,"menu_order":0,"comment_status":"closed","ping_status":"closed","template":"","meta":{"footnotes":""},"class_list":["post-1274","page","type-page","status-publish","hentry"],"_links":{"self":[{"href":"https:\/\/pos-graduacao.uepb.edu.br\/ppgca\/wp-json\/wp\/v2\/pages\/1274","targetHints":{"allow":["GET"]}}],"collection":[{"href":"https:\/\/pos-graduacao.uepb.edu.br\/ppgca\/wp-json\/wp\/v2\/pages"}],"about":[{"href":"https:\/\/pos-graduacao.uepb.edu.br\/ppgca\/wp-json\/wp\/v2\/types\/page"}],"author":[{"embeddable":true,"href":"https:\/\/pos-graduacao.uepb.edu.br\/ppgca\/wp-json\/wp\/v2\/users\/19"}],"replies":[{"embeddable":true,"href":"https:\/\/pos-graduacao.uepb.edu.br\/ppgca\/wp-json\/wp\/v2\/comments?post=1274"}],"version-history":[{"count":206,"href":"https:\/\/pos-graduacao.uepb.edu.br\/ppgca\/wp-json\/wp\/v2\/pages\/1274\/revisions"}],"predecessor-version":[{"id":2788,"href":"https:\/\/pos-graduacao.uepb.edu.br\/ppgca\/wp-json\/wp\/v2\/pages\/1274\/revisions\/2788"}],"wp:attachment":[{"href":"https:\/\/pos-graduacao.uepb.edu.br\/ppgca\/wp-json\/wp\/v2\/media?parent=1274"}],"curies":[{"name":"wp","href":"https:\/\/api.w.org\/{rel}","templated":true}]}}