{"id":1262,"date":"2021-03-08T18:32:10","date_gmt":"2021-03-08T18:32:10","guid":{"rendered":"https:\/\/pos-graduacao.uepb.edu.br\/ppgca\/?page_id=1262"},"modified":"2024-06-14T19:52:44","modified_gmt":"2024-06-14T19:52:44","slug":"matriculas","status":"publish","type":"page","link":"https:\/\/pos-graduacao.uepb.edu.br\/ppgca\/matriculas\/","title":{"rendered":"Matr\u00edculas"},"content":{"rendered":"<p>A cada semestre letivo, o aluno dever\u00e1 fazer impreterivelmente a sua matr\u00edcula no PPGCA, de acordo com o n\u00famero de cr\u00e9ditos estabelecidos e no prazo determinado pela Coordena\u00e7\u00e3o, com a devida anu\u00eancia de seu orientador.<\/p>\n<p>Para realizar a matr\u00edcula, o estudante deve preencher o formul\u00e1rio de matr\u00edcula, solicitar a concord\u00e2ncia de seu orientador e entregar o documento na Secretaria do Curso no prazo estabelecido. Ap\u00f3s sua matr\u00edcula, o mestrando receber\u00e1 os documentos comprobat\u00f3rios de seu v\u00ednculo com a institui\u00e7\u00e3o.<\/p>\n<p>Baixe <a href=\"https:\/\/pos-graduacao.uepb.edu.br\/ppgca\/download\/ficha-de-matricula-padrao\/?wpdmdl=2010&amp;masterkey\">aqui<\/a> a <a href=\"https:\/\/pos-graduacao.uepb.edu.br\/ppgca\/download\/ficha-de-matricula-padrao\/?wpdmdl=2010&amp;masterkey\">Ficha de Matr\u00edcula Padr\u00e3o<\/a>.<\/p>\n","protected":false},"excerpt":{"rendered":"<p>A cada semestre letivo, o aluno dever\u00e1 fazer impreterivelmente a sua matr\u00edcula no PPGCA, de acordo com o n\u00famero de cr\u00e9ditos estabelecidos e no prazo determinado pela Coordena\u00e7\u00e3o, com a devida anu\u00eancia de seu orientador. Para realizar a matr\u00edcula, o estudante deve preencher o formul\u00e1rio de matr\u00edcula, solicitar a concord\u00e2ncia de seu orientador e entregar <a class=\"leiamais\" href=\"https:\/\/pos-graduacao.uepb.edu.br\/ppgca\/matriculas\/\">Leia Mais&#8230;<\/a><\/p>\n","protected":false},"author":19,"featured_media":0,"parent":0,"menu_order":0,"comment_status":"closed","ping_status":"closed","template":"","meta":{"footnotes":""},"class_list":["post-1262","page","type-page","status-publish","hentry"],"_links":{"self":[{"href":"https:\/\/pos-graduacao.uepb.edu.br\/ppgca\/wp-json\/wp\/v2\/pages\/1262","targetHints":{"allow":["GET"]}}],"collection":[{"href":"https:\/\/pos-graduacao.uepb.edu.br\/ppgca\/wp-json\/wp\/v2\/pages"}],"about":[{"href":"https:\/\/pos-graduacao.uepb.edu.br\/ppgca\/wp-json\/wp\/v2\/types\/page"}],"author":[{"embeddable":true,"href":"https:\/\/pos-graduacao.uepb.edu.br\/ppgca\/wp-json\/wp\/v2\/users\/19"}],"replies":[{"embeddable":true,"href":"https:\/\/pos-graduacao.uepb.edu.br\/ppgca\/wp-json\/wp\/v2\/comments?post=1262"}],"version-history":[{"count":4,"href":"https:\/\/pos-graduacao.uepb.edu.br\/ppgca\/wp-json\/wp\/v2\/pages\/1262\/revisions"}],"predecessor-version":[{"id":2262,"href":"https:\/\/pos-graduacao.uepb.edu.br\/ppgca\/wp-json\/wp\/v2\/pages\/1262\/revisions\/2262"}],"wp:attachment":[{"href":"https:\/\/pos-graduacao.uepb.edu.br\/ppgca\/wp-json\/wp\/v2\/media?parent=1262"}],"curies":[{"name":"wp","href":"https:\/\/api.w.org\/{rel}","templated":true}]}}