{"id":1257,"date":"2021-03-08T18:14:07","date_gmt":"2021-03-08T18:14:07","guid":{"rendered":"https:\/\/pos-graduacao.uepb.edu.br\/ppgca\/?page_id=1257"},"modified":"2026-03-04T13:46:49","modified_gmt":"2026-03-04T13:46:49","slug":"solicitacao-de-defesa-de-dissertacao","status":"publish","type":"page","link":"https:\/\/pos-graduacao.uepb.edu.br\/ppgca\/solicitacao-de-defesa-de-dissertacao\/","title":{"rendered":"Solicita\u00e7\u00e3o de defesa de disserta\u00e7\u00e3o \/ prorroga\u00e7\u00e3o de defesa"},"content":{"rendered":"<div class=\"wpb-content-wrapper\"><p>[vc_row][vc_column][vc_column_text css=&#8221;&#8221;]<\/p>\n<p class=\"Normal tm5\"><span class=\"tm6\">O Trabalho Final ser\u00e1 julgado por uma comiss\u00e3o examinadora composta pelo Orientador, como presidente, e por dois pesquisadores\/professores, sendo, pelo menos, um externo ao programa e a UEPB e a Embrapa Algod\u00e3o. Todos os membros da banca examinadora dever\u00e3o ser especialistas na \u00e1rea e possu\u00edrem o T\u00edtulo de Doutor ou Livre Docente. <\/span><span class=\"tm6\">O orientador poder\u00e1 sugerir nomes para compor a comiss\u00e3o examinadora, mas a escolhida ser\u00e1 realizada pelo colegiado do programa, considerando os nomes apresentados pelo orientador, mas sem restringir a estes<\/span><span class=\"tm6\">.<\/span><\/p>\n<p class=\"Normal tm7\"><span class=\"tm6\">A comiss\u00e3o examinadora ser\u00e1 presidida pelo orientador. <\/span><span class=\"tm6\">A data para a defesa da disserta\u00e7\u00e3o ser\u00e1 fixada pelo Coordenador, ouvido o Orientador, no prazo m\u00ednimo de 30 (trinta) dias contados a partir do recebimento dos exemplares no protocolo da UEPB \/ Coordena\u00e7\u00e3o do Programa.<\/span><\/p>\n<p class=\"Normal tm5\">Para a <strong>realiza\u00e7\u00e3o da defesa da Disserta\u00e7\u00e3o<\/strong>, dever\u00e1 o aluno, dentro dos prazos estabelecidos por este Regulamento, satisfazer aos seguintes requisitos:<\/p>\n<ol>\n<li class=\"Normal tm5\">Entregar na coordena\u00e7\u00e3o do curso com anteced\u00eancia m\u00ednima de 30 dias, 01 c\u00f3pia da Disserta\u00e7\u00e3o para o curso em n\u00edvel de Mestrado;<\/li>\n<li class=\"Normal tm5\">Entregar na coordena\u00e7\u00e3o do curso, documento do orientador solicitando autoriza\u00e7\u00e3o para defesa de Disserta\u00e7\u00e3o, com indica\u00e7\u00e3o de nomes para compor a banca de avalia\u00e7\u00e3o do<br \/>\ntrabalho e prazo m\u00ednimo de 30 dias da entrega do documento;<\/li>\n<li class=\"Normal tm5\">Ter conclu\u00eddo os 24 cr\u00e9ditos m\u00ednimos exigidos;<\/li>\n<li class=\"Normal tm5\">Ter sido aprovado no exame de profici\u00eancia em l\u00edngua estrangeira (ingl\u00eas);<\/li>\n<li class=\"Normal tm5\">Ter sido aprovado no Exame de Qualifica\u00e7\u00e3o de mestrado (EQM);<\/li>\n<li class=\"Normal tm5\">Apresentar um artigo, relacionado com seu trabalho de Disserta\u00e7\u00e3o e o comprovante que enviou o referido artigo para um peri\u00f3dico, com percentil igual ou superior a 50% na base<br \/>\nScopus.<\/li>\n<\/ol>\n<p>Para a <strong>realiza\u00e7\u00e3o da defesa da Tese<\/strong>, dever\u00e1 o aluno, dentro dos prazos estabelecidos por este Regulamento, satisfazer aos seguintes requisitos:<\/p>\n<ol>\n<li>Entregar na coordena\u00e7\u00e3o do curso com anteced\u00eancia m\u00ednima de 30 dias pelo menos 01 c\u00f3pia da Tese para o curso em n\u00edvel de Doutorado;<\/li>\n<li>Entregar na coordena\u00e7\u00e3o do curso, documento do orientador solicitando autoriza\u00e7\u00e3o para defesa de Tese, com indica\u00e7\u00e3o de nomes para compor a banca de avalia\u00e7\u00e3o do trabalho e<br \/>\nprazo m\u00ednimo de 30 dias da entrega do documento;<\/li>\n<li>Ter conclu\u00eddo os 48 cr\u00e9ditos m\u00ednimos exigidos em disciplinas;<\/li>\n<li>Ter sido aprovado nos exames de profici\u00eancia em l\u00edngua estrangeira;<\/li>\n<li>Ter sido aprovado no Exame de Qualifica\u00e7\u00e3o de Doutorado (EQD);<\/li>\n<li>Apresentar dois artigos relacionados ao trabalho de Tese e o comprovante que enviou os referidos artigos para peri\u00f3dicos, com percentil igual ou superior a 50% na base Scopus.<\/li>\n<\/ol>\n<p class=\"Normal tm5\"><span class=\"tm6\">A defesa da Disserta\u00e7\u00e3o ou tese ser\u00e1 feita publicamente, ressalvados os direitos emanados da Lei de Direitos Autorais e de Propriedade Intelectual.<\/span><\/p>\n<p>Para agendamento da defesa, al\u00e9m do vers\u00e3o preliminar da disserta\u00e7\u00e3o\/tese o discente dever\u00e1 preencher e entregar os formul\u00e1rio de solicita\u00e7\u00e3o de banca de disserta\u00e7\u00e3o e cadastro do membro externo da banca da disserta\u00e7\u00e3o.<\/p>\n<p>Caso exista a necessidade da realiza\u00e7\u00e3o da <strong>prorroga\u00e7\u00e3o do prazo de defesa<\/strong> da disserta\u00e7\u00e3o\/teses, o(a) discente deve preencher e entregar o formul\u00e1rio de requerimento de prorroga\u00e7\u00e3o de defesa e elaborar um relat\u00f3rio parcial das atividades desenvolvidas da disserta\u00e7\u00e3o\/tese. No relat\u00f3rio deve constar o &#8220;status&#8221; atual da pesquisa\/escrita e o cronocrama detalhado para conclus\u00e3o com a descri\u00e7\u00e3o detalhada das atividades.<\/p>\n<p>Baixe aqui:<\/p>\n<ul>\n<li><a href=\"https:\/\/pos-graduacao.uepb.edu.br\/ppgca\/download\/formulario-para-solicitacao-de-banca-de-dissertacao\/?wpdmdl=2011&amp;masterkey\" target=\"_blank\" rel=\"noopener\">Formul\u00e1rio Para Solicita\u00e7\u00e3o De Banca De Disserta\u00e7\u00e3o<\/a><\/li>\n<li><a href=\"https:\/\/pos-graduacao.uepb.edu.br\/ppgca\/download\/ficha-cadastro-professor-externo2-1\/?wpdmdl=2009&amp;masterkey=0mX2Ij6tpwrv-CVSX9YbHEf9Hdj555VAfRfwNAM0sW-CU6Q0ShuFNVo3EDcRa0Lf26ZbswMCfU2mJEfFlBXttqRY3b17Guen62QgbnxOZC4\" target=\"_blank\" rel=\"noopener\">Formul\u00e1rio para Cadastro de Professor Externo<\/a><\/li>\n<li><div class='w3eden'><!-- WPDM Link Template: Default Template -->\n\n<div class=\"link-template-default card mb-2\">\n    <div class=\"card-body\">\n        <div class=\"media\">\n            <div class=\"mr-3 img-48\"><img decoding=\"async\" class=\"wpdm_icon\" alt=\"\u00edcone\" src=\"https:\/\/pos-graduacao.uepb.edu.br\/ppgca\/wp-content\/plugins\/download-manager\/assets\/file-type-icons\/docx.svg\" \/><\/div>\n            <div class=\"media-body\">\n                <h3 class=\"package-title\"><a href='https:\/\/pos-graduacao.uepb.edu.br\/ppgca\/download\/requerimento-de-prorrogacao-de-prazo-para-defesa-de-dissertacao-tese\/'>REQUERIMENTO DE PRORROGA\u00c7\u00c3O DE PRAZO PARA DEFESA DE DISSERTA\u00c7\u00c3O\/TESE<\/a><\/h3>\n                <div class=\"text-muted text-small\"><i class=\"fas fa-copy\"><\/i> 1  arquivo(s) <i class=\"fas fa-hdd ml-3\"><\/i> 40.54 KB<\/div>\n            <\/div>\n            <div class=\"ml-3\">\n                <a class='wpdm-download-link download-on-click btn btn-primary ' rel='nofollow' href='#' data-downloadurl=\"https:\/\/pos-graduacao.uepb.edu.br\/ppgca\/download\/requerimento-de-prorrogacao-de-prazo-para-defesa-de-dissertacao-tese\/?wpdmdl=2432&refresh=69e1e8aab3e6b1776412842\">Download<\/a>\n            <\/div>\n        <\/div>\n    <\/div>\n<\/div>\n\n<\/div><\/li>\n<\/ul>\n<p>[\/vc_column_text][\/vc_column][\/vc_row]<\/p>\n<\/div>","protected":false},"excerpt":{"rendered":"<p>[vc_row][vc_column][vc_column_text css=&#8221;&#8221;] O Trabalho Final ser\u00e1 julgado por uma comiss\u00e3o examinadora composta pelo Orientador, como presidente, e por dois pesquisadores\/professores, sendo, pelo menos, um externo ao programa e a UEPB e a Embrapa Algod\u00e3o. Todos os membros da banca examinadora dever\u00e3o ser especialistas na \u00e1rea e possu\u00edrem o T\u00edtulo de Doutor ou Livre Docente. O <a class=\"leiamais\" href=\"https:\/\/pos-graduacao.uepb.edu.br\/ppgca\/solicitacao-de-defesa-de-dissertacao\/\">Leia Mais&#8230;<\/a><\/p>\n","protected":false},"author":19,"featured_media":0,"parent":0,"menu_order":0,"comment_status":"closed","ping_status":"closed","template":"","meta":{"footnotes":""},"class_list":["post-1257","page","type-page","status-publish","hentry"],"_links":{"self":[{"href":"https:\/\/pos-graduacao.uepb.edu.br\/ppgca\/wp-json\/wp\/v2\/pages\/1257","targetHints":{"allow":["GET"]}}],"collection":[{"href":"https:\/\/pos-graduacao.uepb.edu.br\/ppgca\/wp-json\/wp\/v2\/pages"}],"about":[{"href":"https:\/\/pos-graduacao.uepb.edu.br\/ppgca\/wp-json\/wp\/v2\/types\/page"}],"author":[{"embeddable":true,"href":"https:\/\/pos-graduacao.uepb.edu.br\/ppgca\/wp-json\/wp\/v2\/users\/19"}],"replies":[{"embeddable":true,"href":"https:\/\/pos-graduacao.uepb.edu.br\/ppgca\/wp-json\/wp\/v2\/comments?post=1257"}],"version-history":[{"count":8,"href":"https:\/\/pos-graduacao.uepb.edu.br\/ppgca\/wp-json\/wp\/v2\/pages\/1257\/revisions"}],"predecessor-version":[{"id":2785,"href":"https:\/\/pos-graduacao.uepb.edu.br\/ppgca\/wp-json\/wp\/v2\/pages\/1257\/revisions\/2785"}],"wp:attachment":[{"href":"https:\/\/pos-graduacao.uepb.edu.br\/ppgca\/wp-json\/wp\/v2\/media?parent=1257"}],"curies":[{"name":"wp","href":"https:\/\/api.w.org\/{rel}","templated":true}]}}