{"id":1253,"date":"2021-03-08T14:43:14","date_gmt":"2021-03-08T14:43:14","guid":{"rendered":"https:\/\/pos-graduacao.uepb.edu.br\/ppgca\/?page_id=1253"},"modified":"2025-10-14T13:43:31","modified_gmt":"2025-10-14T13:43:31","slug":"deposito-dos-trabalhos-academicos","status":"publish","type":"page","link":"https:\/\/pos-graduacao.uepb.edu.br\/ppgca\/deposito-dos-trabalhos-academicos\/","title":{"rendered":"Dep\u00f3sito dos Trabalhos Acad\u00eamicos"},"content":{"rendered":"<div class=\"wpb-content-wrapper\"><p>[vc_row][vc_column][vc_column_text css=&#8221;&#8221;]Ap\u00f3s delibera\u00e7\u00e3o na reuni\u00e3o do Colegiado do PPGCA, ocorrida no dia 15\/08\/2025, em at\u00e9 30 dias da defesa da disserta\u00e7\u00e3o o discente dever\u00e1 efetivar a entrega da vers\u00e3o digital da vers\u00e3o ap\u00f3s as corre\u00e7\u00f5es sugeridas pela banca a ser enviada no e-mail da\u00a0 secretaria do PPGCA (ppgca@setor.uepb.edu.br) e inserida no sistema do SUAP.<\/p>\n<p>Quanto ao dep\u00f3sito na Biblioteca Central da UEPB o discente dever\u00e1 seguir as orienta\u00e7\u00f5es do setor.<\/p>\n<p>Orienta\u00e7\u00f5es de Dep\u00f3sitos na Biblioteca Central da UEPB:<\/p>\n<p>O dep\u00f3sito das Teses e Disserta\u00e7\u00f5es para discente de Mestrado e Doutorado na UEPB \u00e9 um processo crucial, realizado na\u00a0<a href=\"https:\/\/biblioteca.uepb.edu.br\/biblioteca-de-teses-e-dissertacoes\/\">Biblioteca Digital de Teses e Disserta\u00e7\u00f5es (BDTD)<\/a>, com base na\u00a0<a href=\"https:\/\/transparencia.uepb.edu.br\/institucional\/conselhos-superiores\/resolucoes-consepe\/#\">Resolu\u00e7\u00e3o UEPB\/Consepe\/0229\/2020<\/a>\u00a0e no\u00a0<a href=\"https:\/\/uepb.edu.br\/prpgp\/resolucoes-portarias-e-normas\/\">Regimento da P\u00f3s-Gradua\u00e7\u00e3o<\/a>.<\/p>\n<p>Para garantir o correto dep\u00f3sito e avalia\u00e7\u00e3o do trabalho acad\u00eamico, siga as etapas abaixo:<\/p>\n<ol>\n<li><strong>Solicitar a Ficha Catalogr\u00e1fica:<\/strong>\n<ul>\n<li>Solicite a ficha catalogr\u00e1fica via SUAP (saiba mais\u00a0<a href=\"https:\/\/doc.uepb.edu.br\/tutoriais\/SUAP\/area_do_aluno\/ficha_catalografica\/\">clicando aqui<\/a>);<\/li>\n<li>A ficha catalogr\u00e1fica estar\u00e1 dispon\u00edvel para download em at\u00e9 72h \u00fateis;<\/li>\n<li>Receba, por e-mail, a solicita\u00e7\u00e3o de cadastro da senha para acesso \u00e0 BDTD;<\/li>\n<li><strong>Observa\u00e7\u00e3o:<\/strong>\u00a0os trabalhos que possu\u00edrem Produtos Educacionais, estes tamb\u00e9m dever\u00e3o conter Ficha Catalogr\u00e1fica.<\/li>\n<\/ul>\n<\/li>\n<li><strong>Baixar Folha de Aprova\u00e7\u00e3o:<\/strong>\n<ul>\n<li>Ap\u00f3s a banca assinar eletr\u00f4nicamente via SUAP a ATA de Defesa, far\u00e3o o mesmo com a Folha de Aprova\u00e7\u00e3o;<\/li>\n<li>Dever\u00e1 baix\u00e1-la via SUAP acessando o menu\u00a0Folha de Aprova\u00e7\u00e3o\u00a0dentro do menu\u00a0Ensino.<\/li>\n<\/ul>\n<\/li>\n<li><strong>Preparar a Tese\/Disserta\u00e7\u00e3o para Submiss\u00e3o:<\/strong>\n<ul>\n<li>Verifique se a Tese\/Disserta\u00e7\u00e3o segue o\u00a0<a href=\"https:\/\/biblioteca.uepb.edu.br\/abnt-guia-de-normalizacao\/#modelos\" target=\"_new\" rel=\"noopener\">Modelo<\/a>\u00a0elaborado pelas Bibliotecas da UEPB, baseado nas normas da ABNT;<\/li>\n<li>Insira a Ficha Catalogr\u00e1fica e a Folha de Aprova\u00e7\u00e3o no documento, convertendo-o para PDF desprotegido.<\/li>\n<\/ul>\n<\/li>\n<li><strong>Acesso \u00e0 BDTD:<\/strong>\n<ul>\n<li>Utilize o login e senha enviados por e-mail para acessar a\u00a0<a href=\"http:\/\/tede.bc.uepb.edu.br\/jspui\/\" target=\"_new\" rel=\"noopener\">BDTD<\/a>, conforme instru\u00e7\u00f5es no\u00a0<a href=\"https:\/\/biblioteca.uepb.edu.br\/download\/manual-de-autodeposito-de-teses-e-dissertacoes\/\" target=\"_new\" rel=\"noopener\">Manual de Autodep\u00f3sito de Teses e Disserta\u00e7\u00f5es na BDTD<\/a>.<\/li>\n<\/ul>\n<\/li>\n<li><strong>Submiss\u00e3o do Trabalho:<\/strong>\n<ul>\n<li>Fa\u00e7a o upload do Trabalho, incluindo o\u00a0<a href=\"https:\/\/biblioteca.uepb.edu.br\/download\/pdf-termo-de-deposito-bdtd\/\">Termo de Dep\u00f3sito de Teses e Disserta\u00e7\u00f5es da BDTD<\/a>.<\/li>\n<li>Todo o processo de avalia\u00e7\u00e3o \u00e9 realizado remotamente pelos servidores das Bibliotecas da UEPB.<\/li>\n<\/ul>\n<\/li>\n<li><strong>Corre\u00e7\u00f5es e Aceita\u00e7\u00e3o:<\/strong>\n<ul>\n<li>Se pend\u00eancias forem identificadas, o(a) discente ser\u00e1 informado(a) por e-mail para realizar as corre\u00e7\u00f5es necess\u00e1rias.<\/li>\n<\/ul>\n<\/li>\n<li><strong>Emiss\u00e3o de Documentos:<\/strong>\n<ul>\n<li>Ap\u00f3s a aceita\u00e7\u00e3o do dep\u00f3sito, ser\u00e1 emitida a Declara\u00e7\u00e3o de Quita\u00e7\u00e3o do TCC;<\/li>\n<li>O Nada Consta dever\u00e1 ser solicitado via SUAP, (saiba mais\u00a0<a href=\"https:\/\/doc.uepb.edu.br\/tutoriais\/SUAP\/area_do_aluno\/nada_consta\/\">clicando aqui<\/a>).<\/li>\n<\/ul>\n<\/li>\n<li><strong>Discentes de P\u00f3s-Gradua\u00e7\u00e3o:<\/strong>\n<ul>\n<li>O Requerimento para solicitar a expedi\u00e7\u00e3o do Diploma est\u00e1 dispon\u00edvel no site da\u00a0<a href=\"http:\/\/proreitorias.uepb.edu.br\/prpgp\/\" target=\"_new\" rel=\"noopener\">PRPGP<\/a>\u00a0e deve ser enviado para o e-mail\u00a0<a href=\"mailto:protocolo@setor.uepb.edu.br\" target=\"_new\" rel=\"noopener\">protocolo@setor.uepb.edu.br<\/a>.<\/li>\n<\/ul>\n<\/li>\n<\/ol>\n<p>Siga essas etapas cuidadosamente para assegurar o dep\u00f3sito adequado e a avalia\u00e7\u00e3o de sua Tese ou Disserta\u00e7\u00e3o na UEPB. Para informa\u00e7\u00f5es adicionais, consulte os recursos fornecidos nos links indicados.<\/p>\n<p>Link da Biblioteca: <a href=\"https:\/\/biblioteca.uepb.edu.br\/regras-para-o-deposito-dos-trabalhos-academicos\/#1709728488903-1950cc86-51a3\">clique aqui.<\/a><\/p>\n<p><strong>Atualizado em 14\/10\/2025.<\/strong>[\/vc_column_text][\/vc_column][\/vc_row]<\/p>\n<\/div>","protected":false},"excerpt":{"rendered":"<p>[vc_row][vc_column][vc_column_text css=&#8221;&#8221;]Ap\u00f3s delibera\u00e7\u00e3o na reuni\u00e3o do Colegiado do PPGCA, ocorrida no dia 15\/08\/2025, em at\u00e9 30 dias da defesa da disserta\u00e7\u00e3o o discente dever\u00e1 efetivar a entrega da vers\u00e3o digital da vers\u00e3o ap\u00f3s as corre\u00e7\u00f5es sugeridas pela banca a ser enviada no e-mail da\u00a0 secretaria do PPGCA (ppgca@setor.uepb.edu.br) e inserida no sistema do SUAP. Quanto <a class=\"leiamais\" href=\"https:\/\/pos-graduacao.uepb.edu.br\/ppgca\/deposito-dos-trabalhos-academicos\/\">Leia Mais&#8230;<\/a><\/p>\n","protected":false},"author":19,"featured_media":0,"parent":0,"menu_order":0,"comment_status":"closed","ping_status":"closed","template":"","meta":{"footnotes":""},"class_list":["post-1253","page","type-page","status-publish","hentry"],"_links":{"self":[{"href":"https:\/\/pos-graduacao.uepb.edu.br\/ppgca\/wp-json\/wp\/v2\/pages\/1253","targetHints":{"allow":["GET"]}}],"collection":[{"href":"https:\/\/pos-graduacao.uepb.edu.br\/ppgca\/wp-json\/wp\/v2\/pages"}],"about":[{"href":"https:\/\/pos-graduacao.uepb.edu.br\/ppgca\/wp-json\/wp\/v2\/types\/page"}],"author":[{"embeddable":true,"href":"https:\/\/pos-graduacao.uepb.edu.br\/ppgca\/wp-json\/wp\/v2\/users\/19"}],"replies":[{"embeddable":true,"href":"https:\/\/pos-graduacao.uepb.edu.br\/ppgca\/wp-json\/wp\/v2\/comments?post=1253"}],"version-history":[{"count":6,"href":"https:\/\/pos-graduacao.uepb.edu.br\/ppgca\/wp-json\/wp\/v2\/pages\/1253\/revisions"}],"predecessor-version":[{"id":2696,"href":"https:\/\/pos-graduacao.uepb.edu.br\/ppgca\/wp-json\/wp\/v2\/pages\/1253\/revisions\/2696"}],"wp:attachment":[{"href":"https:\/\/pos-graduacao.uepb.edu.br\/ppgca\/wp-json\/wp\/v2\/media?parent=1253"}],"curies":[{"name":"wp","href":"https:\/\/api.w.org\/{rel}","templated":true}]}}