{"id":1246,"date":"2021-03-08T14:26:31","date_gmt":"2021-03-08T14:26:31","guid":{"rendered":"https:\/\/pos-graduacao.uepb.edu.br\/ppgca\/?page_id=1246"},"modified":"2024-06-14T19:59:50","modified_gmt":"2024-06-14T19:59:50","slug":"estagio-docencia","status":"publish","type":"page","link":"https:\/\/pos-graduacao.uepb.edu.br\/ppgca\/estagio-docencia\/","title":{"rendered":"Est\u00e1gio doc\u00eancia"},"content":{"rendered":"<div class=\"wpb-content-wrapper\"><p>[vc_row][vc_column][vc_column_text]Todos os alunos matriculados do Programa realizar\u00e3o seu Est\u00e1gio Doc\u00eancia em disciplinas oferecidas pelos cursos de Gradua\u00e7\u00e3o em \u00e1reas afins do Programa.<\/p>\n<p>Diretrizes regimentais:<\/p>\n<ul>\n<li>O Est\u00e1gio Doc\u00eancia dever\u00e1 ser acompanhado e avaliado, preferencialmente, pelo Orientador do aluno.<\/li>\n<li>O aluno dever\u00e1 realizar o Est\u00e1gio Doc\u00eancia em per\u00edodo a ser combinado com seu Orientador.<\/li>\n<li>No final do Est\u00e1gio Doc\u00eancia o aluno dever\u00e1 encaminhar ao colegiado do curso relat\u00f3rio de atividades juntamente com documenta\u00e7\u00e3o emitida pelo professor respons\u00e1vel pela disciplina contendo sua nota.<\/li>\n<li>O est\u00e1gio doc\u00eancia constar\u00e1 no hist\u00f3rico do aluno exclusivamente com os conceitos de S (Suficiente) ou I (Insuficiente).<\/li>\n<\/ul>\n<p>O discente que desejar realizar o est\u00e1gio doc\u00eancia dever\u00e1 entregar no ato da matr\u00edcula o requerimento para realiza\u00e7\u00e3o do est\u00e1gio doc\u00eancia juntamente com o plano de atividades. Ap\u00f3s o encerramento das atividades o discente dever\u00e1 encaminhar o relat\u00f3rio do est\u00e1gio.<\/p>\n<p>A RESOLU\u00c7\u00c3O UEPB\/CONSEPE\/032\/2011 disciplina a realiza\u00e7\u00e3o de est\u00e1gios doc\u00eancia na UEPB. <a href=\"https:\/\/pos-graduacao.uepb.edu.br\/ppgca\/download\/032-2011-aprova-o-estagio-de-docencia\/?wpdmdl=2046&amp;masterkey=_OBMvLQRgPk5Y1l3VwS-Nu62zxGEvEytlfKI4BaDJpRViJa8CYSlSxesrNV2Fx6E5_i-jtAUo-W9E_ws9gU_7IJP_mfX0sdK0Gml-BD2R9M\" target=\"_blank\" rel=\"noopener\">Confira na \u00edntegra (clique aqui)<\/a><\/p>\n<p><strong>Baixe aqui<\/strong>:<\/p>\n<div class='w3eden'>\n    <div class=''>\n\n        \n        <div id=\"content_wpdm_package_1\">\n            <div class='row'><div class='col-lg-12 col-md-6 col-12'><!-- WPDM Link Template: Default Template -->\n\n<div class=\"link-template-default card mb-2\">\n    <div class=\"card-body\">\n        <div class=\"media\">\n            <div class=\"mr-3 img-48\"><img decoding=\"async\" class=\"wpdm_icon\" alt=\"\u00edcone\" src=\"https:\/\/pos-graduacao.uepb.edu.br\/ppgca\/wp-content\/plugins\/download-manager\/assets\/file-type-icons\/doc.svg\" \/><\/div>\n            <div class=\"media-body\">\n                <h3 class=\"package-title\"><a href='https:\/\/pos-graduacao.uepb.edu.br\/ppgca\/download\/relatorio-de-estagio-de-docencia\/'>Relat\u00f3rio de est\u00e1gio doc\u00eancia<\/a><\/h3>\n                <div class=\"text-muted text-small\"><i class=\"fas fa-copy\"><\/i> 1  arquivo(s) <i class=\"fas fa-hdd ml-3\"><\/i> 59.50 KB<\/div>\n            <\/div>\n            <div class=\"ml-3\">\n                <a class='wpdm-download-link download-on-click btn btn-primary ' rel='nofollow' href='#' data-downloadurl=\"https:\/\/pos-graduacao.uepb.edu.br\/ppgca\/download\/relatorio-de-estagio-de-docencia\/?wpdmdl=2030&refresh=69f24777327421777485687\">Download<\/a>\n            <\/div>\n        <\/div>\n    <\/div>\n<\/div>\n\n<\/div><div class='col-lg-12 col-md-6 col-12'><!-- WPDM Link Template: Default Template -->\n\n<div class=\"link-template-default card mb-2\">\n    <div class=\"card-body\">\n        <div class=\"media\">\n            <div class=\"mr-3 img-48\"><img decoding=\"async\" class=\"wpdm_icon\" alt=\"\u00edcone\" src=\"https:\/\/pos-graduacao.uepb.edu.br\/ppgca\/wp-content\/plugins\/download-manager\/assets\/file-type-icons\/doc.svg\" \/><\/div>\n            <div class=\"media-body\">\n                <h3 class=\"package-title\"><a href='https:\/\/pos-graduacao.uepb.edu.br\/ppgca\/download\/plano-de-atividades-estagio-docencia\/'>Plano de atividades do est\u00e1gio doc\u00eancia<\/a><\/h3>\n                <div class=\"text-muted text-small\"><i class=\"fas fa-copy\"><\/i> 1  arquivo(s) <i class=\"fas fa-hdd ml-3\"><\/i> 77.00 KB<\/div>\n            <\/div>\n            <div class=\"ml-3\">\n                <a class='wpdm-download-link download-on-click btn btn-primary ' rel='nofollow' href='#' data-downloadurl=\"https:\/\/pos-graduacao.uepb.edu.br\/ppgca\/download\/plano-de-atividades-estagio-docencia\/?wpdmdl=2029&refresh=69f24777387be1777485687\">Download<\/a>\n            <\/div>\n        <\/div>\n    <\/div>\n<\/div>\n\n<\/div><div class='col-lg-12 col-md-6 col-12'><!-- WPDM Link Template: Default Template -->\n\n<div class=\"link-template-default card mb-2\">\n    <div class=\"card-body\">\n        <div class=\"media\">\n            <div class=\"mr-3 img-48\"><img decoding=\"async\" class=\"wpdm_icon\" alt=\"\u00edcone\" src=\"https:\/\/pos-graduacao.uepb.edu.br\/ppgca\/wp-content\/plugins\/download-manager\/assets\/file-type-icons\/doc.svg\" \/><\/div>\n            <div class=\"media-body\">\n                <h3 class=\"package-title\"><a href='https:\/\/pos-graduacao.uepb.edu.br\/ppgca\/download\/requerimento-para-estagio-docencia\/'>Requerimento para realiza\u00e7\u00e3o de est\u00e1gio doc\u00eancia<\/a><\/h3>\n                <div class=\"text-muted text-small\"><i class=\"fas fa-copy\"><\/i> 1  arquivo(s) <i class=\"fas fa-hdd ml-3\"><\/i> 59.50 KB<\/div>\n            <\/div>\n            <div class=\"ml-3\">\n                <a class='wpdm-download-link download-on-click btn btn-primary ' rel='nofollow' href='#' data-downloadurl=\"https:\/\/pos-graduacao.uepb.edu.br\/ppgca\/download\/requerimento-para-estagio-docencia\/?wpdmdl=2028&refresh=69f247773940b1777485687\">Download<\/a>\n            <\/div>\n        <\/div>\n    <\/div>\n<\/div>\n\n<\/div><\/div>            <div style='clear:both'><\/div><div class='text-center'><ul class='pagination wpdm-pagination pagination-centered text-center'><\/ul><\/div><div style='clear:both'><\/div>        <\/div>\n\n        <div style='clear:both'><\/div>\n    <\/div>\n<\/div>\n\n<p>&nbsp;<\/p>\n<p>[\/vc_column_text][\/vc_column][\/vc_row]<\/p>\n<\/div>","protected":false},"excerpt":{"rendered":"<p>[vc_row][vc_column][vc_column_text]Todos os alunos matriculados do Programa realizar\u00e3o seu Est\u00e1gio Doc\u00eancia em disciplinas oferecidas pelos cursos de Gradua\u00e7\u00e3o em \u00e1reas afins do Programa. Diretrizes regimentais: O Est\u00e1gio Doc\u00eancia dever\u00e1 ser acompanhado e avaliado, preferencialmente, pelo Orientador do aluno. O aluno dever\u00e1 realizar o Est\u00e1gio Doc\u00eancia em per\u00edodo a ser combinado com seu Orientador. No final do <a class=\"leiamais\" href=\"https:\/\/pos-graduacao.uepb.edu.br\/ppgca\/estagio-docencia\/\">Leia Mais&#8230;<\/a><\/p>\n","protected":false},"author":19,"featured_media":0,"parent":0,"menu_order":0,"comment_status":"closed","ping_status":"closed","template":"","meta":{"footnotes":""},"class_list":["post-1246","page","type-page","status-publish","hentry"],"_links":{"self":[{"href":"https:\/\/pos-graduacao.uepb.edu.br\/ppgca\/wp-json\/wp\/v2\/pages\/1246","targetHints":{"allow":["GET"]}}],"collection":[{"href":"https:\/\/pos-graduacao.uepb.edu.br\/ppgca\/wp-json\/wp\/v2\/pages"}],"about":[{"href":"https:\/\/pos-graduacao.uepb.edu.br\/ppgca\/wp-json\/wp\/v2\/types\/page"}],"author":[{"embeddable":true,"href":"https:\/\/pos-graduacao.uepb.edu.br\/ppgca\/wp-json\/wp\/v2\/users\/19"}],"replies":[{"embeddable":true,"href":"https:\/\/pos-graduacao.uepb.edu.br\/ppgca\/wp-json\/wp\/v2\/comments?post=1246"}],"version-history":[{"count":7,"href":"https:\/\/pos-graduacao.uepb.edu.br\/ppgca\/wp-json\/wp\/v2\/pages\/1246\/revisions"}],"predecessor-version":[{"id":2266,"href":"https:\/\/pos-graduacao.uepb.edu.br\/ppgca\/wp-json\/wp\/v2\/pages\/1246\/revisions\/2266"}],"wp:attachment":[{"href":"https:\/\/pos-graduacao.uepb.edu.br\/ppgca\/wp-json\/wp\/v2\/media?parent=1246"}],"curies":[{"name":"wp","href":"https:\/\/api.w.org\/{rel}","templated":true}]}}