{"id":41,"date":"2015-11-12T13:59:37","date_gmt":"2015-11-12T13:59:37","guid":{"rendered":"https:\/\/pos-graduacao.uepb.edu.br\/pgfile\/?page_id=41"},"modified":"2015-11-12T14:07:34","modified_gmt":"2015-11-12T14:07:34","slug":"corpo-docente","status":"publish","type":"page","link":"https:\/\/pos-graduacao.uepb.edu.br\/pgfile\/corpo-docente\/","title":{"rendered":"Corpo Docente"},"content":{"rendered":"<ul>\n<li>Prof. Dr. Ant\u00f4nio Carlos de Melo Magalh\u00e3es<\/li>\n<li>Prof. Dr. Jos\u00e9 Arlindo de Aguiar Filho<\/li>\n<li>Prof. Dr. Jos\u00e9 Nilton Conserva de Arruda<\/li>\n<li>Prof. Dr. J\u00falio C\u00e9sar Kestering<\/li>\n<li>Prof\u00aa. Dr\u00aa. Maria Simone Marinho Nogueira<\/li>\n<li>Prof. Dr. Reginaldo Oliveira Silva<\/li>\n<li>Prof\u00aa. Dr\u00aa. Vagda Gutemberg Gon\u00e7alves Rocha<\/li>\n<li>Prof. Dr. Valmir Pereira<\/li>\n<\/ul>\n","protected":false},"excerpt":{"rendered":"<p>Prof. Dr. Ant\u00f4nio Carlos de Melo Magalh\u00e3es Prof. Dr. Jos\u00e9 Arlindo de Aguiar Filho Prof. Dr. Jos\u00e9 Nilton Conserva de Arruda Prof. Dr. J\u00falio C\u00e9sar Kestering Prof\u00aa. Dr\u00aa. Maria Simone Marinho Nogueira Prof. Dr. Reginaldo Oliveira Silva Prof\u00aa. Dr\u00aa. Vagda Gutemberg Gon\u00e7alves Rocha Prof. Dr. Valmir Pereira<\/p>\n","protected":false},"author":1,"featured_media":0,"parent":0,"menu_order":0,"comment_status":"closed","ping_status":"closed","template":"","meta":{"footnotes":""},"class_list":["post-41","page","type-page","status-publish","hentry"],"_links":{"self":[{"href":"https:\/\/pos-graduacao.uepb.edu.br\/pgfile\/wp-json\/wp\/v2\/pages\/41","targetHints":{"allow":["GET"]}}],"collection":[{"href":"https:\/\/pos-graduacao.uepb.edu.br\/pgfile\/wp-json\/wp\/v2\/pages"}],"about":[{"href":"https:\/\/pos-graduacao.uepb.edu.br\/pgfile\/wp-json\/wp\/v2\/types\/page"}],"author":[{"embeddable":true,"href":"https:\/\/pos-graduacao.uepb.edu.br\/pgfile\/wp-json\/wp\/v2\/users\/1"}],"replies":[{"embeddable":true,"href":"https:\/\/pos-graduacao.uepb.edu.br\/pgfile\/wp-json\/wp\/v2\/comments?post=41"}],"version-history":[{"count":1,"href":"https:\/\/pos-graduacao.uepb.edu.br\/pgfile\/wp-json\/wp\/v2\/pages\/41\/revisions"}],"predecessor-version":[{"id":42,"href":"https:\/\/pos-graduacao.uepb.edu.br\/pgfile\/wp-json\/wp\/v2\/pages\/41\/revisions\/42"}],"wp:attachment":[{"href":"https:\/\/pos-graduacao.uepb.edu.br\/pgfile\/wp-json\/wp\/v2\/media?parent=41"}],"curies":[{"name":"wp","href":"https:\/\/api.w.org\/{rel}","templated":true}]}}