{"id":39,"date":"2015-11-12T13:54:13","date_gmt":"2015-11-12T13:54:13","guid":{"rendered":"https:\/\/pos-graduacao.uepb.edu.br\/pgfile\/?page_id=39"},"modified":"2015-11-12T13:57:51","modified_gmt":"2015-11-12T13:57:51","slug":"disciplinas","status":"publish","type":"page","link":"https:\/\/pos-graduacao.uepb.edu.br\/pgfile\/disciplinas\/","title":{"rendered":"Disciplinas"},"content":{"rendered":"<ul>\n<li>Fundamentos Filos\u00f3ficos e \u00c9ticos em Educa\u00e7\u00e3o<\/li>\n<li>Metodologia Cient\u00edfica<\/li>\n<li>Filosofia da Educa\u00e7\u00e3o<\/li>\n<li>Educa\u00e7\u00e3o e Hermen\u00eautica<\/li>\n<li>Hist\u00f3ria das Ideias Pedag\u00f3gicas<\/li>\n<li>Antropologia Filos\u00f3fica e Educa\u00e7\u00e3o.<\/li>\n<li>Educa\u00e7\u00e3o e Teoria Cr\u00edtica<\/li>\n<li>Filosofia e Pol\u00edticas P\u00fablicas Educacionais<\/li>\n<li>Vanguardas Filos\u00f3ficas e Educacionais<\/li>\n<\/ul>\n","protected":false},"excerpt":{"rendered":"<p>Fundamentos Filos\u00f3ficos e \u00c9ticos em Educa\u00e7\u00e3o Metodologia Cient\u00edfica Filosofia da Educa\u00e7\u00e3o Educa\u00e7\u00e3o e Hermen\u00eautica Hist\u00f3ria das Ideias Pedag\u00f3gicas Antropologia Filos\u00f3fica e Educa\u00e7\u00e3o. Educa\u00e7\u00e3o e Teoria Cr\u00edtica Filosofia e Pol\u00edticas P\u00fablicas Educacionais Vanguardas Filos\u00f3ficas e Educacionais<\/p>\n","protected":false},"author":1,"featured_media":0,"parent":0,"menu_order":0,"comment_status":"closed","ping_status":"closed","template":"","meta":{"footnotes":""},"class_list":["post-39","page","type-page","status-publish","hentry"],"_links":{"self":[{"href":"https:\/\/pos-graduacao.uepb.edu.br\/pgfile\/wp-json\/wp\/v2\/pages\/39","targetHints":{"allow":["GET"]}}],"collection":[{"href":"https:\/\/pos-graduacao.uepb.edu.br\/pgfile\/wp-json\/wp\/v2\/pages"}],"about":[{"href":"https:\/\/pos-graduacao.uepb.edu.br\/pgfile\/wp-json\/wp\/v2\/types\/page"}],"author":[{"embeddable":true,"href":"https:\/\/pos-graduacao.uepb.edu.br\/pgfile\/wp-json\/wp\/v2\/users\/1"}],"replies":[{"embeddable":true,"href":"https:\/\/pos-graduacao.uepb.edu.br\/pgfile\/wp-json\/wp\/v2\/comments?post=39"}],"version-history":[{"count":1,"href":"https:\/\/pos-graduacao.uepb.edu.br\/pgfile\/wp-json\/wp\/v2\/pages\/39\/revisions"}],"predecessor-version":[{"id":40,"href":"https:\/\/pos-graduacao.uepb.edu.br\/pgfile\/wp-json\/wp\/v2\/pages\/39\/revisions\/40"}],"wp:attachment":[{"href":"https:\/\/pos-graduacao.uepb.edu.br\/pgfile\/wp-json\/wp\/v2\/media?parent=39"}],"curies":[{"name":"wp","href":"https:\/\/api.w.org\/{rel}","templated":true}]}}