{"id":37,"date":"2015-11-12T13:53:11","date_gmt":"2015-11-12T13:53:11","guid":{"rendered":"https:\/\/pos-graduacao.uepb.edu.br\/pgfile\/?page_id=37"},"modified":"2015-11-12T13:53:11","modified_gmt":"2015-11-12T13:53:11","slug":"frequencia-e-avaliacao","status":"publish","type":"page","link":"https:\/\/pos-graduacao.uepb.edu.br\/pgfile\/frequencia-e-avaliacao\/","title":{"rendered":"Frequ\u00eancia e Avalia\u00e7\u00e3o"},"content":{"rendered":"<p>A frequ\u00eancia m\u00ednima em cada disciplina dever\u00e1 ser de 75%, sendo controlada por meio de listas de presen\u00e7a. A crit\u00e9rio do professor respons\u00e1vel pela disciplina, al\u00e9m das avalia\u00e7\u00f5es processuais, ser\u00e1 solicitado uma avalia\u00e7\u00e3o escrita (prova) ou um trabalho elaborado fora do hor\u00e1rio regular. \u00c9 considerado aprovado na disciplina o aluno\/a que obtiver nota m\u00ednima de 7,0 (sete) O aluno\/a reprovado\/a em uma disciplina do Curso ficar\u00e1 impedido de apresentar o trabalho de conclus\u00e3o de Curso.<\/p>\n","protected":false},"excerpt":{"rendered":"<p>A frequ\u00eancia m\u00ednima em cada disciplina dever\u00e1 ser de 75%, sendo controlada por meio de listas de presen\u00e7a. A crit\u00e9rio do professor respons\u00e1vel pela disciplina, al\u00e9m das avalia\u00e7\u00f5es processuais, ser\u00e1 solicitado uma avalia\u00e7\u00e3o escrita (prova) ou um trabalho elaborado fora do hor\u00e1rio regular. \u00c9 considerado aprovado na disciplina o aluno\/a que obtiver nota m\u00ednima de <a class=\"leiamais\" href=\"https:\/\/pos-graduacao.uepb.edu.br\/pgfile\/frequencia-e-avaliacao\/\">Leia Mais&#8230;<\/a><\/p>\n","protected":false},"author":1,"featured_media":0,"parent":0,"menu_order":0,"comment_status":"closed","ping_status":"closed","template":"","meta":{"footnotes":""},"class_list":["post-37","page","type-page","status-publish","hentry"],"_links":{"self":[{"href":"https:\/\/pos-graduacao.uepb.edu.br\/pgfile\/wp-json\/wp\/v2\/pages\/37","targetHints":{"allow":["GET"]}}],"collection":[{"href":"https:\/\/pos-graduacao.uepb.edu.br\/pgfile\/wp-json\/wp\/v2\/pages"}],"about":[{"href":"https:\/\/pos-graduacao.uepb.edu.br\/pgfile\/wp-json\/wp\/v2\/types\/page"}],"author":[{"embeddable":true,"href":"https:\/\/pos-graduacao.uepb.edu.br\/pgfile\/wp-json\/wp\/v2\/users\/1"}],"replies":[{"embeddable":true,"href":"https:\/\/pos-graduacao.uepb.edu.br\/pgfile\/wp-json\/wp\/v2\/comments?post=37"}],"version-history":[{"count":1,"href":"https:\/\/pos-graduacao.uepb.edu.br\/pgfile\/wp-json\/wp\/v2\/pages\/37\/revisions"}],"predecessor-version":[{"id":38,"href":"https:\/\/pos-graduacao.uepb.edu.br\/pgfile\/wp-json\/wp\/v2\/pages\/37\/revisions\/38"}],"wp:attachment":[{"href":"https:\/\/pos-graduacao.uepb.edu.br\/pgfile\/wp-json\/wp\/v2\/media?parent=37"}],"curies":[{"name":"wp","href":"https:\/\/api.w.org\/{rel}","templated":true}]}}