{"id":35,"date":"2015-11-12T13:45:33","date_gmt":"2015-11-12T13:45:33","guid":{"rendered":"https:\/\/pos-graduacao.uepb.edu.br\/pgfile\/?page_id=35"},"modified":"2015-11-12T13:45:33","modified_gmt":"2015-11-12T13:45:33","slug":"metodologia","status":"publish","type":"page","link":"https:\/\/pos-graduacao.uepb.edu.br\/pgfile\/metodologia\/","title":{"rendered":"Metodologia"},"content":{"rendered":"<p>De car\u00e1ter te\u00f3rico, as aulas ser\u00e3o expositivas e dialogadas e contemplar\u00e3o atividades como semin\u00e1rios, an\u00e1lises de textos, elabora\u00e7\u00e3o de relatos de experi\u00eancia, entre outros trabalhos executados dentro e fora da sala de aula.<\/p>\n","protected":false},"excerpt":{"rendered":"<p>De car\u00e1ter te\u00f3rico, as aulas ser\u00e3o expositivas e dialogadas e contemplar\u00e3o atividades como semin\u00e1rios, an\u00e1lises de textos, elabora\u00e7\u00e3o de relatos de experi\u00eancia, entre outros trabalhos executados dentro e fora da sala de aula.<\/p>\n","protected":false},"author":1,"featured_media":0,"parent":0,"menu_order":0,"comment_status":"closed","ping_status":"closed","template":"","meta":{"footnotes":""},"class_list":["post-35","page","type-page","status-publish","hentry"],"_links":{"self":[{"href":"https:\/\/pos-graduacao.uepb.edu.br\/pgfile\/wp-json\/wp\/v2\/pages\/35","targetHints":{"allow":["GET"]}}],"collection":[{"href":"https:\/\/pos-graduacao.uepb.edu.br\/pgfile\/wp-json\/wp\/v2\/pages"}],"about":[{"href":"https:\/\/pos-graduacao.uepb.edu.br\/pgfile\/wp-json\/wp\/v2\/types\/page"}],"author":[{"embeddable":true,"href":"https:\/\/pos-graduacao.uepb.edu.br\/pgfile\/wp-json\/wp\/v2\/users\/1"}],"replies":[{"embeddable":true,"href":"https:\/\/pos-graduacao.uepb.edu.br\/pgfile\/wp-json\/wp\/v2\/comments?post=35"}],"version-history":[{"count":1,"href":"https:\/\/pos-graduacao.uepb.edu.br\/pgfile\/wp-json\/wp\/v2\/pages\/35\/revisions"}],"predecessor-version":[{"id":36,"href":"https:\/\/pos-graduacao.uepb.edu.br\/pgfile\/wp-json\/wp\/v2\/pages\/35\/revisions\/36"}],"wp:attachment":[{"href":"https:\/\/pos-graduacao.uepb.edu.br\/pgfile\/wp-json\/wp\/v2\/media?parent=35"}],"curies":[{"name":"wp","href":"https:\/\/api.w.org\/{rel}","templated":true}]}}