{"id":33,"date":"2015-11-12T13:45:13","date_gmt":"2015-11-12T13:45:13","guid":{"rendered":"https:\/\/pos-graduacao.uepb.edu.br\/pgfile\/?page_id=33"},"modified":"2015-11-12T13:45:13","modified_gmt":"2015-11-12T13:45:13","slug":"avaliacao","status":"publish","type":"page","link":"https:\/\/pos-graduacao.uepb.edu.br\/pgfile\/avaliacao\/","title":{"rendered":"Avalia\u00e7\u00e3o"},"content":{"rendered":"<p>O curso ser\u00e1 desenvolvido utilizando-se variados procedimentos metodol\u00f3gicos como leitura e an\u00e1lise de textos filos\u00f3ficos e educacionais, semin\u00e1rios tem\u00e1ticos, debates de textos, trabalhos em pequenos grupos, uso de ambiente virtual (se poss\u00edvel), exposi\u00e7\u00f5es de especialistas e outras estrat\u00e9gias did\u00e1ticas a serem definidas a partir de interesses e possibilidades do grupo, como provas ou Trabalhos finalizando as disciplinas. (A crit\u00e9rio do professor).<\/p>\n","protected":false},"excerpt":{"rendered":"<p>O curso ser\u00e1 desenvolvido utilizando-se variados procedimentos metodol\u00f3gicos como leitura e an\u00e1lise de textos filos\u00f3ficos e educacionais, semin\u00e1rios tem\u00e1ticos, debates de textos, trabalhos em pequenos grupos, uso de ambiente virtual (se poss\u00edvel), exposi\u00e7\u00f5es de especialistas e outras estrat\u00e9gias did\u00e1ticas a serem definidas a partir de interesses e possibilidades do grupo, como provas ou Trabalhos finalizando <a class=\"leiamais\" href=\"https:\/\/pos-graduacao.uepb.edu.br\/pgfile\/avaliacao\/\">Leia Mais&#8230;<\/a><\/p>\n","protected":false},"author":1,"featured_media":0,"parent":0,"menu_order":0,"comment_status":"closed","ping_status":"closed","template":"","meta":{"footnotes":""},"class_list":["post-33","page","type-page","status-publish","hentry"],"_links":{"self":[{"href":"https:\/\/pos-graduacao.uepb.edu.br\/pgfile\/wp-json\/wp\/v2\/pages\/33","targetHints":{"allow":["GET"]}}],"collection":[{"href":"https:\/\/pos-graduacao.uepb.edu.br\/pgfile\/wp-json\/wp\/v2\/pages"}],"about":[{"href":"https:\/\/pos-graduacao.uepb.edu.br\/pgfile\/wp-json\/wp\/v2\/types\/page"}],"author":[{"embeddable":true,"href":"https:\/\/pos-graduacao.uepb.edu.br\/pgfile\/wp-json\/wp\/v2\/users\/1"}],"replies":[{"embeddable":true,"href":"https:\/\/pos-graduacao.uepb.edu.br\/pgfile\/wp-json\/wp\/v2\/comments?post=33"}],"version-history":[{"count":1,"href":"https:\/\/pos-graduacao.uepb.edu.br\/pgfile\/wp-json\/wp\/v2\/pages\/33\/revisions"}],"predecessor-version":[{"id":34,"href":"https:\/\/pos-graduacao.uepb.edu.br\/pgfile\/wp-json\/wp\/v2\/pages\/33\/revisions\/34"}],"wp:attachment":[{"href":"https:\/\/pos-graduacao.uepb.edu.br\/pgfile\/wp-json\/wp\/v2\/media?parent=33"}],"curies":[{"name":"wp","href":"https:\/\/api.w.org\/{rel}","templated":true}]}}