{"id":19,"date":"2015-11-12T13:32:55","date_gmt":"2015-11-12T13:32:55","guid":{"rendered":"https:\/\/pos-graduacao.uepb.edu.br\/pgfile\/?page_id=19"},"modified":"2015-11-12T13:32:55","modified_gmt":"2015-11-12T13:32:55","slug":"objetivos","status":"publish","type":"page","link":"https:\/\/pos-graduacao.uepb.edu.br\/pgfile\/objetivos\/","title":{"rendered":"Objetivos"},"content":{"rendered":"<p><strong>Objetivo Geral<\/strong><\/p>\n<p>Capacitar em n\u00edvel de p\u00f3s-gradua\u00e7\u00e3o Lato Sensu, professores de filosofia e de \u00e1reas afins no ensino fundamental, m\u00e9dio e de gradua\u00e7\u00e3o.<\/p>\n<p><strong>Objetivos Espec\u00edficos<\/strong>:<\/p>\n<ul>\n<li>Aprofundar o conhecimento sobre o tema da educa\u00e7\u00e3o na tradi\u00e7\u00e3o filos\u00f3fica, recorrendo a autores e escolas paradigm\u00e1ticas sobre o tema;<\/li>\n<li>Dialogar com os grandes temas da educa\u00e7\u00e3o contempor\u00e2nea a partir de reflex\u00e3o filos\u00f3fica;<\/li>\n<li>Promover debates sobre a forma\u00e7\u00e3o de licenciatura em filosofia;<\/li>\n<li>Reunir pesquisas sobre filosofia da educa\u00e7\u00e3o;<\/li>\n<li>Trazer para o debate acad\u00eamico contempor\u00e2neo os fundamentos te\u00f3rico &#8211; filos\u00f3ficos sobre a rela\u00e7\u00e3o entre a teoria e a pr\u00e1tica no campo da educa\u00e7\u00e3o.<\/li>\n<\/ul>\n","protected":false},"excerpt":{"rendered":"<p>Objetivo Geral Capacitar em n\u00edvel de p\u00f3s-gradua\u00e7\u00e3o Lato Sensu, professores de filosofia e de \u00e1reas afins no ensino fundamental, m\u00e9dio e de gradua\u00e7\u00e3o. Objetivos Espec\u00edficos: Aprofundar o conhecimento sobre o tema da educa\u00e7\u00e3o na tradi\u00e7\u00e3o filos\u00f3fica, recorrendo a autores e escolas paradigm\u00e1ticas sobre o tema; Dialogar com os grandes temas da educa\u00e7\u00e3o contempor\u00e2nea a partir <a class=\"leiamais\" href=\"https:\/\/pos-graduacao.uepb.edu.br\/pgfile\/objetivos\/\">Leia Mais&#8230;<\/a><\/p>\n","protected":false},"author":1,"featured_media":0,"parent":0,"menu_order":0,"comment_status":"closed","ping_status":"closed","template":"","meta":{"footnotes":""},"class_list":["post-19","page","type-page","status-publish","hentry"],"_links":{"self":[{"href":"https:\/\/pos-graduacao.uepb.edu.br\/pgfile\/wp-json\/wp\/v2\/pages\/19","targetHints":{"allow":["GET"]}}],"collection":[{"href":"https:\/\/pos-graduacao.uepb.edu.br\/pgfile\/wp-json\/wp\/v2\/pages"}],"about":[{"href":"https:\/\/pos-graduacao.uepb.edu.br\/pgfile\/wp-json\/wp\/v2\/types\/page"}],"author":[{"embeddable":true,"href":"https:\/\/pos-graduacao.uepb.edu.br\/pgfile\/wp-json\/wp\/v2\/users\/1"}],"replies":[{"embeddable":true,"href":"https:\/\/pos-graduacao.uepb.edu.br\/pgfile\/wp-json\/wp\/v2\/comments?post=19"}],"version-history":[{"count":1,"href":"https:\/\/pos-graduacao.uepb.edu.br\/pgfile\/wp-json\/wp\/v2\/pages\/19\/revisions"}],"predecessor-version":[{"id":20,"href":"https:\/\/pos-graduacao.uepb.edu.br\/pgfile\/wp-json\/wp\/v2\/pages\/19\/revisions\/20"}],"wp:attachment":[{"href":"https:\/\/pos-graduacao.uepb.edu.br\/pgfile\/wp-json\/wp\/v2\/media?parent=19"}],"curies":[{"name":"wp","href":"https:\/\/api.w.org\/{rel}","templated":true}]}}