{"id":5,"date":"2022-07-13T09:40:46","date_gmt":"2022-07-13T12:40:46","guid":{"rendered":"https:\/\/pos-graduacao.uepb.edu.br\/ecgn\/?page_id=5"},"modified":"2024-06-12T15:05:38","modified_gmt":"2024-06-12T18:05:38","slug":"pagina-inicial","status":"publish","type":"page","link":"https:\/\/pos-graduacao.uepb.edu.br\/ecgn\/","title":{"rendered":"P\u00e1gina Inicial"},"content":{"rendered":"<div class=\"wpb-content-wrapper\"><p>[vc_row gap=&#8221;30&#8243; css=&#8221;.vc_custom_1718215397094{margin-top: 30px !important;margin-right: 10px !important;margin-left: 10px !important;}&#8221;][vc_column width=&#8221;2\/3&#8243;][vc_text_separator title=&#8221;Quem Somos?&#8221; i_icon_fontawesome=&#8221;fas fa-angle-double-right&#8221; i_color=&#8221;custom&#8221; title_align=&#8221;separator_align_left&#8221; add_icon=&#8221;true&#8221; i_custom_color=&#8221;#cc0000&#8243;][vc_column_text]O Curso de Especializa\u00e7\u00e3o em Contabilidade e Gest\u00e3o de Neg\u00f3cios do Centro de<br \/>\nCi\u00eancias Sociais Aplicadas da Universidade Estadual da Para\u00edba (ECGN-CCSA\/UEPB) compreende o curso lato sensu vinculado aos departamentos de Administra\u00e7\u00e3o e Economia e de Contabilidade, sob forma de Especializa\u00e7\u00f5es, cujas diretrizes est\u00e3o de acordo com o Estatuto e o Regimento da P\u00f3s-gradua\u00e7\u00e3o da UEPB.[\/vc_column_text][\/vc_column][vc_column width=&#8221;1\/3&#8243;][vc_text_separator title=&#8221;Contato&#8221; i_icon_fontawesome=&#8221;fas fa-angle-double-right&#8221; i_color=&#8221;custom&#8221; title_align=&#8221;separator_align_left&#8221; add_icon=&#8221;true&#8221; i_custom_color=&#8221;#cc0000&#8243;][vc_column_text]<strong>Whatsapp<\/strong>: 83 3344-5309<br \/>\nespecializacao.cgn@setor.uepb.edu.br[\/vc_column_text][\/vc_column][\/vc_row][vc_row css=&#8221;.vc_custom_1718215030661{margin-right: 10px !important;margin-left: 10px !important;}&#8221;][vc_column][vc_text_separator title=&#8221;Not\u00edcias&#8221; i_icon_fontawesome=&#8221;fas fa-angle-double-right&#8221; i_color=&#8221;custom&#8221; title_align=&#8221;separator_align_left&#8221; add_icon=&#8221;true&#8221; i_custom_color=&#8221;#cc0000&#8243;]<div class=\"mdl-grid\"><div class=\"mdl-cell--4-col mdl-cell--6-col-tablet mdl-cell--12-col-phone bloco-noticias\"><div class=\"titulo-noticia-widget\"><a href=\"https:\/\/pos-graduacao.uepb.edu.br\/ecgn\/2022\/06\/15\/especializacao-em-contabilidade-e-gestao-de-negocios-abre-selecao-com-40-vagas-para-turma-pioneira\/\"><h3 class=\"titulo-destaque-noticia\">Especializa\u00e7\u00e3o em Contabilidade e Gest\u00e3o de Neg\u00f3cios abre sele\u00e7\u00e3o com 40 vagas para turma pioneira<\/h3><\/a><\/div><\/div><div class=\"mdl-cell--4-col mdl-cell--6-col-tablet mdl-cell--12-col-phone bloco-noticias\"><div class=\"titulo-noticia-widget\"><a href=\"https:\/\/pos-graduacao.uepb.edu.br\/ecgn\/2021\/12\/22\/consuni-aprova-de-criacao-de-novo-curso-de-especializacao-e-proposta-de-abertura-de-vagas-para-professor-visitante\/\"><h3 class=\"titulo-destaque-noticia\">Consuni aprova de cria\u00e7\u00e3o de novo curso de Especializa\u00e7\u00e3o e proposta de abertura de vagas para professor visitante<\/h3><\/a><\/div><\/div><div class=\"mdl-cell--4-col mdl-cell--6-col-tablet mdl-cell--12-col-phone bloco-noticias\"><div class=\"titulo-noticia-widget\"><a href=\"https:\/\/pos-graduacao.uepb.edu.br\/ecgn\/2021\/12\/13\/universidade-estadual-ganha-novas-especializacoes-e-aprovacao-em-procedimentos-de-heteroidentificacao\/\"><h3 class=\"titulo-destaque-noticia\">Universidade Estadual ganha novas especializa\u00e7\u00f5es e aprova\u00e7\u00e3o em procedimentos de heteroidentifica\u00e7\u00e3o<\/h3><\/a><\/div><\/div><\/div>[vc_text_separator title=&#8221;Traduza esta p\u00e1gina&#8221; i_icon_fontawesome=&#8221;fas fa-angle-double-right&#8221; i_color=&#8221;custom&#8221; title_align=&#8221;separator_align_left&#8221; add_icon=&#8221;true&#8221; i_custom_color=&#8221;#cc0000&#8243; css=&#8221;.vc_custom_1718215208884{margin-top: 30px !important;}&#8221;][vc_column_text css=&#8221;.vc_custom_1718215312940{margin-bottom: 30px !important;margin-left: 15px !important;}&#8221;]<div class=\"gtranslate_wrapper\" id=\"gt-wrapper-80405719\"><\/div>[\/vc_column_text][\/vc_column][\/vc_row]<\/p>\n<\/div>","protected":false},"excerpt":{"rendered":"<p>[vc_row gap=&#8221;30&#8243; css=&#8221;.vc_custom_1718215397094{margin-top: 30px !important;margin-right: 10px !important;margin-left: 10px !important;}&#8221;][vc_column width=&#8221;2\/3&#8243;][vc_text_separator title=&#8221;Quem Somos?&#8221; i_icon_fontawesome=&#8221;fas fa-angle-double-right&#8221; i_color=&#8221;custom&#8221; title_align=&#8221;separator_align_left&#8221; add_icon=&#8221;true&#8221; i_custom_color=&#8221;#cc0000&#8243;][vc_column_text]O Curso de Especializa\u00e7\u00e3o em Contabilidade e Gest\u00e3o de Neg\u00f3cios do Centro de Ci\u00eancias Sociais Aplicadas da Universidade Estadual da Para\u00edba (ECGN-CCSA\/UEPB) compreende o curso lato sensu vinculado aos departamentos de Administra\u00e7\u00e3o e Economia e de Contabilidade, sob <a class=\"leiamais\" href=\"https:\/\/pos-graduacao.uepb.edu.br\/ecgn\/\">Leia Mais&#8230;<\/a><\/p>\n","protected":false},"author":5,"featured_media":17,"parent":0,"menu_order":0,"comment_status":"closed","ping_status":"closed","template":"","meta":{"footnotes":""},"class_list":["post-5","page","type-page","status-publish","has-post-thumbnail","hentry"],"_links":{"self":[{"href":"https:\/\/pos-graduacao.uepb.edu.br\/ecgn\/wp-json\/wp\/v2\/pages\/5","targetHints":{"allow":["GET"]}}],"collection":[{"href":"https:\/\/pos-graduacao.uepb.edu.br\/ecgn\/wp-json\/wp\/v2\/pages"}],"about":[{"href":"https:\/\/pos-graduacao.uepb.edu.br\/ecgn\/wp-json\/wp\/v2\/types\/page"}],"author":[{"embeddable":true,"href":"https:\/\/pos-graduacao.uepb.edu.br\/ecgn\/wp-json\/wp\/v2\/users\/5"}],"replies":[{"embeddable":true,"href":"https:\/\/pos-graduacao.uepb.edu.br\/ecgn\/wp-json\/wp\/v2\/comments?post=5"}],"version-history":[{"count":16,"href":"https:\/\/pos-graduacao.uepb.edu.br\/ecgn\/wp-json\/wp\/v2\/pages\/5\/revisions"}],"predecessor-version":[{"id":63,"href":"https:\/\/pos-graduacao.uepb.edu.br\/ecgn\/wp-json\/wp\/v2\/pages\/5\/revisions\/63"}],"wp:featuredmedia":[{"embeddable":true,"href":"https:\/\/pos-graduacao.uepb.edu.br\/ecgn\/wp-json\/wp\/v2\/media\/17"}],"wp:attachment":[{"href":"https:\/\/pos-graduacao.uepb.edu.br\/ecgn\/wp-json\/wp\/v2\/media?parent=5"}],"curies":[{"name":"wp","href":"https:\/\/api.w.org\/{rel}","templated":true}]}}