{"id":18,"date":"2022-07-13T10:03:29","date_gmt":"2022-07-13T13:03:29","guid":{"rendered":"https:\/\/pos-graduacao.uepb.edu.br\/ecgn\/?page_id=18"},"modified":"2022-07-13T10:04:23","modified_gmt":"2022-07-13T13:04:23","slug":"objetivos-do-curso","status":"publish","type":"page","link":"https:\/\/pos-graduacao.uepb.edu.br\/ecgn\/objetivos-do-curso\/","title":{"rendered":"Objetivos do Curso"},"content":{"rendered":"<div class=\"wpb-content-wrapper\"><p>[vc_row][vc_column][vc_column_text]<\/p>\n<ul>\n<li>Qualificar profissionais, de contabilidade, administra\u00e7\u00e3o e \u00e0reas afins, nas diversas \u00e1reas do saber cont\u00e1bil e de gest\u00e3o de neg\u00f3cios, objetivando a atualiza\u00e7\u00e3o com vistas a uma melhor inser\u00e7\u00e3o no mercado de trabalho;<\/li>\n<li>favorecer a capacita\u00e7\u00e3o t\u00e9cnico-profissional em \u00e1reas emergentes e altamente especializadas do conhecimento dos campos da administra\u00e7\u00e3o de empresas e contabilidade.<\/li>\n<\/ul>\n<p><strong>Para quem o Curso \u00e9 destinado?<\/strong><\/p>\n<p>O Curso de Especializa\u00e7\u00e3o ser\u00e1 aberto a candidatos graduados em n\u00edvel superior (Administra\u00e7\u00e3o, Contabilidade e \u00c0reas Afins), conforme determinado em edital de sele\u00e7\u00e3o e ter\u00e1 car\u00e1ter tempor\u00e1rio.[\/vc_column_text][\/vc_column][\/vc_row]<\/p>\n<\/div>","protected":false},"excerpt":{"rendered":"<p>[vc_row][vc_column][vc_column_text] Qualificar profissionais, de contabilidade, administra\u00e7\u00e3o e \u00e0reas afins, nas diversas \u00e1reas do saber cont\u00e1bil e de gest\u00e3o de neg\u00f3cios, objetivando a atualiza\u00e7\u00e3o com vistas a uma melhor inser\u00e7\u00e3o no mercado de trabalho; favorecer a capacita\u00e7\u00e3o t\u00e9cnico-profissional em \u00e1reas emergentes e altamente especializadas do conhecimento dos campos da administra\u00e7\u00e3o de empresas e contabilidade. Para quem <a class=\"leiamais\" href=\"https:\/\/pos-graduacao.uepb.edu.br\/ecgn\/objetivos-do-curso\/\">Leia Mais&#8230;<\/a><\/p>\n","protected":false},"author":5,"featured_media":0,"parent":0,"menu_order":0,"comment_status":"closed","ping_status":"closed","template":"","meta":{"footnotes":""},"class_list":["post-18","page","type-page","status-publish","hentry"],"_links":{"self":[{"href":"https:\/\/pos-graduacao.uepb.edu.br\/ecgn\/wp-json\/wp\/v2\/pages\/18","targetHints":{"allow":["GET"]}}],"collection":[{"href":"https:\/\/pos-graduacao.uepb.edu.br\/ecgn\/wp-json\/wp\/v2\/pages"}],"about":[{"href":"https:\/\/pos-graduacao.uepb.edu.br\/ecgn\/wp-json\/wp\/v2\/types\/page"}],"author":[{"embeddable":true,"href":"https:\/\/pos-graduacao.uepb.edu.br\/ecgn\/wp-json\/wp\/v2\/users\/5"}],"replies":[{"embeddable":true,"href":"https:\/\/pos-graduacao.uepb.edu.br\/ecgn\/wp-json\/wp\/v2\/comments?post=18"}],"version-history":[{"count":2,"href":"https:\/\/pos-graduacao.uepb.edu.br\/ecgn\/wp-json\/wp\/v2\/pages\/18\/revisions"}],"predecessor-version":[{"id":20,"href":"https:\/\/pos-graduacao.uepb.edu.br\/ecgn\/wp-json\/wp\/v2\/pages\/18\/revisions\/20"}],"wp:attachment":[{"href":"https:\/\/pos-graduacao.uepb.edu.br\/ecgn\/wp-json\/wp\/v2\/media?parent=18"}],"curies":[{"name":"wp","href":"https:\/\/api.w.org\/{rel}","templated":true}]}}